{"id":1277,"date":"2026-01-15T03:43:55","date_gmt":"2026-01-15T02:43:55","guid":{"rendered":"https:\/\/iyn9gqmzpf-staging.onrocket.site\/?page_id=1277"},"modified":"2026-02-02T15:49:52","modified_gmt":"2026-02-02T14:49:52","slug":"information-till-marknadsforsaljare","status":"publish","type":"page","link":"https:\/\/urkult.se\/en\/information-till-marknadsforsaljare\/","title":{"rendered":"Information till marknadsf\u00f6rs\u00e4ljare"},"content":{"rendered":"<h2 class=\"wp-block-heading has-text-align-center\" style=\"margin-top:var(--wp--preset--spacing--24);margin-bottom:var(--wp--preset--spacing--24);text-transform:uppercase\">Info till utst\u00e4llare p\u00e5 marknadsgatan<br>samt inne p\u00e5 festplatsen<\/h2>\n\n\n\n<h3 class=\"wp-block-heading has-text-align-center has-red-color has-text-color has-link-color wp-elements-9dd64a8bbecc9092f7b4c9ae9e345936\" style=\"padding-top:0px;text-transform:uppercase\">Ans\u00f6kningarna till marknaden \u00f6ppnar 1 februari<\/h3>\n\n\n\n<p class=\"has-text-align-center is-style-specialtext\" style=\"margin-bottom:var(--wp--preset--spacing--50)\"><em>&nbsp;(Observera att det finns en s\u00e4rskild&nbsp;<a href=\"https:\/\/docs.google.com\/forms\/d\/e\/1FAIpQLSfgXQp1NTx12Z3MNk23xs3kroDSnZaau4BI-j6eN2xPoFABoQ\/viewform\">intressanm\u00e4lan f\u00f6r matf\u00f6rs\u00e4ljare<\/a>)<\/em><br><\/p>\n\n\n\n<div class=\"wp-block-columns alignwide is-layout-flex wp-container-core-columns-is-layout-b5160bed wp-block-columns-is-layout-flex\" style=\"margin-bottom:var(--wp--preset--spacing--50)\">\n<div class=\"wp-block-column is-layout-flow wp-block-column-is-layout-flow\">\n<h3 class=\"wp-block-heading has-red-color has-text-color has-link-color wp-elements-7189f22242a08fcabe4341bdf382eb8a\"><strong>Regler och information<\/strong><\/h3>\n\n\n\n<p class=\"is-style-specialtext\"><strong>Vad roligt att du \u00e4r intresserad av att vara med!&nbsp;<\/strong>Urkults schyssta marknad syftar till att st\u00e4rka sm\u00e5 och h\u00f6gkvalitativa producenter, g\u00e4rna lokala. Som utst\u00e4llare p\u00e5 Urkults schyssta marknad representerar du Urkult. Det inneb\u00e4r ett stort ansvar f\u00f6r hur du och dem du har med dig uppf\u00f6r sig. K\u00e4rlek och respekt!<\/p>\n\n\n\n<p class=\"is-style-specialtext\"><strong>Vi har n\u00e5gra ambitioner som alla f\u00f6rs\u00e4ljare p\u00e5 v\u00e5r marknad m\u00e5ste leva upp till:<\/strong><\/p>\n\n\n\n<ul class=\"wp-block-list\">\n<li>Alla varor ska vara producerade p\u00e5 ett etiskt vis. Det inneb\u00e4r att du som f\u00f6rs\u00e4ljare har ett ansvar att ha koll p\u00e5 hur dina produkter eller materialet till ditt hantverk \u00e4r producerat, transporterat och hanterat.<\/li>\n\n\n\n<li>Alla livsmedel, hud- och h\u00e5rv\u00e5rdsprodukter ska vara ekologiska. Vi ser g\u00e4rna att \u00f6vriga produkter ocks\u00e5 \u00e4r det men det \u00e4r inget krav.&nbsp;<\/li>\n\n\n\n<li>Vi \u00e4lskar \u00e5terbruk och vill uppmana alla v\u00e5ra f\u00f6rs\u00e4ljare att t\u00e4nka efter om n\u00e5got i din produktion eller sortiment skulle kunna ers\u00e4ttas med n\u00e5got anv\u00e4nt ist\u00e4llet f\u00f6r att producera nya material hela tiden.<\/li>\n\n\n\n<li>Plast \u00e4r ett fantastiskt material d\u00e4r det verkligen beh\u00f6vs, men som utst\u00e4llare jobbar du f\u00f6r att minimera plast i ditt sortiment. Det beh\u00f6vs inte i p\u00e5sar, emballage, garn och textil osv.&nbsp;<\/li>\n\n\n\n<li>Ingen ska ha utnyttjats och inga lagar ska ha brutits f\u00f6r att du ska kunna st\u00e5 hos oss och s\u00e4lja. Material och produkter fr\u00e5n djur som \u00e4r utrotningshotade \u00e4r str\u00e4ngt f\u00f6rbjudet.&nbsp;<\/li>\n\n\n\n<li>Vi t\u00e4nker och tycker olika och det \u00e4r okej, men p\u00e5 Urkults schyssta marknad s\u00e4ljer vi inte saker som utan vetenskapligt bel\u00e4gg p\u00e5st\u00e5s bota sjukdomar\/\u201chj\u00e4lpa din kropp att bota sig sj\u00e4lv\u201d eller liknande. Det \u00e4r inte heller till\u00e5tet att g\u00f6ra reklam f\u00f6r denna typ av produkter.&nbsp;<\/li>\n\n\n\n<li>Alla former av pyramidspel\/multi-level marketing \u00e4r f\u00f6rbjudet oavsett vilken produkt det g\u00e4ller.<\/li>\n\n\n\n<li>Kristaller, stenar, etc. \u00e4r produkter d\u00e4r det finns en stor problematik kring etik, lagar och ursprung. \u00c4r du intresserad av att s\u00e4lja n\u00e5got s\u00e5dant s\u00e5 kr\u00e4ver vi att du har koll. Du beh\u00f6ver kontinuerligt, vid ink\u00f6p st\u00e4lla fr\u00e5gor kring produktens ursprung s\u00e5 du vet att den inte f\u00f6rv\u00e4rvats genom barnarbete, p\u00e5 olaglig mark&nbsp;<em>(t.ex. men inte uteslutande naturreservat och nationalparker)<\/em>&nbsp;eller exporterats\/importerats p\u00e5 ett olagligt s\u00e4tt.<\/li>\n\n\n\n<li>Om vi uppt\u00e4cker produkter som bryter mot v\u00e5ra regler eller inte f\u00f6ljer Urkults policy s\u00e5 f\u00f6rbeh\u00e5ller vi oss r\u00e4tten att be er plocka bort den fr\u00e5n f\u00f6rs\u00e4ljning.&nbsp;<\/li>\n\n\n\n<li>Vid upprepade eller grova \u00f6vertr\u00e4delser s\u00e5 kan eran plats anses f\u00f6rbrukad och st\u00e4llas till f\u00f6rfogande utan ekonomisk ers\u00e4ttning. Observera att detta inneb\u00e4r att Urkults marknadsansvariga har r\u00e4tt att under p\u00e5g\u00e5ende festival st\u00e4nga verksamheter som inte f\u00f6ljer reglerna.<\/li>\n<\/ul>\n<\/div>\n\n\n\n<div class=\"wp-block-column is-layout-flow wp-block-column-is-layout-flow\">\n<h3 class=\"wp-block-heading has-red-color has-text-color has-link-color wp-elements-32e1ba7de39b500bd4b82e17a623e8ae\"><strong>Praktisk information och regler<\/strong><\/h3>\n\n\n\n<p class=\"is-style-specialtext\"><strong>P\u00e5 Urkult finns tv\u00e5 olika omr\u00e5den att st\u00e4lla ut p\u00e5.<\/strong>&nbsp;V\u00e5r egen marknadsgata som g\u00e5r utanf\u00f6r entr\u00e9n eller i hantverksbodarna inne p\u00e5 festplatsen.&nbsp;Samtliga delar av marknaden ligger i ett skogslandskap s\u00e5 f\u00f6rv\u00e4nta dig inte en plan och asfalterad yta.<\/p>\n\n\n\n<p class=\"is-style-specialtext\">Vid stora regnm\u00e4ngder kan det bli problem med avrinning p\u00e5 delar av marknadsgatan, planera g\u00e4rna f\u00f6r detta s\u00e5 du har en strategi om det intr\u00e4ffar&nbsp;<em>(t.ex. kan du f\u00f6rvara ditt lager i vattent\u00e4ta beh\u00e5llare alternativt upph\u00f6jt fr\u00e5n marken)<\/em>.<\/p>\n\n\n\n<p class=\"is-style-citat has-black-color has-text-color has-link-color wp-elements-230828af3046e565e668e4eb32eb254c\"><strong>Vi har inga best\u00e4mda \u00f6ppettider f\u00f6r marknaden men vi f\u00f6rv\u00e4ntar oss f\u00f6ljande:<\/strong><\/p>\n\n\n\n<p>Din ans\u00f6kan \u00e4r bindande. Bekr\u00e4ftelse skickas till dig via mejl. Den betyder ocks\u00e5 att din ans\u00f6kan antagits och du har tilldelats en plats. Se till att marknaden@urkult.se \u00e4r bland dina s\u00e4kra adresser s\u00e5 att v\u00e5ra mejl inte hamnar i din skr\u00e4ppost.\u00e4r.<\/p>\n\n\n\n<p>F\u00f6r att undvika kaos s\u00e5 vill vi att alla utst\u00e4llare \u00e4r p\u00e5 plats senast kl 23.55 p\u00e5 onsdagen. Det g\u00e5r allts\u00e5 inte l\u00e4ngre att dyka upp under torsdagen. Det g\u00e5r s\u00e5klart bra att komma tidigare p\u00e5 veckan och b\u00f6rja sin f\u00f6rs\u00e4ljning. T\u00e4nk p\u00e5 att meddela oss vilken dag du kommer.<\/p>\n\n\n\n<p>F\u00f6r att kunna k\u00f6ra in p\u00e5 marknadsomr\u00e5det under onsdag till l\u00f6rdag kr\u00e4vs tillst\u00e5nd. F\u00f6r att f\u00e5 det m\u00e5ste du meddela marknadsansvarig ankomstdag och registreringsnummer p\u00e5 den\/de bilar som ska passera bommen. (Notera att detta tillst\u00e5nd enbart g\u00e4ller vid ankomst, man f\u00e5r allts\u00e5 inte k\u00f6ra in och ut flera g\u00e5nger under festivalen utan s\u00e4rskilt godk\u00e4nnande fr\u00e5n marknadsansvarig.)<\/p>\n\n\n\n<p>Inne p\u00e5 festivalomr\u00e5det f\u00e5r man inte parkera sin bil, n\u00e5gonsin. Man f\u00e5r med s\u00e4rskilt tillst\u00e5nd k\u00f6ra in och lasta av vid ankomst f\u00f6r att sedan direkt efter avlastning k\u00f6ra ut igen. Under avlastning f\u00e5r din bil inte placeras s\u00e5 den \u00e4r i v\u00e4gen f\u00f6r andra.<br>Allt ska vara p\u00e5 plats och uppackat, redo f\u00f6r kunder senast kl 12.00 p\u00e5 torsdagen annars f\u00f6rlorar du din plats.<\/p>\n\n\n\n<p>Vi har inga s\u00e4rskilda \u00f6ppettider utan det \u00e4r upp till dig som f\u00f6rs\u00e4ljare n\u00e4r du vill \u00f6ppna och st\u00e4nga f\u00f6r dagen. Vi f\u00f6rv\u00e4ntar oss dock att du har \u00f6ppet n\u00e4r festivalen startar och varje dag under festivalen.<\/p>\n\n\n\n<p>N\u00e4r ni ger er av p\u00e5 s\u00f6ndagen \u00e4r det viktigt att ni st\u00e4dar upp efter er och inte l\u00e4mnar n\u00e5got avfall, emballage o liknande. Den som inte tar hand om sitt skr\u00e4p f\u00e5r en faktura f\u00f6r bortst\u00e4dning i efterhand. Den avgift som faktureras ligger mellan 1 000 kr och 5 000 kr beroende p\u00e5 omfattning av nedskr\u00e4pning och best\u00e4ms av marknadsansvarig.<\/p>\n\n\n\n<p>Inget f\u00e5r placeras p\u00e5 den asfalterade v\u00e4gen eller s\u00e5 det sticker ut \u00f6ver den asfalterade v\u00e4gen.<\/p>\n<\/div>\n<\/div>\n\n\n\n<div class=\"wp-block-cover\" style=\"margin-top:var(--wp--preset--spacing--50);margin-bottom:var(--wp--preset--spacing--50)\"><img loading=\"lazy\" decoding=\"async\" width=\"1024\" height=\"768\" class=\"wp-block-cover__image-background wp-image-1339 size-large\" alt=\"En banderoll med texten Urkults schyssta marknad.\" src=\"https:\/\/urkult.se\/wp-content\/uploads\/2026\/01\/Urkults-schyssta-marknad-Foto-Hanna-Gunnarsson-1024x768.jpg\" style=\"object-position:51% 85%\" data-object-fit=\"cover\" data-object-position=\"51% 85%\" srcset=\"https:\/\/urkult.se\/wp-content\/uploads\/2026\/01\/Urkults-schyssta-marknad-Foto-Hanna-Gunnarsson-1024x768.jpg 1024w, https:\/\/urkult.se\/wp-content\/uploads\/2026\/01\/Urkults-schyssta-marknad-Foto-Hanna-Gunnarsson-300x225.jpg 300w, https:\/\/urkult.se\/wp-content\/uploads\/2026\/01\/Urkults-schyssta-marknad-Foto-Hanna-Gunnarsson-768x576.jpg 768w, https:\/\/urkult.se\/wp-content\/uploads\/2026\/01\/Urkults-schyssta-marknad-Foto-Hanna-Gunnarsson-1536x1152.jpg 1536w, https:\/\/urkult.se\/wp-content\/uploads\/2026\/01\/Urkults-schyssta-marknad-Foto-Hanna-Gunnarsson-16x12.jpg 16w, https:\/\/urkult.se\/wp-content\/uploads\/2026\/01\/Urkults-schyssta-marknad-Foto-Hanna-Gunnarsson.jpg 2048w\" sizes=\"auto, (max-width: 1024px) 100vw, 1024px\" \/><span aria-hidden=\"true\" class=\"wp-block-cover__background has-background-dim-0 has-background-dim\"><\/span><div class=\"wp-block-cover__inner-container has-global-padding is-layout-constrained wp-block-cover-is-layout-constrained\">\n<p class=\"has-text-align-center has-large-font-size\"><\/p>\n<\/div><div class=\"urkult-cover-credit-overlay\"><span class=\"urkult-cover-caption\">Urkults schyssta marknad.<\/span> <span class=\"urkult-cover-credit\">Foto Hanna Gunnarsson.<\/span><\/div><\/div>\n\n\n\n<div class=\"wp-block-columns alignwide is-layout-flex wp-container-core-columns-is-layout-b5160bed wp-block-columns-is-layout-flex\" style=\"margin-bottom:var(--wp--preset--spacing--50)\">\n<div class=\"wp-block-column is-layout-flow wp-block-column-is-layout-flow\">\n<h3 class=\"wp-block-heading has-red-color has-text-color has-link-color wp-elements-5659650d051e82b099a1fcb80c7f2e65\"><strong><strong>Barnens marknad<\/strong><\/strong><\/h3>\n\n\n\n<p class=\"is-style-specialtext\"><strong>Roligt att era barn vill vara en del av Urkults marknad!&nbsp;<\/strong>Det kostar inget att vara med men vi har n\u00e5gra regler f\u00f6r Barnens marknad och detta f\u00f6r att det ska fungera s\u00e5 bra som m\u00f6jligt.<\/p>\n\n\n\n<p class=\"is-style-specialtext\"><\/p>\n\n\n\n<ul class=\"wp-block-list\">\n<li>Vi har avgr\u00e4nsat en del av marknaden d\u00e4r barn kan ha f\u00f6rs\u00e4ljning och det \u00e4r viktigt att det sker p\u00e5 den platsen.<\/li>\n\n\n\n<li>Ni som f\u00f6r\u00e4ldrar har ett ansvar f\u00f6r att det ska fungera och det \u00e4r viktigt att ni har uppsyn p\u00e5 ert\/era barn.&nbsp;&nbsp;<\/li>\n\n\n\n<li>Barnens marknad \u00e4r \u00f6ppen mellan kl 11 till 19. Efter kl 19 f\u00e5r det inte ske n\u00e5gon f\u00f6rs\u00e4ljning.&nbsp;<\/li>\n\n\n\n<li>P\u00e5 Urkults marknad har vi ett krav p\u00e5 att produkterna ska vara schyssta och det \u00e4r viktigt att ni str\u00e4var efter detta m\u00e5l ocks\u00e5. T.ex. om det s\u00e4ljs n\u00e5gon f\u00f6rt\u00e4ring ska den vara ekologisk och vi vill att ni undviker plast i st\u00f6rsta m\u00f6jliga m\u00e5n.<\/li>\n\n\n\n<li>Det viktigaste \u00e4r att alla har det roligt! Om ditt barn slutar ha roligt och vill g\u00f6ra n\u00e5got annat s\u00e5 \u00e4r det bara att st\u00e4da undan och g\u00e5.&nbsp;<\/li>\n<\/ul>\n<\/div>\n\n\n\n<div class=\"wp-block-column is-layout-flow wp-block-column-is-layout-flow\">\n<h3 class=\"wp-block-heading has-red-color has-text-color has-link-color wp-elements-e5824bd21e0c04abb2b7e3cf26fc6f0b\"><strong>Viktig information till alla f\u00f6rs\u00e4ljare<\/strong><\/h3>\n\n\n\n<p class=\"is-style-specialtext\"><strong>Din ans\u00f6kan \u00e4r bindande!<\/strong>&nbsp;Bekr\u00e4ftelse skickas till dig via mejl. Den betyder ocks\u00e5 att din ans\u00f6kan antagits och du har tilldelats en plats.<\/p>\n\n\n\n<p>Se till att&nbsp;<a href=\"mailto:marknaden@urkult.se\">marknaden@urkult.se<\/a>&nbsp;\u00e4r bland dina s\u00e4kra adresser s\u00e5 att v\u00e5ra mejl inte hamnar i din skr\u00e4ppost.<\/p>\n\n\n\n<p><strong>Avbokar<\/strong>&nbsp;du innan sista inbetalningsdag (se fakturan som medf\u00f6ljer bekr\u00e4ftelsen), f\u00e5r du tillbaka hela platshyran. Vid avbokning efter sista inbetalningsdag, men senast fyra veckor f\u00f6re marknaden startar, beh\u00f6ver du bara betala halva hyran. L\u00e4mnar du \u00e5terbud senare&nbsp; \u00e4n 1 m\u00e5nad f\u00f6re f\u00f6rsta marknadsdagen m\u00e5ste du betala hela hyran.<\/p>\n\n\n\n<p class=\"is-style-specialtext\">Om du inte st\u00e5r p\u00e5 platsen n\u00e4r marknaden startar s\u00e4ljer vi platsen till n\u00e5gon annan utst\u00e4llare och du blir betalningskyldig f\u00f6r marknadshyran.<\/p>\n\n\n\n<p class=\"is-style-citat has-black-color has-text-color has-link-color wp-elements-0b823c02877ac8ba9f498b82736ad4c5\">Camping ing\u00e5r aldrig utan bokas separat hos N\u00e4s\u00e5kers camping &amp; stugby (\u00e4ven om du sover i ditt marknadst\u00e4lt)<\/p>\n<\/div>\n<\/div>\n\n\n\n<h2 class=\"wp-block-heading has-text-align-center\" style=\"margin-top:var(--wp--preset--spacing--50);margin-bottom:0;text-transform:uppercase\">PRISER 2026<\/h2>\n\n\n\n<p class=\"has-text-align-center is-style-specialtext\" style=\"margin-bottom:var(--wp--preset--spacing--16)\">(Alla angivna priser \u00e4r inkl moms)<br><\/p>\n\n\n\n<div class=\"wp-block-columns is-layout-flex wp-container-core-columns-is-layout-28f84493 wp-block-columns-is-layout-flex\">\n<div class=\"wp-block-column is-layout-flow wp-block-column-is-layout-flow\">\n<h3 class=\"wp-block-heading has-red-color has-text-color has-link-color wp-elements-5656c83097f23034c16aeab45ecdd749\"><strong><strong>Utst\u00e4llarplats<\/strong><\/strong><\/h3>\n\n\n\n<p class=\"is-style-specialtext\"><strong>Utst\u00e4llarplats<\/strong>&nbsp;p\u00e5 marknadsgatan inneb\u00e4r en fysisk bit mark med storlek enligt bokning. Det ing\u00e5r inte t\u00e4lt, bord, elkablar eller dylikt.<\/p>\n\n\n\n<ul class=\"wp-block-list\">\n<li style=\"padding-top:var(--wp--preset--spacing--8);padding-bottom:var(--wp--preset--spacing--8);text-decoration:underline\"><strong>3x3m sektion<\/strong>&nbsp;inkl el och 1 st festivalbiljett&nbsp;<strong>3 500 kr&nbsp;<\/strong><\/li>\n\n\n\n<li style=\"padding-top:var(--wp--preset--spacing--8);padding-bottom:var(--wp--preset--spacing--8);text-decoration:underline\"><strong>3x6m sektion<\/strong>&nbsp;inkl el och 2 st festivalbiljett&nbsp;<strong>6 500 kr<\/strong><\/li>\n\n\n\n<li style=\"padding-top:var(--wp--preset--spacing--8);padding-bottom:var(--wp--preset--spacing--8);text-decoration:underline\"><strong>3x9m sektion<\/strong>&nbsp;inkl el och 3 st festivalbiljetter&nbsp;<strong>9 500 kr<\/strong><\/li>\n<\/ul>\n\n\n\n<p><em>F\u00f6r att kunna utnyttja elen beh\u00f6ver du ta med en 25 meter elkabel i gott skick.&nbsp;(Observera att det inte g\u00e5r bra att koppla ihop flera kortare f\u00f6rl\u00e4ngningskablar)<\/em><br><\/p>\n\n\n\n<p class=\"is-style-specialtext\" style=\"padding-top:var(--wp--preset--spacing--24)\"><strong>Tillval:<\/strong><\/p>\n\n\n\n<ul class=\"wp-block-list\">\n<li style=\"padding-top:var(--wp--preset--spacing--8);padding-bottom:var(--wp--preset--spacing--8);text-decoration:underline\"><strong>Camping-el&nbsp;<\/strong>(el till t\u00e4ltet\/husvagnen eller liknande)&nbsp;<strong>500 kr<\/strong><br><\/li>\n<\/ul>\n<\/div>\n\n\n\n<div class=\"wp-block-column is-layout-flow wp-block-column-is-layout-flow\">\n<h3 class=\"wp-block-heading has-red-color has-text-color has-link-color wp-elements-aaf2d83042ac334bb578ece97b894e5e\"><strong><strong>Marknadsbord<\/strong><\/strong><\/h3>\n\n\n\n<p><strong>Marknadsbord<\/strong>&nbsp;inneb\u00e4r plats med ett traditionellt marknadsbord med tygtak. Du kan allts\u00e5 bara nyttja den yta som bordet har. Borden beh\u00f6ver t\u00f6mmas varje kv\u00e4ll n\u00e4r du avslutar din f\u00f6rs\u00e4ljning. Om du vill ha regns\u00e4kert tak s\u00e5 rekommenderas att ta med en presenning och kl\u00e4mmor. Det finns ett begr\u00e4nsat antal marknadsbord och dom \u00e4r till f\u00f6r sm\u00e5 och nystartade f\u00f6retag. Vi prioriterar f\u00f6rstag\u00e5ngsf\u00f6rs\u00e4ljare p\u00e5 dessa platser.&nbsp;<\/p>\n\n\n\n<ul class=\"wp-block-list\">\n<li style=\"padding-top:var(--wp--preset--spacing--8);padding-bottom:var(--wp--preset--spacing--8);text-decoration:underline\"><strong>Marknadsbord&nbsp;<\/strong>inkl el&nbsp;<strong>1 000 kr&nbsp;<\/strong><\/li>\n\n\n\n<li style=\"padding-top:var(--wp--preset--spacing--8);padding-bottom:var(--wp--preset--spacing--8);text-decoration:underline\"><strong>Tillval<\/strong>&nbsp;(se ovan)<\/li>\n<\/ul>\n\n\n\n<p class=\"is-style-default\"><em>F\u00f6r att kunna utnyttja elen beh\u00f6ver du ta med en 25 meter elkabel i gott skick.<\/em> <em>(Observera att det inte g\u00e5r bra att koppla ihop flera kortare f\u00f6rl\u00e4ngningskablar)<\/em><\/p>\n<\/div>\n\n\n\n<div class=\"wp-block-column is-layout-flow wp-block-column-is-layout-flow\">\n<h3 class=\"wp-block-heading has-red-color has-text-color has-link-color wp-elements-0e7113427080896b79f08824283dee2a\"><strong>Festplatsen<\/strong><\/h3>\n\n\n\n<p class=\"is-style-specialtext\"><strong>Hantverksbod<\/strong>&nbsp;inne p\u00e5 festplatsen inneb\u00e4r bod med f\u00f6rs\u00e4ljningsluckor som f\u00e4lls ut.<\/p>\n\n\n\n<p>Du beh\u00f6ver sj\u00e4lv st\u00e4da boden b\u00e5de f\u00f6re och efter festivalen. Ta med egna h\u00e4ngl\u00e5s f\u00f6r att kunna l\u00e5sa igen din bod!<\/p>\n\n\n\n<ul class=\"wp-block-list\">\n<li style=\"padding-top:var(--wp--preset--spacing--8);padding-bottom:var(--wp--preset--spacing--8);text-decoration:underline\"><strong>Hantverksbod<\/strong>&nbsp;inkl el och 2 st festivalbiljetter&nbsp;<strong>4 000 kr<\/strong><br><\/li>\n<\/ul>\n\n\n\n<div class=\"wp-block-group is-style-observe-box has-border-color has-global-padding is-layout-constrained wp-container-core-group-is-layout-acbf2b71 wp-block-group-is-layout-constrained\" style=\"border-color:var(--wp--preset--color--red);border-style:solid;border-width:3px;padding-top:12px;padding-right:18px;padding-bottom:18px;padding-left:18px\">\n<h3 class=\"wp-block-heading has-text-align-center has-red-color has-text-color\" style=\"text-transform:uppercase\">Tickets<\/h3>\n\n\n\n<p class=\"is-style-specialtext\">Marknadsf\u00f6rs\u00e4ljare har m\u00f6jlighet att k\u00f6pa festivalbiljetter till rabatterat pris.<\/p>\n\n\n\n<ul class=\"wp-block-list is-style-specialtext\">\n<li><strong>Vuxen 18+<\/strong>&nbsp;(m\u00e5ste bokas i f\u00f6rv\u00e4g)&nbsp;<strong>1 100 kr&nbsp;<\/strong><\/li>\n\n\n\n<li><strong>Ung 15\u201317 \u00e5r&nbsp;&nbsp;<\/strong>(m\u00e5ste bokas i f\u00f6rv\u00e4g)&nbsp;<strong>675 kr<\/strong><\/li>\n\n\n\n<li><strong>Senior&nbsp;<\/strong>&nbsp;(m\u00e5ste bokas i f\u00f6rv\u00e4g)&nbsp;<strong>675 kr<\/strong><\/li>\n<\/ul>\n<\/div>\n<\/div>\n<\/div>\n\n\n\n<div class=\"wp-block-columns is-layout-flex wp-container-core-columns-is-layout-28f84493 wp-block-columns-is-layout-flex\">\n<div class=\"wp-block-column is-layout-flow wp-block-column-is-layout-flow\"><\/div>\n<\/div>\n\n\n\n<h3 class=\"wp-block-heading has-text-align-center\" style=\"text-transform:uppercase\">Vill du delta p\u00e5 marknaden?<\/h3>\n\n\n\n<div class=\"wp-block-group is-style-default has-global-padding is-layout-constrained wp-container-core-group-is-layout-70f4fdbb wp-block-group-is-layout-constrained\">\n<p class=\"has-text-align-center is-style-ingress is-style-ingress--1\">Har du schysst producerat hantverk, n\u00e4rodlade r\u00e5varor eller n\u00e5got annat sp\u00e4nnande som kan passa p\u00e5 v\u00e5r marknad?<\/p>\n<\/div>\n\n\n\n<div class=\"wp-block-buttons is-content-justification-center is-layout-flex wp-container-core-buttons-is-layout-52175b58 wp-block-buttons-is-layout-flex\" style=\"margin-top:var(--wp--preset--spacing--24);margin-bottom:var(--wp--preset--spacing--24)\">\n<div class=\"wp-block-button is-style-outline is-style-outline--2\"><a class=\"wp-block-button__link wp-element-button\" href=\"https:\/\/docs.google.com\/forms\/d\/e\/1FAIpQLSd03B7cVzl8UGs9xM05Bz0IBc9MH-FVQte2KygYWDNRzkzpIw\/viewform\">Fyll i intresseanm\u00e4lan f\u00f6r 2026<\/a><\/div>\n<\/div>\n\n\n\n<p class=\"has-text-align-center is-style-ingress has-red-color has-text-color has-link-color wp-elements-0152030b7abceaaf8794a7c7a293e6d1 is-style-ingress--3\">Observera att denna intresseanm\u00e4lan inte g\u00e4ller f\u00f6r matf\u00f6rs\u00e4ljare!<\/p>\n\n\n\n<p class=\"has-text-align-center is-style-ingress is-style-ingress--4\">Har du fr\u00e5gor h\u00f6r av dig till marknaden@urkult.se<\/p>\n\n\n\n<p class=\"has-text-align-center is-style-ingress is-style-ingress--5\"><\/p>\n\n\n\n<p><\/p>","protected":false},"excerpt":{"rendered":"<p>Info till utst\u00e4llare p\u00e5 marknadsgatansamt inne p\u00e5 festplatsen Ans\u00f6kningarna till marknaden \u00f6ppnar 1 februari &nbsp;(Observera att det finns en s\u00e4rskild&nbsp;intressanm\u00e4lan f\u00f6r matf\u00f6rs\u00e4ljare) Regler och information Vad roligt att du \u00e4r intresserad av att vara med!&nbsp;Urkults schyssta marknad syftar till att st\u00e4rka sm\u00e5 och h\u00f6gkvalitativa producenter, g\u00e4rna lokala. Som utst\u00e4llare p\u00e5 Urkults schyssta marknad representerar du [&hellip;]<\/p>\n","protected":false},"author":3,"featured_media":0,"parent":0,"menu_order":0,"comment_status":"closed","ping_status":"closed","template":"page-utan-hero","meta":{"_acf_changed":false,"_kad_blocks_custom_css":"","_kad_blocks_head_custom_js":"","_kad_blocks_body_custom_js":"","_kad_blocks_footer_custom_js":"","footnotes":""},"class_list":["post-1277","page","type-page","status-publish","hentry"],"acf":[],"taxonomy_info":[],"featured_image_src_large":false,"author_info":{"display_name":"Eric","author_link":"https:\/\/urkult.se\/en\/author\/eric\/"},"comment_info":0,"_links":{"self":[{"href":"https:\/\/urkult.se\/en\/wp-json\/wp\/v2\/pages\/1277","targetHints":{"allow":["GET"]}}],"collection":[{"href":"https:\/\/urkult.se\/en\/wp-json\/wp\/v2\/pages"}],"about":[{"href":"https:\/\/urkult.se\/en\/wp-json\/wp\/v2\/types\/page"}],"author":[{"embeddable":true,"href":"https:\/\/urkult.se\/en\/wp-json\/wp\/v2\/users\/3"}],"replies":[{"embeddable":true,"href":"https:\/\/urkult.se\/en\/wp-json\/wp\/v2\/comments?post=1277"}],"version-history":[{"count":20,"href":"https:\/\/urkult.se\/en\/wp-json\/wp\/v2\/pages\/1277\/revisions"}],"predecessor-version":[{"id":1459,"href":"https:\/\/urkult.se\/en\/wp-json\/wp\/v2\/pages\/1277\/revisions\/1459"}],"wp:attachment":[{"href":"https:\/\/urkult.se\/en\/wp-json\/wp\/v2\/media?parent=1277"}],"curies":[{"name":"wp","href":"https:\/\/api.w.org\/{rel}","templated":true}]}}