{"id":152,"date":"2025-12-25T03:41:43","date_gmt":"2025-12-25T02:41:43","guid":{"rendered":"https:\/\/iyn9gqmzpf-staging.onrocket.site\/?page_id=152"},"modified":"2026-03-18T08:24:13","modified_gmt":"2026-03-18T07:24:13","slug":"biljetter","status":"publish","type":"page","link":"https:\/\/urkult.se\/en\/biljetter\/","title":{"rendered":"Tickets"},"content":{"rendered":"<div class=\"kb-row-layout-wrap kb-row-layout-id152_31f4bd-89 alignfull has-grey-background-color kt-row-has-bg  full-screen-height hero-section wp-block-kadence-rowlayout\"><div class=\"kb-blocks-bg-video-container\"><video class=\"kb-blocks-bg-video\" id=\"bg-row-video-152_31f4bd-89\" playsinline muted loop src=\"https:\/\/urkult.se\/wp-content\/uploads\/2026\/01\/Biljettsida-16x9-1.mp4\" autoplay><\/video><div class=\"kb-background-video-buttons-wrapper kb-background-video-buttons-html5\"><button class=\"kb-background-video-play kb-toggle-video-btn\" aria-label=\"Play\" aria-hidden=\"true\" style=\"display: none;\"><svg viewbox=\"0 0 448 512\" height=\"16\" width=\"16\" fill=\"currentColor\" xmlns=\"https:\/\/www.w3.org\/2000\/svg\"><path d=\"M424.4 214.7L72.4 6.6C43.8-10.3 0 6.1 0 47.9V464c0 37.5 40.7 60.1 72.4 41.3l352-208c31.4-18.5 31.5-64.1 0-82.6z\"><\/path><\/svg><\/button><button class=\"kb-background-video-pause kb-toggle-video-btn\" aria-label=\"Pause\" aria-hidden=\"false\"><svg viewbox=\"0 0 448 512\" height=\"16\" width=\"16\" fill=\"currentColor\" xmlns=\"https:\/\/www.w3.org\/2000\/svg\"><path d=\"M144 479H48c-26.5 0-48-21.5-48-48V79c0-26.5 21.5-48 48-48h96c26.5 0 48 21.5 48 48v352c0 26.5-21.5 48-48 48zm304-48V79c0-26.5-21.5-48-48-48h-96c-26.5 0-48 21.5-48 48v352c0 26.5 21.5 48 48 48h96c26.5 0 48-21.5 48-48z\"><\/path><\/svg><\/button><\/div><\/div><div class=\"kt-row-column-wrap kt-has-2-columns kt-row-layout-row kt-tab-layout-inherit kt-mobile-layout-row kt-row-valign-middle\">\n\n<div class=\"wp-block-kadence-column kadence-column152_45951b-e5\"><div class=\"kt-inside-inner-col\">\n<div class=\"wp-block-kadence-image kb-image152_38afaa-df logo-fade-out\" data-aos=\"fade\" data-aos-duration=\"750\" data-aos-delay=\"1000\" data-aos-easing=\"ease-in-out-cubic\"><figure class=\"aligncenter size-full\"><img loading=\"lazy\" decoding=\"async\" width=\"512\" height=\"361\" src=\"https:\/\/urkult.se\/wp-content\/uploads\/2026\/01\/urkult-logo-30-ar.png\" alt=\"\" class=\"kb-img wp-image-783\" srcset=\"https:\/\/urkult.se\/wp-content\/uploads\/2026\/01\/urkult-logo-30-ar.png 512w, https:\/\/urkult.se\/wp-content\/uploads\/2026\/01\/urkult-logo-30-ar-300x212.png 300w, https:\/\/urkult.se\/wp-content\/uploads\/2026\/01\/urkult-logo-30-ar-18x12.png 18w\" sizes=\"auto, (max-width: 512px) 100vw, 512px\" \/><\/figure><\/div>\n<\/div><\/div>\n\n\n\n<div class=\"wp-block-kadence-column kadence-column152_3dbf88-9b\"><div class=\"kt-inside-inner-col\"><h1 class=\"has-text-align-center wp-block-post-title\">Tickets<\/h1><\/div><\/div>\n\n<\/div><\/div>\n\n\n<div class=\"wp-block-columns is-layout-flex wp-container-core-columns-is-layout-28f84493 wp-block-columns-is-layout-flex\">\n<div class=\"wp-block-column has-global-padding is-layout-constrained wp-container-core-column-is-layout-ae3b245e wp-block-column-is-layout-constrained\">\n<p class=\"has-text-align-center is-style-citat\">Vi g\u00f6r i \u00e5r tre sl\u00e4pp med ett begr\u00e4nsat antal rabatterade festivalbiljetter \u2013 tusen \u00e5t g\u00e5ngen. F\u00f6r varje steg \u00f6kar biljettpriserna med 100 kronor. I ett sista sl\u00e4pp blir sedan de \u00e5terst\u00e5ende biljetterna tillg\u00e4ngliga till fullpris, som \u00e4ven g\u00e4ller p\u00e5 plats i entr\u00e9n.<\/p>\n\n\n\n<p class=\"has-text-align-center is-style-specialtext has-body-font-size\" style=\"padding-right:0;padding-left:0\"><strong>K\u00f6p dina biljetter genom att klicka knappen nedan eller ring Ticksters kundtj\u00e4nst p\u00e5 0771\u201347 70 70.\u2028Alla eventuella fr\u00e5gor ang\u00e5ende k\u00f6p av biljetter s\u00e5 som utskrift och betalning h\u00e4nvisas till Tickster.<\/strong><\/p>\n\n\n\n<div class=\"wp-block-buttons is-content-justification-center is-layout-flex wp-container-core-buttons-is-layout-549121bb wp-block-buttons-is-layout-flex\" style=\"margin-top:var(--wp--preset--spacing--50);margin-bottom:var(--wp--preset--spacing--38);padding-top:0;padding-bottom:0\">\n<div class=\"wp-block-button\"><a class=\"wp-block-button__link wp-element-button\" href=\"https:\/\/secure.tickster.com\/sv\/meca97jgy30kelt\/products\">K\u00f6p dina biljetter<\/a><\/div>\n<\/div>\n\n\n\n<figure class=\"wp-block-image aligncenter size-full is-resized\" style=\"margin-top:0;margin-bottom:var(--wp--preset--spacing--50)\"><img loading=\"lazy\" decoding=\"async\" width=\"580\" height=\"222\" src=\"https:\/\/urkult.se\/wp-content\/uploads\/2026\/01\/hallristning_algar@2x.png\" alt=\"\" class=\"wp-image-769\" style=\"width:290px\" srcset=\"https:\/\/urkult.se\/wp-content\/uploads\/2026\/01\/hallristning_algar@2x.png 580w, https:\/\/urkult.se\/wp-content\/uploads\/2026\/01\/hallristning_algar@2x-300x115.png 300w, https:\/\/urkult.se\/wp-content\/uploads\/2026\/01\/hallristning_algar@2x-18x7.png 18w\" sizes=\"auto, (max-width: 580px) 100vw, 580px\" \/><\/figure>\n\n\n\n<h2 class=\"wp-block-heading has-text-align-center has-red-color has-text-color has-link-color wp-elements-496ebd6f92353d6fb1de6da2d18dbac6\">Festivalbiljett<\/h2>\n\n\n\n<p class=\"has-text-align-center\">G\u00e4ller hela festivalen den 30\/7 till 1 augusti. Eldnatten ing\u00e5r!<\/p>\n<\/div>\n<\/div>\n\n\n\n<div class=\"wp-block-columns is-layout-flex wp-container-core-columns-is-layout-6553cd5f wp-block-columns-is-layout-flex\" style=\"margin-top:var(--wp--preset--spacing--50);margin-bottom:var(--wp--preset--spacing--50);padding-right:0;padding-left:0\">\n<div class=\"wp-block-column is-layout-flow wp-container-core-column-is-layout-6d4c618c wp-block-column-is-layout-flow\">\n<h2 class=\"wp-block-heading has-text-align-center\">Vuxen<\/h2>\n\n\n\n<p class=\"has-text-align-center is-style-specialtext\">18+ \u00e5r<\/p>\n\n\n\n<div class=\"wp-block-group has-global-padding is-layout-constrained wp-container-core-group-is-layout-19e250f3 wp-block-group-is-layout-constrained\">\n<p class=\"has-text-align-center is-style-specialtext\">Just nu<\/p>\n\n\n\n<h3 class=\"wp-block-heading has-text-align-center\" style=\"margin-bottom:4px\">1 300 kr<\/h3>\n\n\n\n<p class=\"has-text-align-center has--font-size\" style=\"font-size:12px\"><em>Fullpris 1 400 kr<\/em><\/p>\n<\/div>\n<\/div>\n\n\n\n<div class=\"wp-block-column is-layout-flow wp-container-core-column-is-layout-6d4c618c wp-block-column-is-layout-flow\">\n<h2 class=\"wp-block-heading has-text-align-center\">UNG<\/h2>\n\n\n\n<p class=\"has-text-align-center is-style-specialtext\">15\u201317 \u00e5r<\/p>\n\n\n\n<div class=\"wp-block-group has-global-padding is-layout-constrained wp-container-core-group-is-layout-19e250f3 wp-block-group-is-layout-constrained\">\n<p class=\"has-text-align-center is-style-specialtext\">Just nu<\/p>\n\n\n\n<h3 class=\"wp-block-heading has-text-align-center\" style=\"margin-bottom:4px\">875 kr<\/h3>\n\n\n\n<p class=\"has-text-align-center has--font-size\" style=\"font-size:12px\"><em>Fullpris <em>975<\/em> kr<\/em><\/p>\n<\/div>\n<\/div>\n\n\n\n<div class=\"wp-block-column is-layout-flow wp-container-core-column-is-layout-6d4c618c wp-block-column-is-layout-flow\">\n<h2 class=\"wp-block-heading has-text-align-center\">Senior<\/h2>\n\n\n\n<p class=\"has-text-align-center is-style-specialtext\">65+ \u00e5r<\/p>\n\n\n\n<div class=\"wp-block-group has-global-padding is-layout-constrained wp-container-core-group-is-layout-19e250f3 wp-block-group-is-layout-constrained\">\n<p class=\"has-text-align-center is-style-specialtext\">Just nu<\/p>\n\n\n\n<h3 class=\"wp-block-heading has-text-align-center\" style=\"margin-bottom:4px\">875 kr<\/h3>\n\n\n\n<p class=\"has-text-align-center has--font-size\" style=\"font-size:12px\"><em>Fullpris <em>975<\/em> kr<\/em><\/p>\n<\/div>\n<\/div>\n<\/div>\n\n\n\n<div class=\"wp-block-columns is-layout-flex wp-container-core-columns-is-layout-28f84493 wp-block-columns-is-layout-flex\">\n<div class=\"wp-block-column has-global-padding is-content-justification-center is-layout-constrained wp-container-core-column-is-layout-fbfe0159 wp-block-column-is-layout-constrained\">\n<div class=\"wp-block-group is-style-default has-border-color has-global-padding is-layout-constrained wp-container-core-group-is-layout-acbf2b71 wp-block-group-is-layout-constrained\" style=\"border-color:var(--wp--preset--color--red);border-style:solid;border-width:3px;padding-top:12px;padding-right:18px;padding-bottom:18px;padding-left:18px\">\n<h3 class=\"wp-block-heading has-text-align-center has-red-color has-text-color\">PUBLIKTAK<\/h3>\n\n\n\n<p class=\"is-style-specialtext has-calibri-font-family\">Totalt 6 750 biljetter kommer att finnas tillg\u00e4ngliga. Det inkluderar alla biljettyper inklusive eldnatts- och dagsbiljetter. Sammanlagt (med alla barn, volont\u00e4rer, artister, g\u00e4ster) blir det omkring tio tusen m\u00e4nniskor, vilket \u00e4r Urkults kapacitet. Det \u00e4r vad vi bed\u00f6mt att organisationen och byn N\u00e4s\u00e5ker klarar av f\u00f6r att ha en h\u00e5llbar och trivsam festival.&nbsp;<\/p>\n\n\n\n<p class=\"is-style-specialtext has-calibri-font-family\">Vi f\u00f6rv\u00e4ntar oss ett h\u00f6gt tryck p\u00e5 biljetterna inf\u00f6r jubileumet, s\u00e5 passa p\u00e5! I \u00e5r l\u00e4r det bli lapp p\u00e5 entr\u00e9luckan.<\/p>\n<\/div>\n<\/div>\n<\/div>\n\n\n\n<div class=\"wp-block-cover is-light\" style=\"margin-bottom:var(--wp--preset--spacing--38);min-height:663px;aspect-ratio:unset;\"><img loading=\"lazy\" decoding=\"async\" width=\"1024\" height=\"683\" class=\"wp-block-cover__image-background wp-image-1325 size-large\" alt=\"Volont\u00e4r i entr\u00e9n till N\u00e4s\u00e5kers festplats\" src=\"https:\/\/urkult.se\/wp-content\/uploads\/2026\/01\/Volontar-i-entren-foto-Emelie-Rehn-1024x683.jpg\" data-object-fit=\"cover\" srcset=\"https:\/\/urkult.se\/wp-content\/uploads\/2026\/01\/Volontar-i-entren-foto-Emelie-Rehn-1024x683.jpg 1024w, https:\/\/urkult.se\/wp-content\/uploads\/2026\/01\/Volontar-i-entren-foto-Emelie-Rehn-300x200.jpg 300w, https:\/\/urkult.se\/wp-content\/uploads\/2026\/01\/Volontar-i-entren-foto-Emelie-Rehn-768x512.jpg 768w, https:\/\/urkult.se\/wp-content\/uploads\/2026\/01\/Volontar-i-entren-foto-Emelie-Rehn-18x12.jpg 18w, https:\/\/urkult.se\/wp-content\/uploads\/2026\/01\/Volontar-i-entren-foto-Emelie-Rehn.jpg 1380w\" sizes=\"auto, (max-width: 1024px) 100vw, 1024px\" \/><span aria-hidden=\"true\" class=\"wp-block-cover__background has-background-dim-0 has-background-dim\"><\/span><div class=\"wp-block-cover__inner-container has-global-padding is-layout-constrained wp-block-cover-is-layout-constrained\">\n<h2 class=\"wp-block-heading has-text-align-center has-white-color has-text-color has-link-color has-large-font-size wp-elements-abf393d37888aae81094ebe18d13ac3e\">\u00c5lderskategorier<\/h2>\n\n\n\n<h3 class=\"wp-block-heading has-text-align-center has-white-color has-text-color has-link-color wp-elements-8fbee92c145cf1b62db52f6eee3b8baf\">Vuxen 18+ \/ Ung 15\u201317 \u00e5r \/ Senior 65+ \u00e5r<br>Barn under 15 \u00e5r g\u00e5r in gratis i m\u00e5lsmans s\u00e4llskap.<\/h3>\n<\/div><div class=\"urkult-cover-credit-overlay\"><span class=\"urkult-cover-caption\">Armbandskontroll i entr\u00e9n till festplatsen.<\/span> <span class=\"urkult-cover-credit\">Foto Emelie Rehn.<\/span><\/div><\/div>\n\n\n\n<div class=\"wp-block-columns is-layout-flex wp-container-core-columns-is-layout-28f84493 wp-block-columns-is-layout-flex\">\n<div class=\"wp-block-column has-global-padding is-layout-constrained wp-container-core-column-is-layout-41c06ba8 wp-block-column-is-layout-constrained\">\n<div class=\"wp-block-group has-border-color has-black-border-color has-global-padding is-layout-constrained wp-container-core-group-is-layout-acbf2b71 wp-block-group-is-layout-constrained\" style=\"border-style:solid;border-width:3px;padding-top:12px;padding-right:18px;padding-bottom:18px;padding-left:18px\">\n<h3 class=\"wp-block-heading has-text-align-center has-black-color has-text-color\">UNDVIK K\u00d6!<\/h3>\n\n\n\n<p>L\u00f6s in din biljett mot ett festivalarmband redan p\u00e5 onsdagen 29\/7 i biljettkuren vid entr\u00e9n till festplatsen eller i boden utanf\u00f6r Markusg\u00e5rden.<br><br><strong>Biljettkurens \u00f6ppettider:<\/strong><br>Onsdag 29\/7 kl 12.30\u201322.30<br>Torsdag 30\/7 till l\u00f6rdag 1\/8 kl 12.30\u201300.30<br><br><strong>Markusg\u00e5rdens kurs- och festivalkansli \u00f6ppettider:<\/strong><br>Onsdag 29\/7 kl 10\u201322<br>Torsdag 30\/7 kl 10\u201318<\/p>\n<\/div>\n\n\n\n<div class=\"wp-block-group has-global-padding is-layout-constrained wp-container-core-group-is-layout-4ffc8ea8 wp-block-group-is-layout-constrained\" style=\"margin-top:var(--wp--preset--spacing--50);margin-bottom:var(--wp--preset--spacing--38)\">\n<div class=\"wp-block-buttons is-content-justification-center is-layout-flex wp-container-core-buttons-is-layout-a89b3969 wp-block-buttons-is-layout-flex\">\n<div class=\"wp-block-button\"><a class=\"wp-block-button__link wp-element-button\">Eldnattsbiljetter<br>sl\u00e4pps den 1 juni<\/a><\/div>\n<\/div>\n<\/div>\n\n\n\n<figure class=\"wp-block-image aligncenter size-full is-resized\" style=\"margin-bottom:var(--wp--preset--spacing--50)\"><img decoding=\"async\" src=\"https:\/\/urkult.se\/wp-content\/uploads\/2026\/01\/Eldnatt-korp-kopia.svg\" alt=\"Eldnatt korp\" class=\"wp-image-1385\" style=\"aspect-ratio:0.9409468033186921;width:215px;height:auto\"\/><\/figure>\n\n\n\n<h2 class=\"wp-block-heading has-text-align-center has-red-color has-text-color has-link-color wp-elements-f703f3a9a6c21c5b43a903e54182addb\">Eldnattsbiljett<\/h2>\n\n\n\n<p class=\"has-text-align-center\">G\u00e4ller hela torsdagen den 30 juli.<\/p>\n<\/div>\n<\/div>\n\n\n\n<div class=\"wp-block-columns is-layout-flex wp-container-core-columns-is-layout-e08c70ad wp-block-columns-is-layout-flex\" style=\"margin-top:var(--wp--preset--spacing--50);margin-bottom:var(--wp--preset--spacing--50)\">\n<div class=\"wp-block-column is-layout-flow wp-container-core-column-is-layout-6d4c618c wp-block-column-is-layout-flow\">\n<h2 class=\"wp-block-heading has-text-align-center\">Vuxen<\/h2>\n\n\n\n<p class=\"has-text-align-center is-style-specialtext\">18+ \u00e5r<\/p>\n\n\n\n<h3 class=\"wp-block-heading has-text-align-center\" style=\"margin-bottom:4px\">500 kr<\/h3>\n<\/div>\n\n\n\n<div class=\"wp-block-column is-vertically-aligned-top is-layout-flow wp-container-core-column-is-layout-6d4c618c wp-block-column-is-layout-flow\">\n<h2 class=\"wp-block-heading has-text-align-center\">UNG<\/h2>\n\n\n\n<p class=\"has-text-align-center is-style-specialtext\">15\u201317 \u00e5r<\/p>\n\n\n\n<h3 class=\"wp-block-heading has-text-align-center\" style=\"margin-bottom:4px\">350 kr<\/h3>\n<\/div>\n\n\n\n<div class=\"wp-block-column is-layout-flow wp-container-core-column-is-layout-6d4c618c wp-block-column-is-layout-flow\">\n<h2 class=\"wp-block-heading has-text-align-center\">Senior<\/h2>\n\n\n\n<p class=\"has-text-align-center is-style-specialtext\">65+ \u00e5r<\/p>\n\n\n\n<h3 class=\"wp-block-heading has-text-align-center\" style=\"margin-bottom:4px\">350 kr<\/h3>\n<\/div>\n<\/div>\n\n\n\n<div class=\"wp-block-cover\" style=\"margin-bottom:0;min-height:663px;aspect-ratio:unset;\"><img loading=\"lazy\" decoding=\"async\" width=\"1024\" height=\"683\" class=\"wp-block-cover__image-background wp-image-1323 size-large\" alt=\"Biljettkuren vid entr\u00e9n till N\u00e4s\u00e5kers festplats p\u00e5 festivalen Urkult.\" src=\"https:\/\/urkult.se\/wp-content\/uploads\/2026\/01\/Biljettkuren-vid-entren-foto-Pontus-Sjodin-1024x683.jpg\" data-object-fit=\"cover\" srcset=\"https:\/\/urkult.se\/wp-content\/uploads\/2026\/01\/Biljettkuren-vid-entren-foto-Pontus-Sjodin-1024x683.jpg 1024w, https:\/\/urkult.se\/wp-content\/uploads\/2026\/01\/Biljettkuren-vid-entren-foto-Pontus-Sjodin-300x200.jpg 300w, https:\/\/urkult.se\/wp-content\/uploads\/2026\/01\/Biljettkuren-vid-entren-foto-Pontus-Sjodin-768x512.jpg 768w, https:\/\/urkult.se\/wp-content\/uploads\/2026\/01\/Biljettkuren-vid-entren-foto-Pontus-Sjodin-18x12.jpg 18w, https:\/\/urkult.se\/wp-content\/uploads\/2026\/01\/Biljettkuren-vid-entren-foto-Pontus-Sjodin.jpg 1380w\" sizes=\"auto, (max-width: 1024px) 100vw, 1024px\" \/><span aria-hidden=\"true\" class=\"wp-block-cover__background has-background-dim-0 has-background-dim\"><\/span><div class=\"wp-block-cover__inner-container has-global-padding is-layout-constrained wp-block-cover-is-layout-constrained\">\n<h2 class=\"wp-block-heading has-text-align-center has-large-font-size\">FESTPLATSENS<br>\u00d6PPETTIDER<\/h2>\n\n\n\n<h3 class=\"wp-block-heading has-text-align-center\">Torsdag kl 17\u201302.30<br>Fredag och l\u00f6rdag<br>kl 12.30\u201302.30<\/h3>\n<\/div><div class=\"urkult-cover-credit-overlay\"><span class=\"urkult-cover-caption\">Biljettkuren vid entr\u00e9n till festplatsen.<\/span> <span class=\"urkult-cover-credit\">Foto Pontus Sj\u00f6din.<\/span><\/div><\/div>\n\n\n\n<div class=\"wp-block-columns is-layout-flex wp-container-core-columns-is-layout-28f84493 wp-block-columns-is-layout-flex\">\n<div class=\"wp-block-column has-global-padding is-layout-constrained wp-container-core-column-is-layout-41c06ba8 wp-block-column-is-layout-constrained\">\n<div class=\"wp-block-buttons is-content-justification-center is-layout-flex wp-container-core-buttons-is-layout-76b84c4c wp-block-buttons-is-layout-flex\" style=\"margin-top:var(--wp--preset--spacing--24);margin-bottom:var(--wp--preset--spacing--38)\">\n<div class=\"wp-block-button\"><a class=\"wp-block-button__link wp-element-button\">Dagsbiljetter<br>sl\u00e4pps den 1 juni<\/a><\/div>\n<\/div>\n\n\n\n<figure class=\"wp-block-image aligncenter size-full is-resized\" style=\"margin-bottom:var(--wp--preset--spacing--50)\"><img loading=\"lazy\" decoding=\"async\" width=\"510\" height=\"410\" src=\"https:\/\/urkult.se\/wp-content\/uploads\/2026\/01\/hallrsitning-klotter@2x.png\" alt=\"\" class=\"wp-image-770\" style=\"width:255px\" srcset=\"https:\/\/urkult.se\/wp-content\/uploads\/2026\/01\/hallrsitning-klotter@2x.png 510w, https:\/\/urkult.se\/wp-content\/uploads\/2026\/01\/hallrsitning-klotter@2x-300x241.png 300w, https:\/\/urkult.se\/wp-content\/uploads\/2026\/01\/hallrsitning-klotter@2x-15x12.png 15w\" sizes=\"auto, (max-width: 510px) 100vw, 510px\" \/><\/figure>\n\n\n\n<h2 class=\"wp-block-heading has-text-align-center has-red-color has-text-color has-link-color wp-elements-920fc39ab0e3479dba409a6e13ebb7c2\">DAGSBILJETT<\/h2>\n\n\n\n<p class=\"has-text-align-center\">Fredag 31 juli eller l\u00f6rdag 1 augusti. H\u00e4mta ut ditt armband samma dag!<\/p>\n<\/div>\n<\/div>\n\n\n\n<div class=\"wp-block-columns are-vertically-aligned-top is-layout-flex wp-container-core-columns-is-layout-e08c70ad wp-block-columns-is-layout-flex\" style=\"margin-top:var(--wp--preset--spacing--50);margin-bottom:var(--wp--preset--spacing--50)\">\n<div class=\"wp-block-column is-vertically-aligned-top is-layout-flow wp-container-core-column-is-layout-6d4c618c wp-block-column-is-layout-flow\">\n<h2 class=\"wp-block-heading has-text-align-center\">Vuxen<\/h2>\n\n\n\n<p class=\"has-text-align-center is-style-specialtext\">18+ \u00e5r<\/p>\n\n\n\n<h3 class=\"wp-block-heading has-text-align-center\" style=\"margin-bottom:4px\">675 kr<\/h3>\n<\/div>\n\n\n\n<div class=\"wp-block-column is-vertically-aligned-top is-layout-flow wp-container-core-column-is-layout-6d4c618c wp-block-column-is-layout-flow\">\n<h2 class=\"wp-block-heading has-text-align-center\">UNG<\/h2>\n\n\n\n<p class=\"has-text-align-center is-style-specialtext\">15\u201317 \u00e5r<\/p>\n\n\n\n<h3 class=\"wp-block-heading has-text-align-center\" style=\"margin-bottom:4px\">475 kr<\/h3>\n<\/div>\n\n\n\n<div class=\"wp-block-column is-vertically-aligned-top is-layout-flow wp-container-core-column-is-layout-6d4c618c wp-block-column-is-layout-flow\">\n<h2 class=\"wp-block-heading has-text-align-center\">Senior<\/h2>\n\n\n\n<p class=\"has-text-align-center is-style-specialtext\">65+ \u00e5r<\/p>\n\n\n\n<h3 class=\"wp-block-heading has-text-align-center\" style=\"margin-bottom:4px\">475 kr<\/h3>\n<\/div>\n<\/div>\n\n\n\n<div class=\"wp-block-columns is-layout-flex wp-container-core-columns-is-layout-8351d469 wp-block-columns-is-layout-flex\" style=\"margin-bottom:var(--wp--preset--spacing--50)\">\n<div class=\"wp-block-column has-global-padding is-layout-constrained wp-container-core-column-is-layout-41c06ba8 wp-block-column-is-layout-constrained\">\n<p class=\"has-text-align-center is-style-citat\">F\u00f6r fler svar p\u00e5 vanliga fr\u00e5gor:<\/p>\n\n\n\n<div class=\"wp-block-buttons is-content-justification-center is-layout-flex wp-container-core-buttons-is-layout-a89b3969 wp-block-buttons-is-layout-flex\">\n<div class=\"wp-block-button is-style-outline is-style-outline--1\"><a class=\"wp-block-button__link wp-element-button\" href=\"https:\/\/urkult.se\/en\/vanliga-fragor\/\">Vanliga fr\u00e5gor<\/a><\/div>\n<\/div>\n<\/div>\n<\/div>","protected":false},"excerpt":{"rendered":"<p>Vi g\u00f6r i \u00e5r tre sl\u00e4pp med ett begr\u00e4nsat antal rabatterade festivalbiljetter \u2013 tusen \u00e5t g\u00e5ngen. F\u00f6r varje steg \u00f6kar biljettpriserna med 100 kronor. I ett sista sl\u00e4pp blir sedan de \u00e5terst\u00e5ende biljetterna tillg\u00e4ngliga till fullpris, som \u00e4ven g\u00e4ller p\u00e5 plats i entr\u00e9n. K\u00f6p dina biljetter genom att klicka knappen nedan eller ring Ticksters kundtj\u00e4nst [&hellip;]<\/p>\n","protected":false},"author":1,"featured_media":0,"parent":0,"menu_order":0,"comment_status":"closed","ping_status":"closed","template":"","meta":{"_acf_changed":false,"_kad_blocks_custom_css":"","_kad_blocks_head_custom_js":"","_kad_blocks_body_custom_js":"","_kad_blocks_footer_custom_js":"","footnotes":""},"class_list":["post-152","page","type-page","status-publish","hentry"],"acf":[],"taxonomy_info":[],"featured_image_src_large":false,"author_info":{"display_name":"soulstyle","author_link":"https:\/\/urkult.se\/en\/author\/soulstyle\/"},"comment_info":0,"_links":{"self":[{"href":"https:\/\/urkult.se\/en\/wp-json\/wp\/v2\/pages\/152","targetHints":{"allow":["GET"]}}],"collection":[{"href":"https:\/\/urkult.se\/en\/wp-json\/wp\/v2\/pages"}],"about":[{"href":"https:\/\/urkult.se\/en\/wp-json\/wp\/v2\/types\/page"}],"author":[{"embeddable":true,"href":"https:\/\/urkult.se\/en\/wp-json\/wp\/v2\/users\/1"}],"replies":[{"embeddable":true,"href":"https:\/\/urkult.se\/en\/wp-json\/wp\/v2\/comments?post=152"}],"version-history":[{"count":94,"href":"https:\/\/urkult.se\/en\/wp-json\/wp\/v2\/pages\/152\/revisions"}],"predecessor-version":[{"id":1735,"href":"https:\/\/urkult.se\/en\/wp-json\/wp\/v2\/pages\/152\/revisions\/1735"}],"wp:attachment":[{"href":"https:\/\/urkult.se\/en\/wp-json\/wp\/v2\/media?parent=152"}],"curies":[{"name":"wp","href":"https:\/\/api.w.org\/{rel}","templated":true}]}}