{"id":1544,"date":"2026-02-20T02:49:58","date_gmt":"2026-02-20T01:49:58","guid":{"rendered":"https:\/\/urkult.se\/?page_id=1544"},"modified":"2026-03-10T23:56:33","modified_gmt":"2026-03-10T22:56:33","slug":"kontakt-aktivitetstips","status":"publish","type":"page","link":"https:\/\/urkult.se\/en\/kontakt-aktivitetstips\/","title":{"rendered":"Kontakt &#8211; Aktivitetstips"},"content":{"rendered":"<div class=\"kb-row-layout-wrap kb-row-layout-id1544_78e649-50 alignnone wp-block-kadence-rowlayout\"><div class=\"kt-row-column-wrap kt-has-2-columns kt-row-layout-row kt-tab-layout-inherit kt-mobile-layout-row kt-row-valign-top\">\n\n<div class=\"wp-block-kadence-column kadence-column1544_520a1c-8c\"><div class=\"kt-inside-inner-col\">\n<h1 class=\"kt-adv-heading1544_0c9aea-3f wp-block-kadence-advancedheading\" data-kb-block=\"kb-adv-heading1544_0c9aea-3f\">F\u00f6resl\u00e5 en aktivitet\/ f\u00f6rest\u00e4llning<\/h1>\n<\/div><\/div>\n\n\n\n<div class=\"wp-block-kadence-column kadence-column1544_4cec9b-5c\"><div class=\"kt-inside-inner-col\">\n<p class=\"is-style-citat has-quote-font-size\" style=\"margin-bottom:var(--wp--preset--spacing--24)\">Varje \u00e5r presenterar vi ett brett utbud av kurser, barnteatrar, aktiviteter f\u00f6r alla \u00e5ldrar, f\u00f6rel\u00e4sningar och annat kul och sp\u00e4nnande.<\/p>\n\n\n\n<p class=\"is-style-citat has-quote-font-size\" style=\"margin-bottom:var(--wp--preset--spacing--24)\">Vi str\u00e4var efter att f\u00e5 ett varierat utbud f\u00f6r m\u00e5nga olika \u00e5ldrar och upps\u00e4ttningar som st\u00e5r f\u00f6r \u00f6ppenhet, inkludering och genusmedvetenhet.<\/p>\n\n\n\n<p class=\"is-style-citat has-quote-font-size\" style=\"margin-bottom:var(--wp--preset--spacing--24)\">Du kan antingen \u00f6nska generellt vilken typ av aktivitet du skulle vilja uppleva, eller tipsa om en specifik grupp eller person som h\u00e5ller en aktivitet.<\/p>\n\n\n<div class=\"wp-block-kadence-advanced-form wp-block-kadence-advanced-form1541-cpt-id kb-adv-form-label-style-normal kb-adv-form-input-size-large kb-form-basic-style wp-block-kadence-advanced-form\"><form id=\"kb-adv-form-1541-cpt-id\" class=\"kb-advanced-form\" method=\"post\" data-error-message=\"Var v\u00e4nlig \u00e5tg\u00e4rda felen och f\u00f6rs\u00f6k igen.\" novalidate=\"true\" action=\"\">\n<div class=\"kb-adv-form-field kb-adv-form-text-type-input kb-adv-form-infield-type-input kb-field154145df2a-cc wp-block-kadence-advanced-form-text\"><input name=\"aktivitet\" id=\"field154145df2a-cc\" data-label=\"Aktivitet\" type=\"text\" placeholder=\"Aktivitet\/f\u00f6rest\u00e4llning\" value=\"\" data-type=\"text\" class=\"kb-field kb-text-field\" data-required=\"yes\" required aria-required=\"true\" aria-label=\"Aktivitet\" data-kb-required-message=\"Aktivitet\/f\u00f6rest\u00e4llning \u00e4r obligatoriskt\" \/><\/div>\n\n\n<p class=\"is-style-citat\" style=\"margin-top:var(--wp--preset--spacing--8)\">Kontaktv\u00e4gar till aktivitetsledare\/barnteatergrupp\/f\u00f6redragsh\u00e5llare:<\/p>\n\n\n<div class=\"kb-adv-form-field kb-adv-form-text-type-input kb-adv-form-infield-type-input kb-field15415f847a-01 wp-block-kadence-advanced-form-text\"><input name=\"kontaktperson\" id=\"field15415f847a-01\" data-label=\"Kontaktperson\" type=\"text\" placeholder=\"Kontaktperson\" value=\"\" data-type=\"text\" class=\"kb-field kb-text-field\" data-required=\"yes\" required aria-required=\"true\" aria-label=\"Kontaktperson\" data-kb-required-message=\"Kontaktperson \u00e4r obligatoriskt\" \/><\/div>\n\n<div class=\"kb-adv-form-field kb-adv-form-text-type-input kb-adv-form-infield-type-input kb-field154137ddb7-46 wp-block-kadence-advanced-form-email\"><input name=\"email\" id=\"field154137ddb7-46\" data-label=\"Mejl\" type=\"email\" placeholder=\"Mejl\" value=\"\" data-type=\"email\" class=\"kb-field kb-email-field\" data-required=\"yes\" required aria-required=\"true\" aria-label=\"Mejl\" data-kb-required-message=\"Mejl \u00e4r obligatoriskt\" \/><\/div>\n\n<div class=\"kb-adv-form-field kb-adv-form-text-type-input kb-adv-form-infield-type-input kb-field1541ae5e0d-fe wp-block-kadence-advanced-form-telephone\"><input name=\"telefon\" id=\"field1541ae5e0d-fe\" data-label=\"Telefon\" type=\"tel\" placeholder=\"Telefon\" value=\"\" data-type=\"tel\" class=\"kb-field kb-tel-field\" data-required=\"yes\" required aria-required=\"true\" aria-label=\"Telefon\" data-kb-required-message=\"Telefon \u00e4r obligatoriskt\" \/><\/div>\n\n<div class=\"kb-adv-form-field kb-adv-form-text-type-input kb-adv-form-infield-type-input kb-field15413f99bb-24 wp-block-kadence-advanced-form-text\"><input name=\"link1\" id=\"field15413f99bb-24\" data-label=\"L\u00e4nk\" type=\"text\" placeholder=\"L\u00e4nk\" value=\"\" data-type=\"text\" class=\"kb-field kb-text-field\" data-required=\"yes\" required aria-required=\"true\" aria-label=\"L\u00e4nk\" data-kb-required-message=\"L\u00e4nk \u00e4r obligatoriskt\" \/><\/div>\n\n\n<p class=\"is-style-citat has--font-size\" style=\"margin-top:var(--wp--preset--spacing--8)\">De flesta barnf\u00f6rest\u00e4llningar h\u00e5lls i v\u00e5rt cirkust\u00e4lt, s\u00e5 n\u00e4r du skickar in ditt f\u00f6rslag s\u00e5 bed\u00f6m g\u00e4rna innan om du tror att er f\u00f6rest\u00e4llning funkar under de f\u00f6ruts\u00e4ttningar cirkust\u00e4ltet erbjuder. Vissa f\u00f6rest\u00e4llningar spelas utomhus eller p\u00e5 annan alternativ scen.<\/p>\n\n\n\n<p class=\"is-style-specialtext\">Scenstorlek: 7\u00d77,5 m eller 7\u00d73,5 m<br>Takh\u00f6jd: 2\u20133,5 m<br>Antal platser: 80\u2013100 st<br>Ljuss\u00e4ttning: 2\u20134 str\u00e5lkastare<br>Teknik: efter \u00f6verenskommelse<br>M\u00f6jlig m\u00f6rkl\u00e4ggning: ja, vid behov<\/p>\n\n\n<div class=\"kb-adv-form-field kb-adv-form-text-type-input kb-adv-form-infield-type-input kb-field1541847d9d-32 wp-block-kadence-advanced-form-textarea\"><textarea name=\"ytterligare_info\" id=\"field1541847d9d-32\" rows=\"12\"  data-label=\"Ytterligare information\" placeholder=\"Ytterligare information\/beskrivning av tekniska behov\" data-type=\"textarea\" class=\"kb-field kb-textarea-field\" data-required=\"no\" aria-label=\"Ytterligare information\"><\/textarea><\/div>\n\n<div class=\"kb-adv-form-field kb-submit-field kb-fieldf26355-46 wp-block-kadence-advanced-form-submit\"><button class=\"kb-button kt-button button kb-adv-form-submit-button kb-btnf26355-46 kt-btn-size-standard kt-btn-width-type-fixed kb-btn-global-inherit kt-btn-has-text-true kt-btn-has-svg-false wp-block-button__link\" type=\"submit\"><span class=\"kt-btn-inner-text\">Skicka<\/span><\/button><\/div>\n<input type=\"hidden\" name=\"_kb_adv_form_post_id\" value=\"1541\"><input type=\"hidden\" name=\"action\" value=\"kb_process_advanced_form_submit\"><input type=\"hidden\" name=\"_kb_adv_form_id\" value=\"1541-cpt-id\"><input type=\"hidden\" name=\"trp-form-language\" value=\"en\"\/><\/form><\/div><\/div><\/div>\n\n\n\n<div class=\"wp-block-kadence-column kadence-column1544_c39afa-29\"><div class=\"kt-inside-inner-col\"><\/div><\/div>\n\n<\/div><\/div>","protected":false},"excerpt":{"rendered":"<p>F\u00f6resl\u00e5 en aktivitet\/ f\u00f6rest\u00e4llning Varje \u00e5r presenterar vi ett brett utbud av kurser, barnteatrar, aktiviteter f\u00f6r alla \u00e5ldrar, f\u00f6rel\u00e4sningar och annat kul och sp\u00e4nnande. Vi str\u00e4var efter att f\u00e5 ett varierat utbud f\u00f6r m\u00e5nga olika \u00e5ldrar och upps\u00e4ttningar som st\u00e5r f\u00f6r \u00f6ppenhet, inkludering och genusmedvetenhet. Du kan antingen \u00f6nska generellt vilken typ av aktivitet du [&hellip;]<\/p>\n","protected":false},"author":1,"featured_media":0,"parent":0,"menu_order":0,"comment_status":"closed","ping_status":"closed","template":"page-utan-hero","meta":{"_acf_changed":false,"_kad_blocks_custom_css":"","_kad_blocks_head_custom_js":"","_kad_blocks_body_custom_js":"","_kad_blocks_footer_custom_js":"","footnotes":""},"class_list":["post-1544","page","type-page","status-publish","hentry"],"acf":[],"taxonomy_info":[],"featured_image_src_large":false,"author_info":{"display_name":"soulstyle","author_link":"https:\/\/urkult.se\/en\/author\/soulstyle\/"},"comment_info":0,"_links":{"self":[{"href":"https:\/\/urkult.se\/en\/wp-json\/wp\/v2\/pages\/1544","targetHints":{"allow":["GET"]}}],"collection":[{"href":"https:\/\/urkult.se\/en\/wp-json\/wp\/v2\/pages"}],"about":[{"href":"https:\/\/urkult.se\/en\/wp-json\/wp\/v2\/types\/page"}],"author":[{"embeddable":true,"href":"https:\/\/urkult.se\/en\/wp-json\/wp\/v2\/users\/1"}],"replies":[{"embeddable":true,"href":"https:\/\/urkult.se\/en\/wp-json\/wp\/v2\/comments?post=1544"}],"version-history":[{"count":6,"href":"https:\/\/urkult.se\/en\/wp-json\/wp\/v2\/pages\/1544\/revisions"}],"predecessor-version":[{"id":1613,"href":"https:\/\/urkult.se\/en\/wp-json\/wp\/v2\/pages\/1544\/revisions\/1613"}],"wp:attachment":[{"href":"https:\/\/urkult.se\/en\/wp-json\/wp\/v2\/media?parent=1544"}],"curies":[{"name":"wp","href":"https:\/\/api.w.org\/{rel}","templated":true}]}}