{"id":1554,"date":"2026-02-21T00:27:10","date_gmt":"2026-02-20T23:27:10","guid":{"rendered":"https:\/\/urkult.se\/?page_id=1554"},"modified":"2026-03-10T23:45:56","modified_gmt":"2026-03-10T22:45:56","slug":"kontakt-musiktips","status":"publish","type":"page","link":"https:\/\/urkult.se\/en\/kontakt-musiktips\/","title":{"rendered":"Kontakt &#8211; Musiktips"},"content":{"rendered":"<div class=\"kb-row-layout-wrap kb-row-layout-id1554_049d30-99 alignnone wp-block-kadence-rowlayout\"><div class=\"kt-row-column-wrap kt-has-1-columns kt-row-layout-equal kt-tab-layout-inherit kt-mobile-layout-row kt-row-valign-top\">\n\n<div class=\"wp-block-kadence-column kadence-column1554_499635-a4\"><div class=\"kt-inside-inner-col\">\n<h1 class=\"kt-adv-heading1554_4b2e61-7a wp-block-kadence-advancedheading\" data-kb-block=\"kb-adv-heading1554_4b2e61-7a\">TIPSA OM EN MUSIKGRUPP<\/h1>\n\n\n\n<p class=\"is-style-citat has-quote-font-size\" style=\"margin-bottom:var(--wp--preset--spacing--24)\">Det \u00e4r fantastiskt att s\u00e5 m\u00e5nga vill upptr\u00e4da hos oss och att det dessutom \u00e4r s\u00e5 m\u00e5nga av v\u00e5ra bes\u00f6kare som engagerar sig och tipsar. Det \u00e4r b\u00e5de ett n\u00f6je och en utmaning f\u00f6r oss. Vi har ambitionen att lyssna p\u00e5 allt, men f\u00e5r in s\u00e5 otroligt m\u00e5nga tips.<\/p>\n\n\n\n<p class=\"is-style-citat has-quote-font-size\" style=\"margin-bottom:var(--wp--preset--spacing--24)\">Fyll i formul\u00e4ret f\u00f6r att underl\u00e4tta v\u00e5r sortering bland alla f\u00f6rslag. Svara s\u00e5 gott du kan.<\/p>\n\n\n<div class=\"wp-block-kadence-advanced-form wp-block-kadence-advanced-form1504-cpt-id kb-adv-form-label-style-normal kb-adv-form-input-size-large kb-form-basic-style wp-block-kadence-advanced-form\"><form id=\"kb-adv-form-1504-cpt-id\" class=\"kb-advanced-form\" method=\"post\" data-error-message=\"Var v\u00e4nlig \u00e5tg\u00e4rda felen och f\u00f6rs\u00f6k igen.\" novalidate=\"true\" action=\"\">\n<div class=\"kb-adv-form-field kb-adv-form-text-type-input kb-adv-form-infield-type-input kb-field150445df2a-cc wp-block-kadence-advanced-form-text\"><input name=\"artist\" id=\"field150445df2a-cc\" data-label=\"Artist\" type=\"text\" placeholder=\"Artist\" value=\"\" data-type=\"text\" class=\"kb-field kb-text-field\" data-required=\"yes\" required aria-required=\"true\" aria-label=\"Artist\" data-kb-required-message=\"Artist \u00e4r obligatoriskt\" \/><\/div>\n\n<div class=\"kb-adv-form-field kb-adv-form-text-type-input kb-adv-form-infield-type-input kb-field15045f847a-01 wp-block-kadence-advanced-form-text\"><input name=\"genre\" id=\"field15045f847a-01\" data-label=\"Genre\" type=\"text\" placeholder=\"Genre\" value=\"\" data-type=\"text\" class=\"kb-field kb-text-field\" data-required=\"yes\" required aria-required=\"true\" aria-label=\"Genre\" data-kb-required-message=\"Genre \u00e4r obligatoriskt\" \/><\/div>\n\n<div class=\"kb-adv-form-field kb-adv-form-text-type-input kb-adv-form-infield-type-input kb-field15040b4cc8-b3 wp-block-kadence-advanced-form-text\"><input name=\"land\" id=\"field15040b4cc8-b3\" data-label=\"Land\" type=\"text\" placeholder=\"Land\" value=\"\" data-type=\"text\" class=\"kb-field kb-text-field\" data-required=\"yes\" required aria-required=\"true\" aria-label=\"Land\" data-kb-required-message=\"Land \u00e4r obligatoriskt\" \/><\/div>\n\n\n<p class=\"is-style-citat\" style=\"margin-top:var(--wp--preset--spacing--8)\">Urkult arbetar efter en policy d\u00e4r vi bokar j\u00e4mst\u00e4llt mellan manliga och kvinnliga musiker.<br><br>Hur ser k\u00f6nsf\u00f6rdelningen ut i bandet?<\/p>\n\n\n<div class=\"kb-row-layout-wrap kb-row-layout-id1554_57d475-9d alignnone wp-block-kadence-rowlayout\"><div class=\"kt-row-column-wrap kt-has-3-columns kt-row-layout-equal kt-tab-layout-inherit kt-mobile-layout-row kt-row-valign-top\">\n\n<div class=\"wp-block-kadence-column kadence-column1554_e394d4-1b\"><div class=\"kt-inside-inner-col\"><div class=\"kb-adv-form-field kb-adv-form-text-type-input kb-adv-form-infield-type-input kb-field15044b92e4-6c wp-block-kadence-advanced-form-text\"><input name=\"kvinnor\" id=\"field15044b92e4-6c\" data-label=\"Kvinnor\" type=\"text\" placeholder=\"Kvinnor\" value=\"\" data-type=\"text\" class=\"kb-field kb-text-field\" data-required=\"no\" aria-label=\"Kvinnor\"\/><\/div><\/div><\/div>\n\n\n\n<div class=\"wp-block-kadence-column kadence-column1554_9c1539-b2\"><div class=\"kt-inside-inner-col\"><div class=\"kb-adv-form-field kb-adv-form-text-type-input kb-adv-form-infield-type-input kb-field1504a48463-5b wp-block-kadence-advanced-form-text\"><input name=\"man\" id=\"field1504a48463-5b\" data-label=\"M\u00e4n\" type=\"text\" placeholder=\"M\u00e4n\" value=\"\" data-type=\"text\" class=\"kb-field kb-text-field\" data-required=\"no\" aria-label=\"M\u00e4n\"\/><\/div><\/div><\/div>\n\n\n\n<div class=\"wp-block-kadence-column kadence-column1554_b52c85-8c\"><div class=\"kt-inside-inner-col\"><div class=\"kb-adv-form-field kb-adv-form-text-type-input kb-adv-form-infield-type-input kb-field15049e947f-d5 wp-block-kadence-advanced-form-text\"><input name=\"icke_binara\" id=\"field15049e947f-d5\" data-label=\"Icke-Bin\u00e4ra\" type=\"text\" placeholder=\"Icke-bin\u00e4ra\" value=\"\" data-type=\"text\" class=\"kb-field kb-text-field\" data-required=\"no\" aria-label=\"Icke-Bin\u00e4ra\"\/><\/div><\/div><\/div>\n\n<\/div><\/div>\n\n\n<p class=\"is-style-citat has--font-size\">Skicka med l\u00e4nkar d\u00e4r vi kan f\u00e5 reda p\u00e5 mer om artisten och lyssna p\u00e5 musiken (g\u00e4rna en live-video):<\/p>\n\n\n<div class=\"kb-adv-form-field kb-adv-form-text-type-input kb-adv-form-infield-type-input kb-field15043f99bb-24 wp-block-kadence-advanced-form-text\"><input name=\"link1\" id=\"field15043f99bb-24\" data-label=\"L\u00e4nk 1\" type=\"text\" placeholder=\"L\u00e4nk\" value=\"\" data-type=\"text\" class=\"kb-field kb-text-field\" data-required=\"yes\" required aria-required=\"true\" aria-label=\"L\u00e4nk 1\" data-kb-required-message=\"Minst 1 l\u00e4nk kr\u00e4vs\" \/><\/div>\n\n<div class=\"kb-adv-form-field kb-adv-form-text-type-input kb-adv-form-infield-type-input kb-field15047a0e08-b7 wp-block-kadence-advanced-form-text\"><input name=\"link2\" id=\"field15047a0e08-b7\" data-label=\"L\u00e4nk 2\" type=\"text\" placeholder=\"L\u00e4nk\" value=\"\" data-type=\"text\" class=\"kb-field kb-text-field\" data-required=\"no\" aria-label=\"L\u00e4nk 2\"\/><\/div>\n\n<div class=\"kb-adv-form-field kb-adv-form-text-type-input kb-adv-form-infield-type-input kb-field1504c1172b-ce wp-block-kadence-advanced-form-text\"><input name=\"link3\" id=\"field1504c1172b-ce\" data-label=\"L\u00e4nk 3\" type=\"text\" placeholder=\"L\u00e4nk\" value=\"\" data-type=\"text\" class=\"kb-field kb-text-field\" data-required=\"no\" aria-label=\"L\u00e4nk 3\"\/><\/div>\n\n\n<p class=\"is-style-citat has--font-size\" style=\"margin-top:var(--wp--preset--spacing--8)\">Kontakt till artist\/management:<\/p>\n\n\n<div class=\"kb-adv-form-field kb-adv-form-text-type-input kb-adv-form-infield-type-input kb-field150437ddb7-46 wp-block-kadence-advanced-form-email\"><input name=\"email\" id=\"field150437ddb7-46\" data-label=\"Mejl\" type=\"email\" placeholder=\"Mejl\" value=\"\" data-type=\"email\" class=\"kb-field kb-email-field\" data-required=\"yes\" required aria-required=\"true\" aria-label=\"Mejl\" data-kb-required-message=\"Mejl \u00e4r obligatoriskt\" \/><\/div>\n\n<div class=\"kb-adv-form-field kb-submit-field kb-fieldf26355-46 wp-block-kadence-advanced-form-submit\"><button class=\"kb-button kt-button button kb-adv-form-submit-button kb-btnf26355-46 kt-btn-size-standard kt-btn-width-type-fixed kb-btn-global-inherit kt-btn-has-text-true kt-btn-has-svg-false wp-block-button__link\" type=\"submit\"><span class=\"kt-btn-inner-text\">Skicka<\/span><\/button><\/div>\n<input type=\"hidden\" name=\"_kb_adv_form_post_id\" value=\"1504\"><input type=\"hidden\" name=\"action\" value=\"kb_process_advanced_form_submit\"><input type=\"hidden\" name=\"_kb_adv_form_id\" value=\"1504-cpt-id\"><input type=\"hidden\" name=\"trp-form-language\" value=\"en\"\/><\/form><\/div><\/div><\/div>\n\n<\/div><\/div>","protected":false},"excerpt":{"rendered":"<p>TIPSA OM EN MUSIKGRUPP Det \u00e4r fantastiskt att s\u00e5 m\u00e5nga vill upptr\u00e4da hos oss och att det dessutom \u00e4r s\u00e5 m\u00e5nga av v\u00e5ra bes\u00f6kare som engagerar sig och tipsar. Det \u00e4r b\u00e5de ett n\u00f6je och en utmaning f\u00f6r oss. Vi har ambitionen att lyssna p\u00e5 allt, men f\u00e5r in s\u00e5 otroligt m\u00e5nga tips. Fyll i [&hellip;]<\/p>\n","protected":false},"author":1,"featured_media":0,"parent":0,"menu_order":0,"comment_status":"closed","ping_status":"closed","template":"page-utan-hero","meta":{"_acf_changed":false,"_kad_blocks_custom_css":"","_kad_blocks_head_custom_js":"","_kad_blocks_body_custom_js":"","_kad_blocks_footer_custom_js":"","footnotes":""},"class_list":["post-1554","page","type-page","status-publish","hentry"],"acf":[],"taxonomy_info":[],"featured_image_src_large":false,"author_info":{"display_name":"soulstyle","author_link":"https:\/\/urkult.se\/en\/author\/soulstyle\/"},"comment_info":0,"_links":{"self":[{"href":"https:\/\/urkult.se\/en\/wp-json\/wp\/v2\/pages\/1554","targetHints":{"allow":["GET"]}}],"collection":[{"href":"https:\/\/urkult.se\/en\/wp-json\/wp\/v2\/pages"}],"about":[{"href":"https:\/\/urkult.se\/en\/wp-json\/wp\/v2\/types\/page"}],"author":[{"embeddable":true,"href":"https:\/\/urkult.se\/en\/wp-json\/wp\/v2\/users\/1"}],"replies":[{"embeddable":true,"href":"https:\/\/urkult.se\/en\/wp-json\/wp\/v2\/comments?post=1554"}],"version-history":[{"count":3,"href":"https:\/\/urkult.se\/en\/wp-json\/wp\/v2\/pages\/1554\/revisions"}],"predecessor-version":[{"id":1610,"href":"https:\/\/urkult.se\/en\/wp-json\/wp\/v2\/pages\/1554\/revisions\/1610"}],"wp:attachment":[{"href":"https:\/\/urkult.se\/en\/wp-json\/wp\/v2\/media?parent=1554"}],"curies":[{"name":"wp","href":"https:\/\/api.w.org\/{rel}","templated":true}]}}