{"id":1558,"date":"2026-02-21T00:09:23","date_gmt":"2026-02-20T23:09:23","guid":{"rendered":"https:\/\/urkult.se\/?page_id=1558"},"modified":"2026-02-21T00:26:23","modified_gmt":"2026-02-20T23:26:23","slug":"kontakt-press","status":"publish","type":"page","link":"https:\/\/urkult.se\/en\/kontakt-press\/","title":{"rendered":"Kontakt &#8211; Press"},"content":{"rendered":"<div class=\"kb-row-layout-wrap kb-row-layout-id1558_1d1889-6a alignnone wp-block-kadence-rowlayout\"><div class=\"kt-row-column-wrap kt-has-1-columns kt-row-layout-equal kt-tab-layout-inherit kt-mobile-layout-row kt-row-valign-top\">\n\n<div class=\"wp-block-kadence-column kadence-column1558_ebe2dc-06\"><div class=\"kt-inside-inner-col\">\n<h1 class=\"kt-adv-heading1558_2c896a-f7 wp-block-kadence-advancedheading\" data-kb-block=\"kb-adv-heading1558_2c896a-f7\">Fr\u00e5ga om media\/ pressackrediteringar<\/h1>\n\n\n\n<p class=\"is-style-citat has-quote-font-size\" style=\"margin-bottom:var(--wp--preset--spacing--24)\">\u00c4r du journalist och vill st\u00e4lla n\u00e5gra fr\u00e5gor, eller komma och bevaka festivalen? Fyll i formul\u00e4ret f\u00f6r att komma i kontakt med Urkults pressansvariga.<\/p>\n\n\n<div class=\"wp-block-kadence-advanced-form wp-block-kadence-advanced-form1577-cpt-id kb-adv-form-label-style-normal kb-adv-form-input-size-large kb-form-basic-style wp-block-kadence-advanced-form\"><form id=\"kb-adv-form-1577-cpt-id\" class=\"kb-advanced-form\" method=\"post\" data-error-message=\"Var v\u00e4nlig \u00e5tg\u00e4rda felen och f\u00f6rs\u00f6k igen.\" novalidate=\"true\" action=\"\">\n<div class=\"kb-adv-form-field kb-adv-form-text-type-input kb-adv-form-infield-type-input kb-field157745df2a-cc wp-block-kadence-advanced-form-text\"><input name=\"namn\" id=\"field157745df2a-cc\" data-label=\"Namn\" type=\"text\" placeholder=\"Namn\" value=\"\" data-type=\"text\" class=\"kb-field kb-text-field\" data-required=\"yes\" required aria-required=\"true\" aria-label=\"Namn\" data-kb-required-message=\"Namn \u00e4r obligatoriskt.\" \/><\/div>\n\n<div class=\"kb-adv-form-field kb-adv-form-text-type-input kb-adv-form-infield-type-input kb-field1577da2b55-a6 wp-block-kadence-advanced-form-text\"><input name=\"media\" id=\"field1577da2b55-a6\" data-label=\"Media\" type=\"text\" placeholder=\"Media\" value=\"\" data-type=\"text\" class=\"kb-field kb-text-field\" data-required=\"yes\" required aria-required=\"true\" aria-label=\"Media\" data-kb-required-message=\"Media \u00e4r obligatoriskt.\" \/><\/div>\n\n<div class=\"kb-adv-form-field kb-adv-form-text-type-input kb-adv-form-infield-type-input kb-field157737ddb7-46 wp-block-kadence-advanced-form-email\"><input name=\"field37ddb7-46\" id=\"field157737ddb7-46\" data-label=\"Mejl\" type=\"email\" placeholder=\"Mejl\" value=\"\" data-type=\"email\" class=\"kb-field kb-email-field\" data-required=\"yes\" required aria-required=\"true\" aria-label=\"Mejl\" data-kb-required-message=\"Mejl \u00e4r obligatoriskt.\" \/><\/div>\n\n<div class=\"kb-adv-form-field kb-adv-form-text-type-input kb-adv-form-infield-type-input kb-field1577271003-ea wp-block-kadence-advanced-form-telephone\"><input name=\"field271003-ea\" id=\"field1577271003-ea\" data-label=\"Telefon\" type=\"tel\" placeholder=\"Telefon\" value=\"\" data-type=\"tel\" class=\"kb-field kb-tel-field\" data-required=\"no\" aria-label=\"Telefon\"\/><\/div>\n\n<div class=\"kb-adv-form-field kb-adv-form-text-type-input kb-adv-form-infield-type-input kb-field1577e839dd-c6 wp-block-kadence-advanced-form-textarea\"><textarea name=\"fielde839dd-c6\" id=\"field1577e839dd-c6\" rows=\"8\"  data-label=\"Meddelande\" placeholder=\"Meddelande\" data-type=\"textarea\" class=\"kb-field kb-textarea-field\" data-required=\"yes\" required aria-required=\"true\" aria-label=\"Meddelande\" data-kb-required-message=\"Meddelande \u00e4r obligatoriskt.\" ><\/textarea><\/div>\n\n<div class=\"kb-adv-form-field kb-submit-field kb-fieldf26355-46 wp-block-kadence-advanced-form-submit\"><button class=\"kb-button kt-button button kb-adv-form-submit-button kb-btnf26355-46 kt-btn-size-standard kt-btn-width-type-fixed kb-btn-global-inherit kt-btn-has-text-true kt-btn-has-svg-false wp-block-button__link\" type=\"submit\"><span class=\"kt-btn-inner-text\">Skicka<\/span><\/button><\/div>\n<input type=\"hidden\" name=\"_kb_adv_form_post_id\" value=\"1577\"><input type=\"hidden\" name=\"action\" value=\"kb_process_advanced_form_submit\"><input type=\"hidden\" name=\"_kb_adv_form_id\" value=\"1577-cpt-id\"><input type=\"hidden\" name=\"trp-form-language\" value=\"en\"\/><\/form><\/div><\/div><\/div>\n\n<\/div><\/div>","protected":false},"excerpt":{"rendered":"<p>Fr\u00e5ga om media\/ pressackrediteringar \u00c4r du journalist och vill st\u00e4lla n\u00e5gra fr\u00e5gor, eller komma och bevaka festivalen? Fyll i formul\u00e4ret f\u00f6r att komma i kontakt med Urkults pressansvariga.<\/p>","protected":false},"author":1,"featured_media":0,"parent":0,"menu_order":0,"comment_status":"closed","ping_status":"closed","template":"page-utan-hero","meta":{"_acf_changed":false,"_kad_blocks_custom_css":"","_kad_blocks_head_custom_js":"","_kad_blocks_body_custom_js":"","_kad_blocks_footer_custom_js":"","footnotes":""},"class_list":["post-1558","page","type-page","status-publish","hentry"],"acf":[],"taxonomy_info":[],"featured_image_src_large":false,"author_info":{"display_name":"soulstyle","author_link":"https:\/\/urkult.se\/en\/author\/soulstyle\/"},"comment_info":0,"_links":{"self":[{"href":"https:\/\/urkult.se\/en\/wp-json\/wp\/v2\/pages\/1558","targetHints":{"allow":["GET"]}}],"collection":[{"href":"https:\/\/urkult.se\/en\/wp-json\/wp\/v2\/pages"}],"about":[{"href":"https:\/\/urkult.se\/en\/wp-json\/wp\/v2\/types\/page"}],"author":[{"embeddable":true,"href":"https:\/\/urkult.se\/en\/wp-json\/wp\/v2\/users\/1"}],"replies":[{"embeddable":true,"href":"https:\/\/urkult.se\/en\/wp-json\/wp\/v2\/comments?post=1558"}],"version-history":[{"count":9,"href":"https:\/\/urkult.se\/en\/wp-json\/wp\/v2\/pages\/1558\/revisions"}],"predecessor-version":[{"id":1605,"href":"https:\/\/urkult.se\/en\/wp-json\/wp\/v2\/pages\/1558\/revisions\/1605"}],"wp:attachment":[{"href":"https:\/\/urkult.se\/en\/wp-json\/wp\/v2\/media?parent=1558"}],"curies":[{"name":"wp","href":"https:\/\/api.w.org\/{rel}","templated":true}]}}