{"id":1765,"date":"2026-04-07T14:04:14","date_gmt":"2026-04-07T12:04:14","guid":{"rendered":"https:\/\/urkult.se\/?page_id=1765"},"modified":"2026-04-07T19:32:19","modified_gmt":"2026-04-07T17:32:19","slug":"hitta-till-nasaker","status":"publish","type":"page","link":"https:\/\/urkult.se\/en\/hitta-till-nasaker\/","title":{"rendered":"Hitta till N\u00e4s\u00e5ker"},"content":{"rendered":"<div class=\"kb-row-layout-wrap kb-row-layout-id1765_95809a-4b alignfull hero-section full-screen-height wp-block-kadence-rowlayout\"><div class=\"kb-blocks-bg-video-container\"><video class=\"kb-blocks-bg-video\" id=\"bg-row-video-1765_95809a-4b\" playsinline muted loop src=\"https:\/\/urkult.se\/wp-content\/uploads\/2026\/04\/Hitta-till-Nasaker-16x9-1.mp4\" autoplay><\/video><div class=\"kb-background-video-buttons-wrapper kb-background-video-buttons-html5\"><button class=\"kb-background-video-play kb-toggle-video-btn\" aria-label=\"Play\" aria-hidden=\"true\" style=\"display: none;\"><svg viewbox=\"0 0 448 512\" height=\"16\" width=\"16\" fill=\"currentColor\" xmlns=\"https:\/\/www.w3.org\/2000\/svg\"><path d=\"M424.4 214.7L72.4 6.6C43.8-10.3 0 6.1 0 47.9V464c0 37.5 40.7 60.1 72.4 41.3l352-208c31.4-18.5 31.5-64.1 0-82.6z\"><\/path><\/svg><\/button><button class=\"kb-background-video-pause kb-toggle-video-btn\" aria-label=\"Pause\" aria-hidden=\"false\"><svg viewbox=\"0 0 448 512\" height=\"16\" width=\"16\" fill=\"currentColor\" xmlns=\"https:\/\/www.w3.org\/2000\/svg\"><path d=\"M144 479H48c-26.5 0-48-21.5-48-48V79c0-26.5 21.5-48 48-48h96c26.5 0 48 21.5 48 48v352c0 26.5-21.5 48-48 48zm304-48V79c0-26.5-21.5-48-48-48h-96c-26.5 0-48 21.5-48 48v352c0 26.5 21.5 48 48 48h96c26.5 0 48-21.5 48-48z\"><\/path><\/svg><\/button><\/div><\/div><div class=\"kt-row-column-wrap kt-has-2-columns kt-row-layout-row kt-tab-layout-inherit kt-mobile-layout-row kt-row-valign-middle\">\n\n<div class=\"wp-block-kadence-column kadence-column1765_0fc41d-ae\"><div class=\"kt-inside-inner-col\">\n<div class=\"wp-block-kadence-image kb-imageurkult__archive-artist_d2b45d-a2 logo-fade-out\" data-aos=\"fade\" data-aos-duration=\"750\" data-aos-delay=\"1000\" data-aos-easing=\"ease-in-out-cubic\"><figure class=\"aligncenter size-full\"><img loading=\"lazy\" decoding=\"async\" width=\"512\" height=\"361\" src=\"https:\/\/iyn9gqmzpf-staging.onrocket.site\/wp-content\/uploads\/2026\/01\/urkult-logo-30-ar.png\" alt=\"\" class=\"kb-img wp-image-783\" srcset=\"https:\/\/urkult.se\/wp-content\/uploads\/2026\/01\/urkult-logo-30-ar.png 512w, https:\/\/urkult.se\/wp-content\/uploads\/2026\/01\/urkult-logo-30-ar-300x212.png 300w, https:\/\/urkult.se\/wp-content\/uploads\/2026\/01\/urkult-logo-30-ar-18x12.png 18w\" sizes=\"auto, (max-width: 512px) 100vw, 512px\" \/><\/figure><\/div>\n<\/div><\/div>\n\n\n\n<div class=\"wp-block-kadence-column kadence-columnurkult__page_42fc5b-49\"><div class=\"kt-inside-inner-col\"><h1 style=\"padding-top:0;padding-bottom:0;margin-top:0;margin-bottom:0;\" class=\"has-text-align-center is-shadow-sharp wp-block-post-title\">Hitta till N\u00e4s\u00e5ker<\/h1><\/div><\/div>\n\n<\/div><\/div>\n\n\n<p class=\"has-text-align-center is-style-citat has-red-color has-text-color has-link-color wp-elements-d159f099e8f21464ca50eb27dd9bf5b0\">N\u00e4s\u00e5ker ligger i \u00c5dals-Lidens socken, som har runt 1000 inv\u00e5nare.<br>Det ligger 4 mil fr\u00e5n Sollefte\u00e5 som \u00e4r kommunens centralort<\/p>\n\n\n\n<div class=\"wp-block-columns alignwide is-layout-flex wp-container-core-columns-is-layout-28f84493 wp-block-columns-is-layout-flex\">\n<div class=\"wp-block-column is-layout-flow wp-block-column-is-layout-flow\">\n<div class=\"wp-block-group is-style-observe-box has-border-color has-global-padding is-layout-constrained wp-container-core-group-is-layout-acbf2b71 wp-block-group-is-layout-constrained\" style=\"border-color:var(--wp--preset--color--red);border-style:solid;border-width:3px;padding-top:12px;padding-right:18px;padding-bottom:18px;padding-left:18px\">\n<h3 class=\"wp-block-heading has-text-align-center has-red-color has-text-color\" style=\"text-transform:uppercase\">Parkering<\/h3>\n\n\n\n<p class=\"is-style-specialtext\">F\u00f6r dig som reser med egen bil \u00e4r det viktigt att k\u00e4nna till att parkeringsm\u00f6jligheterna i N\u00e4s\u00e5ker \u00e4r begr\u00e4nsade. Det b\u00e4sta alternativet \u00e4r att st\u00e4lla bilen p\u00e5 den stora \u201dkyrkparkeringen\u201d f\u00f6r bes\u00f6kare ca 500 meter fr\u00e5n festplatsen, mellan kyrkan och riksv\u00e4g 90, intill Sigges Familjecamping. Det finns gott om platser p\u00e5 parkeringen.<\/p>\n\n\n\n<p>Under festivalen r\u00e5der tillf\u00e4lligt parkeringsf\u00f6rbud i byn, samt utefter nipan, f\u00f6r att r\u00e4ddningstj\u00e4nst och ambulans m\u00e5ste kunna ta sig fram. Den som parkerar efter gatan kan f\u00e5 parkeringsb\u00f6ter. <\/p>\n\n\n\n<p>P\u00e5 kyrkparkeringen betalar du med Swish eller kontant. Om du flyttar din bil har du l\u00e4mnat din plats och beh\u00f6ver betala p\u00e5 nytt om du vill parkera igen. Observera att husbilar\/-vagnar, vans eller campingt\u00e4lt ej f\u00e5r st\u00e5 p\u00e5 parkeringen. Det \u00e4r inte heller till\u00e5tet att bo i bilen, av brand- och s\u00e4kerhetssk\u00e4l.&nbsp;<\/p>\n\n\n\n<p class=\"is-style-specialtext\">Du som vill bo i bilen h\u00e4nvisas till&nbsp;Kl\u00e4ppcampingen!<\/p>\n<\/div>\n\n\n\n<p><\/p>\n<\/div>\n\n\n\n<div class=\"wp-block-column is-layout-flow wp-block-column-is-layout-flow\">\n<figure class=\"wp-block-image size-full\"><img loading=\"lazy\" decoding=\"async\" width=\"1200\" height=\"800\" src=\"https:\/\/urkult.se\/wp-content\/uploads\/2026\/04\/AllisOne_foto_JE_Badh.jpg\" alt=\"All is One\" class=\"wp-image-1802\" srcset=\"https:\/\/urkult.se\/wp-content\/uploads\/2026\/04\/AllisOne_foto_JE_Badh.jpg 1200w, https:\/\/urkult.se\/wp-content\/uploads\/2026\/04\/AllisOne_foto_JE_Badh-300x200.jpg 300w, https:\/\/urkult.se\/wp-content\/uploads\/2026\/04\/AllisOne_foto_JE_Badh-1024x683.jpg 1024w, https:\/\/urkult.se\/wp-content\/uploads\/2026\/04\/AllisOne_foto_JE_Badh-768x512.jpg 768w, https:\/\/urkult.se\/wp-content\/uploads\/2026\/04\/AllisOne_foto_JE_Badh-18x12.jpg 18w\" sizes=\"auto, (max-width: 1200px) 100vw, 1200px\" \/><figcaption class=\"wp-element-caption\">All is One. Foto JE Badh.<\/figcaption><\/figure>\n<\/div>\n<\/div>\n\n\n\n<h2 class=\"wp-block-heading has-text-align-center\">Res kollektivt och minska din klimatp\u00e5verkan!<\/h2>\n\n\n\n<div class=\"wp-block-columns is-layout-flex wp-container-core-columns-is-layout-28f84493 wp-block-columns-is-layout-flex\">\n<div class=\"wp-block-column is-layout-flow wp-block-column-is-layout-flow\">\n<h3 class=\"wp-block-heading has-red-color has-text-color has-link-color wp-elements-b8483991a04b93729d0277aaf17f6902\"><a href=\"https:\/\/www.dintur.se\/\" class=\"ek-link\">Lokaltrafik<\/a><\/h3>\n\n\n\n<p><a href=\"https:\/\/www.dintur.se\/\" class=\"ek-link\">Din Tur<\/a> k\u00f6r turer fr\u00e5n t\u00e5gstationen i Kramfors och busstationen i Sollefte\u00e5. L\u00e4nsbussar till Sollefte\u00e5 g\u00e5r fr\u00e5n bland annat Sundsvall, \u00d6rnsk\u00f6ldsvik och \u00d6stersund. Observera att bussarna \u00e4r kontantfria.<\/p>\n\n\n\n<h3 class=\"wp-block-heading has-red-color has-text-color has-link-color wp-elements-b378dc269a83b9f371c2d5e510f651ca\"><a href=\"https:\/\/bokning.nassjojarnvagsmuseum.se\/trains\/81\/station\" class=\"ek-link\">Urkultst\u00e5get<\/a><\/h3>\n\n\n\n<p>Tuffa till Urkult med veterant\u00e5g! P\u00e5stigning i Stockholm, Uppsala och G\u00e4vle. Livemusik och trevligt umg\u00e4nge ombord! Bokning direkt via\u00a0<a href=\"https:\/\/bokning.nassjojarnvagsmuseum.se\/trains\/81\/station\" class=\"ek-link\">N\u00e4ssj\u00f6 J\u00e4rnv\u00e4gsmuseum<\/a><a href=\"https:\/\/bokning.nassjojarnvagsmuseum.se\/trains\/50\/station\" class=\"ek-link\">.<\/a><\/p>\n\n\n\n<p><\/p>\n\n\n\n<h3 class=\"wp-block-heading has-red-color has-text-color has-link-color wp-elements-a30efc840c05b67c4f9b6bd01b3a686e\"><a href=\"https:\/\/www.ybuss.se\/\" class=\"ek-link\">Y-buss<\/a><\/h3>\n\n\n\n<p>Res smidigt med <a href=\"https:\/\/www.ybuss.se\/\" class=\"ek-link\">Y-buss<\/a> till N\u00e4s\u00e5ker.&nbsp;<a href=\"https:\/\/www.ybuss.se\/\" class=\"ek-link\">Y-bussen<\/a>&nbsp;avg\u00e5r fr\u00e5n bland annat Stockholm via Uppsala, G\u00e4vle Bro, S\u00f6derhamn, Hudiksvall, Sundsvall och H\u00e4rn\u00f6sand upp till N\u00e4s\u00e5ker. Du kan hoppa p\u00e5 och av vid flera mellanliggande h\u00e5llplatser. S\u00f6k p\u00e5 h\u00e5llplats \u201dUrkult\u201d f\u00f6r att hitta destinationen.<\/p>\n<\/div>\n\n\n\n<div class=\"wp-block-column is-layout-flow wp-block-column-is-layout-flow\">\n<h3 class=\"wp-block-heading has-red-color has-text-color has-link-color wp-elements-d880ac733b6b754a58b7562fdcb6617a\"><a href=\"https:\/\/www.sj.se\/\" class=\"ek-link\">SJ<\/a><\/h3>\n\n\n\n<p><a href=\"https:\/\/www.sj.se\/\" class=\"ek-link\">SJ<\/a> k\u00f6r t\u00e5g till exempelvis Sundsvall och Kramfors, sedan \u00e4r det l\u00e4nsbuss med <a href=\"https:\/\/www.dintur.se\/\" class=\"ek-link\">Din Tur<\/a> som g\u00e4ller. Boka din resa till Sollefte\u00e5 och ta en kompletteringsbuss d\u00e4rifr\u00e5n.<\/p>\n\n\n\n<h3 class=\"wp-block-heading has-red-color has-text-color has-link-color wp-elements-56afa9f11493cb2e425042f3142ba639\">Gl\u00e4djet\u00e5get<\/h3>\n\n\n\n<p>Stockholm-N\u00e4s\u00e5ker direkt med mysig veteranbuss till sj\u00e4lvkostnadspris i h\u00e5llbar anda.&nbsp;Skicka ett tomt mejl till&nbsp;<a href=\"mailto:urkult@gladjetaget.org\">urkult@gladjetaget.org<\/a>. Tider, kostnad, etc. kommer direkt med v\u00e4ndande mejl.&nbsp;\u00c4ven Kooperativet Kontrabuss &amp; Morsanbussen k\u00f6r till Urkult. De str\u00e4var efter global och lokal resursbesparing.&nbsp;Genom att arbeta i anarkistisk anda s\u00e5 manifesterar de principen om icke\u00e4gande, uppmuntrar till personlig aktivitet och ansvarstagande.<\/p>\n\n\n\n<p><\/p>\n\n\n\n<h3 class=\"wp-block-heading has-red-color has-text-color has-link-color wp-elements-387528fb6882bf3f6778c0d038937d8e\"><a href=\"http:\/\/skjutsgruppen.se\/\" class=\"ek-link\">Skjutsgruppen<\/a><\/h3>\n\n\n\n<p><a href=\"http:\/\/skjutsgruppen.se\/\" class=\"ek-link\">Skjutsgruppen<\/a>&nbsp;\u00e4r en ideell f\u00f6rening som utg\u00f6rs av tusentals privatpersoner som delar fordon f\u00f6r att det \u00e4r billigt, milj\u00f6v\u00e4nligt och roligt. En av de st\u00f6rsta grupperna handlar om Urkult.<\/p>\n<\/div>\n<\/div>\n\n\n\n<h2 class=\"wp-block-heading has-text-align-center\">Kompletterings-bussar<\/h2>\n\n\n\n<div class=\"wp-block-columns is-layout-flex wp-container-core-columns-is-layout-28f84493 wp-block-columns-is-layout-flex\">\n<div class=\"wp-block-column is-layout-flow wp-block-column-is-layout-flow\">\n<figure class=\"wp-block-image size-large\"><img loading=\"lazy\" decoding=\"async\" width=\"1024\" height=\"681\" src=\"https:\/\/urkult.se\/wp-content\/uploads\/2026\/04\/Utsiktsplatsen_foto_Timothy_Gottlieb-1024x681.jpg\" alt=\"Utsiktsplatsen p\u00e5 festplatsen i N\u00e4s\u00e5ker\" class=\"wp-image-1820\" srcset=\"https:\/\/urkult.se\/wp-content\/uploads\/2026\/04\/Utsiktsplatsen_foto_Timothy_Gottlieb-1024x681.jpg 1024w, https:\/\/urkult.se\/wp-content\/uploads\/2026\/04\/Utsiktsplatsen_foto_Timothy_Gottlieb-300x200.jpg 300w, https:\/\/urkult.se\/wp-content\/uploads\/2026\/04\/Utsiktsplatsen_foto_Timothy_Gottlieb-768x511.jpg 768w, https:\/\/urkult.se\/wp-content\/uploads\/2026\/04\/Utsiktsplatsen_foto_Timothy_Gottlieb-18x12.jpg 18w, https:\/\/urkult.se\/wp-content\/uploads\/2026\/04\/Utsiktsplatsen_foto_Timothy_Gottlieb.jpg 1200w\" sizes=\"auto, (max-width: 1024px) 100vw, 1024px\" \/><figcaption class=\"wp-element-caption\">Utsiktsplatsen p\u00e5 festplatsen i N\u00e4s\u00e5ker. Foto Timothy Gottlieb.<\/figcaption><\/figure>\n\n\n\n<p><\/p>\n<\/div>\n\n\n\n<div class=\"wp-block-column is-layout-flow wp-block-column-is-layout-flow\">\n<h3 class=\"wp-block-heading is-style-default has-red-color has-text-color has-link-color wp-elements-283b206db18cf9dfd2eccd9c38fb1822\">Kompletteringsbussar<\/h3>\n\n\n\n<p class=\"is-style-default\">Urkult s\u00e4tter in kompletteringsbussar mellan Kramfors, Sollefte\u00e5 och N\u00e4s\u00e5ker i samband med festivalen. Dessa turer finns inte med i de ordinarie turlistorna och inte p\u00e5 SJ, men \u00e4r till f\u00f6r att underl\u00e4tta din resa till Urkult. Resan mellan Kramfors och N\u00e4s\u00e5ker tar ca 90 minuter och fr\u00e5n Sollefte\u00e5 ca 45 minuter.<\/p>\n\n\n\n<div class=\"wp-block-buttons is-content-justification-center is-layout-flex wp-container-core-buttons-is-layout-a89b3969 wp-block-buttons-is-layout-flex\">\n<div class=\"wp-block-button\"><a class=\"wp-block-button__link wp-element-button\">Bussbiljetter sl\u00e4pps den 30 april.<\/a><\/div>\n<\/div>\n\n\n\n<div class=\"wp-block-buttons is-content-justification-center is-layout-flex wp-container-core-buttons-is-layout-adf4db63 wp-block-buttons-is-layout-flex\" style=\"padding-top:0;padding-bottom:0\"><\/div>\n<\/div>\n<\/div>\n\n\n\n<div class=\"wp-block-cover\" style=\"margin-bottom:var(--wp--preset--spacing--38);min-height:663px;aspect-ratio:unset;\"><img loading=\"lazy\" decoding=\"async\" width=\"1024\" height=\"683\" class=\"wp-block-cover__image-background wp-image-1797 size-large\" alt=\"Varifr\u00e5n kommer du?\" src=\"https:\/\/urkult.se\/wp-content\/uploads\/2026\/04\/Emelie-Rehn_Stamning_Varifran-kommer\u2013du-1024x683.jpg\" data-object-fit=\"cover\" srcset=\"https:\/\/urkult.se\/wp-content\/uploads\/2026\/04\/Emelie-Rehn_Stamning_Varifran-kommer\u2013du-1024x683.jpg 1024w, https:\/\/urkult.se\/wp-content\/uploads\/2026\/04\/Emelie-Rehn_Stamning_Varifran-kommer\u2013du-300x200.jpg 300w, https:\/\/urkult.se\/wp-content\/uploads\/2026\/04\/Emelie-Rehn_Stamning_Varifran-kommer\u2013du-768x512.jpg 768w, https:\/\/urkult.se\/wp-content\/uploads\/2026\/04\/Emelie-Rehn_Stamning_Varifran-kommer\u2013du-1536x1024.jpg 1536w, https:\/\/urkult.se\/wp-content\/uploads\/2026\/04\/Emelie-Rehn_Stamning_Varifran-kommer\u2013du-18x12.jpg 18w, https:\/\/urkult.se\/wp-content\/uploads\/2026\/04\/Emelie-Rehn_Stamning_Varifran-kommer\u2013du.jpg 1800w\" sizes=\"auto, (max-width: 1024px) 100vw, 1024px\" \/><span aria-hidden=\"true\" class=\"wp-block-cover__background has-background-dim-0 has-background-dim\"><\/span><div class=\"wp-block-cover__inner-container has-global-padding is-layout-constrained wp-block-cover-is-layout-constrained\">\n<p class=\"has-text-align-center has-large-font-size\"><\/p>\n<\/div><div class=\"urkult-cover-credit-overlay\"><span class=\"urkult-cover-caption\">Varifr\u00e5n kommer du?<\/span> <span class=\"urkult-cover-credit\">Foto Emelie Rehn.<\/span><\/div><\/div>\n\n\n\n<h2 class=\"wp-block-heading has-text-align-center\">H\u00e4llristningar<\/h2>\n\n\n\n<div class=\"wp-block-columns is-layout-flex wp-container-core-columns-is-layout-28f84493 wp-block-columns-is-layout-flex\">\n<div class=\"wp-block-column is-layout-flow wp-block-column-is-layout-flow\">\n<h3 class=\"wp-block-heading has-red-color has-text-color has-link-color wp-elements-ab0f1ccecad96cc6cc0aa0f9758af219\">H\u00e4llristningarna vid N\u00e4mforsen<\/h3>\n\n\n\n<p>Missa inte att ta del av N\u00e4s\u00e5kers ur\u00e5ldriga konstutst\u00e4llning! Detta \u00e4r en av de st\u00f6rsta enskilda h\u00e4llristningsplatserna i norra Europa. H\u00e4r finns ca 2 600 ristningar bevarade p\u00e5 h\u00e4llarna och vid forsen. Merparten tros ha tillkommit under perioden 3 500\u20132 000 f.Kr, men de \u00e4ldsta antas vara 6 000 \u00e5r gamla.<br>Bes\u00f6k h\u00e4llristningsmus\u00e9et f\u00f6r mer information. H\u00e4llristningarna \u00e4r skyddade enligt fornminneslagen och det \u00e4r givetvis f\u00f6rbjudet att elda p\u00e5 dessa h\u00e4llar. Var f\u00f6rsiktig n\u00e4r du bes\u00f6ker omr\u00e5det, g\u00e5 inte p\u00e5 h\u00e4llristningarna d\u00e5 varje fotsteg n\u00f6ter. Promenera ner till \u00e4lven och ta del av denna fantastiska kulturskatt!<\/p>\n\n\n\n<h3 class=\"wp-block-heading has-red-color has-text-color has-link-color wp-elements-caac40cf24d9c03ec53140934a114cd8\">N\u00e4mforsens h\u00e4llristningsmuseum<\/h3>\n\n\n\n<p>Bes\u00f6k H\u00e4llristningsmus\u00e9et och deras caf\u00e9! H\u00e4r kan du se utst\u00e4llningarna om j\u00e4garsten\u00e5ldern, h\u00e4llristningar och de gamla boplatserna. Du hittar mus\u00e9et p\u00e5 Nipv\u00e4gen 7, se skylt 50 meter innan stora ing\u00e5ngen till festivalomr\u00e5det.<br>\u00d6ppettider: Tisdag till s\u00f6ndag kl 10.30-17.15<br>(Guiding av h\u00e4llristningarna varje dag kl 12 och 14.30, samling p\u00e5 parkeringen vid h\u00e4llristningarna)<\/p>\n\n\n\n<figure class=\"wp-block-image size-large\"><img loading=\"lazy\" decoding=\"async\" width=\"1024\" height=\"704\" src=\"https:\/\/urkult.se\/wp-content\/uploads\/2026\/04\/Hallristningar_foto_Sture_Marklund-1024x704.jpg\" alt=\"H\u00e4llristningarna vid N\u00e4mforsen\" class=\"wp-image-1822\" srcset=\"https:\/\/urkult.se\/wp-content\/uploads\/2026\/04\/Hallristningar_foto_Sture_Marklund-1024x704.jpg 1024w, https:\/\/urkult.se\/wp-content\/uploads\/2026\/04\/Hallristningar_foto_Sture_Marklund-300x206.jpg 300w, https:\/\/urkult.se\/wp-content\/uploads\/2026\/04\/Hallristningar_foto_Sture_Marklund-768x528.jpg 768w, https:\/\/urkult.se\/wp-content\/uploads\/2026\/04\/Hallristningar_foto_Sture_Marklund-18x12.jpg 18w, https:\/\/urkult.se\/wp-content\/uploads\/2026\/04\/Hallristningar_foto_Sture_Marklund.jpg 1200w\" sizes=\"auto, (max-width: 1024px) 100vw, 1024px\" \/><figcaption class=\"wp-element-caption\">H\u00e4llristningarna vid N\u00e4mforsen. Foto Sture Marklund.<\/figcaption><\/figure>\n<\/div>\n\n\n\n<div class=\"wp-block-column is-layout-flow wp-block-column-is-layout-flow\">\n<figure class=\"wp-block-image size-large\"><img loading=\"lazy\" decoding=\"async\" width=\"791\" height=\"1024\" src=\"https:\/\/urkult.se\/wp-content\/uploads\/2026\/04\/Namforsen_foto_Jenny-Schwieler-Staaf-791x1024.jpg\" alt=\"N\u00e4mforsen.\" class=\"wp-image-1817\" srcset=\"https:\/\/urkult.se\/wp-content\/uploads\/2026\/04\/Namforsen_foto_Jenny-Schwieler-Staaf-791x1024.jpg 791w, https:\/\/urkult.se\/wp-content\/uploads\/2026\/04\/Namforsen_foto_Jenny-Schwieler-Staaf-232x300.jpg 232w, https:\/\/urkult.se\/wp-content\/uploads\/2026\/04\/Namforsen_foto_Jenny-Schwieler-Staaf-768x994.jpg 768w, https:\/\/urkult.se\/wp-content\/uploads\/2026\/04\/Namforsen_foto_Jenny-Schwieler-Staaf-9x12.jpg 9w, https:\/\/urkult.se\/wp-content\/uploads\/2026\/04\/Namforsen_foto_Jenny-Schwieler-Staaf.jpg 800w\" sizes=\"auto, (max-width: 791px) 100vw, 791px\" \/><figcaption class=\"wp-element-caption\">N\u00e4mforsen. Foto Jenny Schwieler Staaf.<\/figcaption><\/figure>\n<\/div>\n<\/div>\n\n\n\n<p><\/p>","protected":false},"excerpt":{"rendered":"<p>N\u00e4s\u00e5ker ligger i \u00c5dals-Lidens socken, som har runt 1000 inv\u00e5nare.Det ligger 4 mil fr\u00e5n Sollefte\u00e5 som \u00e4r kommunens centralort Parkering F\u00f6r dig som reser med egen bil \u00e4r det viktigt att k\u00e4nna till att parkeringsm\u00f6jligheterna i N\u00e4s\u00e5ker \u00e4r begr\u00e4nsade. Det b\u00e4sta alternativet \u00e4r att st\u00e4lla bilen p\u00e5 den stora \u201dkyrkparkeringen\u201d f\u00f6r bes\u00f6kare ca 500 meter [&hellip;]<\/p>\n","protected":false},"author":3,"featured_media":0,"parent":0,"menu_order":0,"comment_status":"closed","ping_status":"closed","template":"","meta":{"_acf_changed":false,"_kad_blocks_custom_css":"","_kad_blocks_head_custom_js":"","_kad_blocks_body_custom_js":"","_kad_blocks_footer_custom_js":"","footnotes":""},"class_list":["post-1765","page","type-page","status-publish","hentry"],"acf":[],"taxonomy_info":[],"featured_image_src_large":false,"author_info":{"display_name":"Eric","author_link":"https:\/\/urkult.se\/en\/author\/eric\/"},"comment_info":0,"_links":{"self":[{"href":"https:\/\/urkult.se\/en\/wp-json\/wp\/v2\/pages\/1765","targetHints":{"allow":["GET"]}}],"collection":[{"href":"https:\/\/urkult.se\/en\/wp-json\/wp\/v2\/pages"}],"about":[{"href":"https:\/\/urkult.se\/en\/wp-json\/wp\/v2\/types\/page"}],"author":[{"embeddable":true,"href":"https:\/\/urkult.se\/en\/wp-json\/wp\/v2\/users\/3"}],"replies":[{"embeddable":true,"href":"https:\/\/urkult.se\/en\/wp-json\/wp\/v2\/comments?post=1765"}],"version-history":[{"count":37,"href":"https:\/\/urkult.se\/en\/wp-json\/wp\/v2\/pages\/1765\/revisions"}],"predecessor-version":[{"id":1834,"href":"https:\/\/urkult.se\/en\/wp-json\/wp\/v2\/pages\/1765\/revisions\/1834"}],"wp:attachment":[{"href":"https:\/\/urkult.se\/en\/wp-json\/wp\/v2\/media?parent=1765"}],"curies":[{"name":"wp","href":"https:\/\/api.w.org\/{rel}","templated":true}]}}