{"id":1990,"date":"2026-05-05T15:50:55","date_gmt":"2026-05-05T13:50:55","guid":{"rendered":"https:\/\/urkult.se\/?page_id=1990"},"modified":"2026-05-05T15:59:47","modified_gmt":"2026-05-05T13:59:47","slug":"eldnatten","status":"publish","type":"page","link":"https:\/\/urkult.se\/en\/eldnatten\/","title":{"rendered":"Eldnatten"},"content":{"rendered":"<div class=\"kb-row-layout-wrap kb-row-layout-id1990_96e804-34 alignfull hero-section full-screen-height wp-block-kadence-rowlayout\"><div class=\"kb-blocks-bg-video-container\"><video class=\"kb-blocks-bg-video\" id=\"bg-row-video-1990_96e804-34\" playsinline muted loop src=\"\/wp-content\/uploads\/2026\/01\/Forstasidan-16x9-1.mp4\" autoplay><\/video><div class=\"kb-background-video-buttons-wrapper kb-background-video-buttons-html5\"><button class=\"kb-background-video-play kb-toggle-video-btn\" aria-label=\"Play\" aria-hidden=\"true\" style=\"display: none;\"><svg viewbox=\"0 0 448 512\" height=\"16\" width=\"16\" fill=\"currentColor\" xmlns=\"https:\/\/www.w3.org\/2000\/svg\"><path d=\"M424.4 214.7L72.4 6.6C43.8-10.3 0 6.1 0 47.9V464c0 37.5 40.7 60.1 72.4 41.3l352-208c31.4-18.5 31.5-64.1 0-82.6z\"><\/path><\/svg><\/button><button class=\"kb-background-video-pause kb-toggle-video-btn\" aria-label=\"Pause\" aria-hidden=\"false\"><svg viewbox=\"0 0 448 512\" height=\"16\" width=\"16\" fill=\"currentColor\" xmlns=\"https:\/\/www.w3.org\/2000\/svg\"><path d=\"M144 479H48c-26.5 0-48-21.5-48-48V79c0-26.5 21.5-48 48-48h96c26.5 0 48 21.5 48 48v352c0 26.5-21.5 48-48 48zm304-48V79c0-26.5-21.5-48-48-48h-96c-26.5 0-48 21.5-48 48v352c0 26.5 21.5 48 48 48h96c26.5 0 48-21.5 48-48z\"><\/path><\/svg><\/button><\/div><\/div><div class=\"kt-row-column-wrap kt-has-2-columns kt-row-layout-row kt-tab-layout-inherit kt-mobile-layout-row kt-row-valign-middle\">\n\n<div class=\"wp-block-kadence-column kadence-column1990_820916-cd\"><div class=\"kt-inside-inner-col\">\n<div class=\"wp-block-kadence-image kb-imageurkult__archive-artist_d2b45d-a2 logo-fade-out\" data-aos=\"fade\" data-aos-duration=\"750\" data-aos-delay=\"1000\" data-aos-easing=\"ease-in-out-cubic\"><figure class=\"aligncenter size-full\"><img loading=\"lazy\" decoding=\"async\" width=\"512\" height=\"361\" src=\"https:\/\/iyn9gqmzpf-staging.onrocket.site\/wp-content\/uploads\/2026\/01\/urkult-logo-30-ar.png\" alt=\"\" class=\"kb-img wp-image-783\" srcset=\"https:\/\/urkult.se\/wp-content\/uploads\/2026\/01\/urkult-logo-30-ar.png 512w, https:\/\/urkult.se\/wp-content\/uploads\/2026\/01\/urkult-logo-30-ar-300x212.png 300w, https:\/\/urkult.se\/wp-content\/uploads\/2026\/01\/urkult-logo-30-ar-18x12.png 18w\" sizes=\"auto, (max-width: 512px) 100vw, 512px\" \/><\/figure><\/div>\n<\/div><\/div>\n\n\n\n<div class=\"wp-block-kadence-column kadence-columnurkult__page_42fc5b-49\"><div class=\"kt-inside-inner-col\"><h1 style=\"padding-top:0;padding-bottom:0;margin-top:0;margin-bottom:0;\" class=\"has-text-align-center is-shadow-sharp wp-block-post-title\">Eldnatten<\/h1><\/div><\/div>\n\n<\/div><\/div>\n\n\n<div class=\"wp-block-columns is-layout-flex wp-container-core-columns-is-layout-28f84493 wp-block-columns-is-layout-flex\">\n<div class=\"wp-block-column is-layout-flow wp-block-column-is-layout-flow\">\n<div class=\"wp-block-media-text is-stacked-on-mobile\" style=\"margin-right:0;margin-left:0;padding-right:0;padding-left:0;grid-template-columns:38% auto\"><figure class=\"wp-block-media-text__media\"><img loading=\"lazy\" decoding=\"async\" width=\"1024\" height=\"574\" src=\"https:\/\/urkult.se\/wp-content\/uploads\/2026\/05\/Eldnatt_Eldr_The_Inner_Ear-1024x574.jpg\" alt=\"Urkults Eldnatt 2026\" class=\"wp-image-1995 size-large\" srcset=\"https:\/\/urkult.se\/wp-content\/uploads\/2026\/05\/Eldnatt_Eldr_The_Inner_Ear-1024x574.jpg 1024w, https:\/\/urkult.se\/wp-content\/uploads\/2026\/05\/Eldnatt_Eldr_The_Inner_Ear-300x168.jpg 300w, https:\/\/urkult.se\/wp-content\/uploads\/2026\/05\/Eldnatt_Eldr_The_Inner_Ear-768x431.jpg 768w, https:\/\/urkult.se\/wp-content\/uploads\/2026\/05\/Eldnatt_Eldr_The_Inner_Ear-18x10.jpg 18w, https:\/\/urkult.se\/wp-content\/uploads\/2026\/05\/Eldnatt_Eldr_The_Inner_Ear.jpg 1200w\" sizes=\"auto, (max-width: 1024px) 100vw, 1024px\" \/><figcaption class=\"wp-element-caption\">Urkults Eldnatt 2026: &quot;Eldr&quot; g\u00f6rs av performancekollektivet The Inner Ear<\/figcaption><\/figure><div class=\"wp-block-media-text__content\">\n<h2 class=\"wp-block-heading\">TUSENTALS \u00c5R SENARE T\u00c4NDS \u00c5TER ELDARNA<\/h2>\n\n\n\n<p>Eldnatten \u00e4r Urkults invigningsceremoni. Tusentals m\u00e4nniskor samlas i den branta backen som vetter ner mot stora scenens dansgolv. T\u00e4tt, t\u00e4tt m\u00f6ts vi f\u00f6r att tillsammans skapa minnen, p\u00e5 en plats d\u00e4r folk har samlats sedan urminnes tider. Eldnatten binder samman d\u00e5tiden, nutiden och framtiden. Den \u00e4r ett rop ut, i solidaritetens namn, att minnas att vi alla \u00e4r samma och att vi tillsammans kan g\u00f6ra ett val, ett val att v\u00e5rda varandra och naturen som n\u00e4r oss. Den symboliserar en m\u00f6jlighet, att l\u00e5ta elden b\u00e4ra, b\u00e5de minnet om v\u00e5rt ursprung och hoppet om framtiden. Om fred, k\u00e4rleksfull samvaro och omt\u00e4nksamhet.<\/p>\n\n\n\n<h2 class=\"wp-block-heading\">\u00c5rets eldnatt: &#8221;ELDR&#8221;<\/h2>\n\n\n\n<p>En hyllning till eldens m\u00e5ngfaldiga manifestationer, ett rituellt framtr\u00e4dande av performancekollektivet The Inner Ear med specialinbjudna g\u00e4startister och eldmystiker, en unik eng\u00e5ngsf\u00f6rest\u00e4llning skapad f\u00f6r Urkults 30-\u00e5rsjubileum.<br>Bered er p\u00e5 mytologiska eldv\u00e4sen, elektroniska beats och dr\u00f6mlika visioner.<\/p>\n<\/div><\/div>\n<\/div>\n<\/div>","protected":false},"excerpt":{"rendered":"<p>TUSENTALS \u00c5R SENARE T\u00c4NDS \u00c5TER ELDARNA Eldnatten \u00e4r Urkults invigningsceremoni. Tusentals m\u00e4nniskor samlas i den branta backen som vetter ner mot stora scenens dansgolv. T\u00e4tt, t\u00e4tt m\u00f6ts vi f\u00f6r att tillsammans skapa minnen, p\u00e5 en plats d\u00e4r folk har samlats sedan urminnes tider. Eldnatten binder samman d\u00e5tiden, nutiden och framtiden. Den \u00e4r ett rop ut, [&hellip;]<\/p>\n","protected":false},"author":3,"featured_media":0,"parent":0,"menu_order":0,"comment_status":"closed","ping_status":"closed","template":"","meta":{"_acf_changed":false,"_kad_blocks_custom_css":"","_kad_blocks_head_custom_js":"","_kad_blocks_body_custom_js":"","_kad_blocks_footer_custom_js":"","footnotes":""},"class_list":["post-1990","page","type-page","status-publish","hentry"],"acf":[],"taxonomy_info":[],"featured_image_src_large":false,"author_info":{"display_name":"Eric","author_link":"https:\/\/urkult.se\/en\/author\/eric\/"},"comment_info":0,"_links":{"self":[{"href":"https:\/\/urkult.se\/en\/wp-json\/wp\/v2\/pages\/1990","targetHints":{"allow":["GET"]}}],"collection":[{"href":"https:\/\/urkult.se\/en\/wp-json\/wp\/v2\/pages"}],"about":[{"href":"https:\/\/urkult.se\/en\/wp-json\/wp\/v2\/types\/page"}],"author":[{"embeddable":true,"href":"https:\/\/urkult.se\/en\/wp-json\/wp\/v2\/users\/3"}],"replies":[{"embeddable":true,"href":"https:\/\/urkult.se\/en\/wp-json\/wp\/v2\/comments?post=1990"}],"version-history":[{"count":3,"href":"https:\/\/urkult.se\/en\/wp-json\/wp\/v2\/pages\/1990\/revisions"}],"predecessor-version":[{"id":1996,"href":"https:\/\/urkult.se\/en\/wp-json\/wp\/v2\/pages\/1990\/revisions\/1996"}],"wp:attachment":[{"href":"https:\/\/urkult.se\/en\/wp-json\/wp\/v2\/media?parent=1990"}],"curies":[{"name":"wp","href":"https:\/\/api.w.org\/{rel}","templated":true}]}}