{"id":2006,"date":"2026-05-06T11:52:38","date_gmt":"2026-05-06T09:52:38","guid":{"rendered":"https:\/\/urkult.se\/?page_id=2006"},"modified":"2026-05-06T11:56:18","modified_gmt":"2026-05-06T09:56:18","slug":"solchansen","status":"publish","type":"page","link":"https:\/\/urkult.se\/en\/solchansen\/","title":{"rendered":"Solchansen"},"content":{"rendered":"<div class=\"kb-row-layout-wrap kb-row-layout-id2006_9378ed-fa alignfull hero-section full-screen-height wp-block-kadence-rowlayout\"><div class=\"kt-blocks-carousel kb-blocks-bg-slider kt-carousel-container-dotstyle-dark\"><div class=\"kt-blocks-carousel-init splide kb-blocks-bg-slider-init kt-carousel-arrowstyle-none kt-carousel-dotstyle-dark\" data-slider-anim-speed=\"400\" data-slider-type=\"slider\" data-slider-scroll=\"1\" data-slider-arrows=\"false\" data-slider-fade=\"true\" data-slider-dots=\"true\" data-slider-hover-pause=\"false\" data-slider-auto=\"true\" data-slider-speed=\"7000\" data-show-pause-button=\"false\"><div class=\"splide__track\"><ul class=\"splide__list\"><li class=\"splide__slide kb-bg-slide-contain\"><div  class=\"kb-bg-slide kb-bg-slide-0\" style=\"background-image:url(https:\/\/urkult.se\/wp-content\/uploads\/2026\/05\/Solscenen-Urkult-Taraf_De_La_Nord-foto-Pontus-Sjodin.jpg); background-size:cover; background-position:center center; background-repeat:no-repeat;\"><\/div><\/li><\/ul><\/div><\/div><\/div><div class=\"kt-row-column-wrap kt-has-2-columns kt-row-layout-row kt-tab-layout-inherit kt-mobile-layout-row kt-row-valign-middle\">\n\n<div class=\"wp-block-kadence-column kadence-column2006_838c1b-1c\"><div class=\"kt-inside-inner-col\">\n<div class=\"wp-block-kadence-image kb-imageurkult__archive-artist_d2b45d-a2 logo-fade-out\" data-aos=\"fade\" data-aos-duration=\"750\" data-aos-delay=\"1000\" data-aos-easing=\"ease-in-out-cubic\"><figure class=\"aligncenter size-full\"><img loading=\"lazy\" decoding=\"async\" width=\"512\" height=\"361\" src=\"https:\/\/iyn9gqmzpf-staging.onrocket.site\/wp-content\/uploads\/2026\/01\/urkult-logo-30-ar.png\" alt=\"\" class=\"kb-img wp-image-783\" srcset=\"https:\/\/urkult.se\/wp-content\/uploads\/2026\/01\/urkult-logo-30-ar.png 512w, https:\/\/urkult.se\/wp-content\/uploads\/2026\/01\/urkult-logo-30-ar-300x212.png 300w, https:\/\/urkult.se\/wp-content\/uploads\/2026\/01\/urkult-logo-30-ar-18x12.png 18w\" sizes=\"auto, (max-width: 512px) 100vw, 512px\" \/><\/figure><\/div>\n<\/div><\/div>\n\n\n\n<div class=\"wp-block-kadence-column kadence-columnurkult__page_42fc5b-49\"><div class=\"kt-inside-inner-col\"><h1 style=\"padding-top:0;padding-bottom:0;margin-top:0;margin-bottom:0;\" class=\"has-text-align-center is-shadow-sharp wp-block-post-title\">Solchansen<\/h1><\/div><\/div>\n\n<\/div><\/div>\n\n\n<div class=\"wp-block-columns is-layout-flex wp-container-core-columns-is-layout-28f84493 wp-block-columns-is-layout-flex\">\n<div class=\"wp-block-column is-layout-flow wp-block-column-is-layout-flow\">\n<div class=\"wp-block-columns is-layout-flex wp-container-core-columns-is-layout-28f84493 wp-block-columns-is-layout-flex\">\n<div class=\"wp-block-column is-layout-flow wp-block-column-is-layout-flow\">\n<h3 class=\"wp-block-heading has-red-color has-text-color has-link-color wp-elements-d5d4167fb87dbb106aa4ead63f16b5f6\">Solscenen l\u00f6rdag kl 13.30 <\/h3>\n\n\n\n<p>Urkult har under n\u00e5gra \u00e5r haft gl\u00e4djen att bjuda upp v\u00e5ra underbara bes\u00f6kare till festivalens \u00f6ppna scen. S\u00e5 mycket musikalitet det g\u00f6mmer sig bland er! Extra roligt \u00e4r det att vi ocks\u00e5 f\u00e5r chansen att ge n\u00e5gon av er som delar med sig av sin musik m\u00f6jlighet att ge en full\u00e4ngdskonsert p\u00e5 n\u00e4stkommande \u00e5rs festival. Du beh\u00f6ver sj\u00e4lvklart inte t\u00e4vla om den platsen, har du lust att bjuda p\u00e5 en l\u00e5t bara f\u00f6r gl\u00e4djens skull s\u00e5 g\u00f6r g\u00e4rna det.&nbsp;<\/p>\n\n\n\n<p>Ett k\u00e4rleksfullt tillf\u00e4lle att m\u00f6tas i ett fint hj\u00e4rterum i eftermiddagssolen. Kom upp och k\u00e4nn k\u00e4rleken fr\u00e5n b\u00e5de platsen och publiken. Alla \u00f6ver 15 \u00e5r \u00e4r v\u00e4lkomna att anm\u00e4la sig till Solchansen. St\u00e5lstr\u00e4ngad akustisk gitarr samt trummor finns p\u00e5 plats. \u00d6vriga instrument tar du med sj\u00e4lv. Begr\u00e4nsat antal platser finns s\u00e5 missa inte anm\u00e4lningstiden! OBS! Det \u00e4r inte &#8221;f\u00f6rst till kvarn&#8221; som g\u00e4ller.&nbsp;<\/p>\n\n\n\n<p>Den grupp\/artist som Urkults programgrupp anser skulle kunna passa f\u00f6r ett framtr\u00e4dande kommer att bli kontaktade efter \u00e5rsskiftet. F\u00f6r artisten\/gruppen utg\u00e5r inget gage i dess r\u00e4tta mening, men reseers\u00e4ttning och backstage mat + festivalarmband och boende under hela festivalen (begr\u00e4nsat antal platser) och naturligtvis en plats i programbladet och p\u00e5 affischen.<\/p>\n<\/div>\n\n\n\n<div class=\"wp-block-column is-layout-flow wp-block-column-is-layout-flow\">\n<div class=\"wp-block-group is-style-observe-box has-border-color has-global-padding is-layout-constrained wp-container-core-group-is-layout-acbf2b71 wp-block-group-is-layout-constrained\" style=\"border-color:var(--wp--preset--color--red);border-style:solid;border-width:3px;padding-top:12px;padding-right:18px;padding-bottom:18px;padding-left:18px\">\n<h3 class=\"wp-block-heading has-text-align-center is-style-specialtext has-red-color has-text-color has-link-color has-default-font-size wp-elements-9c9ba181eae2d933d1b21383e5595c77\">INTRESSEANM\u00c4LAN<\/h3>\n\n\n\n<p class=\"is-style-specialtext has-calibri-font-family has-default-font-size\">Intresseanm\u00e4lan sker till Cariola i Navet vid entr\u00e9n till festplatsen fredag kl 13.30 till 14.30.<\/p>\n<\/div>\n\n\n\n<figure class=\"wp-block-image size-large\"><img loading=\"lazy\" decoding=\"async\" width=\"1024\" height=\"683\" src=\"https:\/\/urkult.se\/wp-content\/uploads\/2026\/05\/Solchansen-foto-Cecilia-Kreuzberger-1024x683.jpg\" alt=\"Solchansen p\u00e5 Urkult\" class=\"wp-image-2008\" srcset=\"https:\/\/urkult.se\/wp-content\/uploads\/2026\/05\/Solchansen-foto-Cecilia-Kreuzberger-1024x683.jpg 1024w, https:\/\/urkult.se\/wp-content\/uploads\/2026\/05\/Solchansen-foto-Cecilia-Kreuzberger-300x200.jpg 300w, https:\/\/urkult.se\/wp-content\/uploads\/2026\/05\/Solchansen-foto-Cecilia-Kreuzberger-768x512.jpg 768w, https:\/\/urkult.se\/wp-content\/uploads\/2026\/05\/Solchansen-foto-Cecilia-Kreuzberger-18x12.jpg 18w, https:\/\/urkult.se\/wp-content\/uploads\/2026\/05\/Solchansen-foto-Cecilia-Kreuzberger.jpg 1200w\" sizes=\"auto, (max-width: 1024px) 100vw, 1024px\" \/><figcaption class=\"wp-element-caption\">Solchansen p\u00e5 Urkult. Foto Cecilia Kreuzberger.<\/figcaption><\/figure>\n<\/div>\n<\/div>\n<\/div>\n<\/div>\n\n\n\n<div class=\"wp-block-columns is-layout-flex wp-container-core-columns-is-layout-28f84493 wp-block-columns-is-layout-flex\">\n<div class=\"wp-block-column is-layout-flow wp-block-column-is-layout-flow\"><\/div>\n<\/div>","protected":false},"excerpt":{"rendered":"<p>Solscenen l\u00f6rdag kl 13.30 Urkult har under n\u00e5gra \u00e5r haft gl\u00e4djen att bjuda upp v\u00e5ra underbara bes\u00f6kare till festivalens \u00f6ppna scen. S\u00e5 mycket musikalitet det g\u00f6mmer sig bland er! Extra roligt \u00e4r det att vi ocks\u00e5 f\u00e5r chansen att ge n\u00e5gon av er som delar med sig av sin musik m\u00f6jlighet att ge en full\u00e4ngdskonsert [&hellip;]<\/p>\n","protected":false},"author":3,"featured_media":0,"parent":0,"menu_order":0,"comment_status":"closed","ping_status":"closed","template":"","meta":{"_acf_changed":false,"_kad_blocks_custom_css":"","_kad_blocks_head_custom_js":"","_kad_blocks_body_custom_js":"","_kad_blocks_footer_custom_js":"","footnotes":""},"class_list":["post-2006","page","type-page","status-publish","hentry"],"acf":[],"taxonomy_info":[],"featured_image_src_large":false,"author_info":{"display_name":"Eric","author_link":"https:\/\/urkult.se\/en\/author\/eric\/"},"comment_info":0,"_links":{"self":[{"href":"https:\/\/urkult.se\/en\/wp-json\/wp\/v2\/pages\/2006","targetHints":{"allow":["GET"]}}],"collection":[{"href":"https:\/\/urkult.se\/en\/wp-json\/wp\/v2\/pages"}],"about":[{"href":"https:\/\/urkult.se\/en\/wp-json\/wp\/v2\/types\/page"}],"author":[{"embeddable":true,"href":"https:\/\/urkult.se\/en\/wp-json\/wp\/v2\/users\/3"}],"replies":[{"embeddable":true,"href":"https:\/\/urkult.se\/en\/wp-json\/wp\/v2\/comments?post=2006"}],"version-history":[{"count":6,"href":"https:\/\/urkult.se\/en\/wp-json\/wp\/v2\/pages\/2006\/revisions"}],"predecessor-version":[{"id":2016,"href":"https:\/\/urkult.se\/en\/wp-json\/wp\/v2\/pages\/2006\/revisions\/2016"}],"wp:attachment":[{"href":"https:\/\/urkult.se\/en\/wp-json\/wp\/v2\/media?parent=2006"}],"curies":[{"name":"wp","href":"https:\/\/api.w.org\/{rel}","templated":true}]}}