{"id":2021,"date":"2026-05-06T13:51:08","date_gmt":"2026-05-06T11:51:08","guid":{"rendered":"https:\/\/urkult.se\/?page_id=2021"},"modified":"2026-05-06T14:27:48","modified_gmt":"2026-05-06T12:27:48","slug":"trygg-tillganglig","status":"publish","type":"page","link":"https:\/\/urkult.se\/en\/trygg-tillganglig\/","title":{"rendered":"Trygg &amp; tillg\u00e4nglig"},"content":{"rendered":"<div class=\"kb-row-layout-wrap kb-row-layout-id2021_f22126-f4 alignfull hero-section full-screen-height wp-block-kadence-rowlayout\"><div class=\"kt-blocks-carousel kb-blocks-bg-slider kt-carousel-container-dotstyle-dark\"><div class=\"kt-blocks-carousel-init splide kb-blocks-bg-slider-init kt-carousel-arrowstyle-none kt-carousel-dotstyle-dark\" data-slider-anim-speed=\"400\" data-slider-type=\"slider\" data-slider-scroll=\"1\" data-slider-arrows=\"false\" data-slider-fade=\"true\" data-slider-dots=\"true\" data-slider-hover-pause=\"false\" data-slider-auto=\"true\" data-slider-speed=\"7000\" data-show-pause-button=\"false\"><div class=\"splide__track\"><ul class=\"splide__list\"><li class=\"splide__slide kb-bg-slide-contain\"><div  class=\"kb-bg-slide kb-bg-slide-0\" style=\"background-image:url(https:\/\/urkult.se\/wp-content\/uploads\/2026\/05\/Solnedgang-foto-Timjan-Wall.jpg); background-size:cover; background-position:center center; background-repeat:no-repeat;\"><\/div><\/li><\/ul><\/div><\/div><\/div><div class=\"kt-row-column-wrap kt-has-2-columns kt-row-layout-row kt-tab-layout-inherit kt-mobile-layout-row kt-row-valign-middle\">\n\n<div class=\"wp-block-kadence-column kadence-column2021_35dfc3-eb\"><div class=\"kt-inside-inner-col\">\n<div class=\"wp-block-kadence-image kb-image2021_5a2650-39 logo-fade-out\" data-aos=\"fade\" data-aos-duration=\"750\" data-aos-delay=\"1000\" data-aos-easing=\"ease-in-out-cubic\"><figure class=\"aligncenter size-full\"><img loading=\"lazy\" decoding=\"async\" width=\"512\" height=\"361\" src=\"https:\/\/urkult.se\/wp-content\/uploads\/2026\/01\/urkult-logo-30-ar.png\" alt=\"\" class=\"kb-img wp-image-783\" srcset=\"https:\/\/urkult.se\/wp-content\/uploads\/2026\/01\/urkult-logo-30-ar.png 512w, https:\/\/urkult.se\/wp-content\/uploads\/2026\/01\/urkult-logo-30-ar-300x212.png 300w, https:\/\/urkult.se\/wp-content\/uploads\/2026\/01\/urkult-logo-30-ar-18x12.png 18w\" sizes=\"auto, (max-width: 512px) 100vw, 512px\" \/><\/figure><\/div>\n<\/div><\/div>\n\n\n\n<div class=\"wp-block-kadence-column kadence-column2021_5fac7a-ad\"><div class=\"kt-inside-inner-col\"><h1 class=\"has-text-align-center wp-block-post-title\">Trygg &amp; tillg\u00e4nglig<\/h1><\/div><\/div>\n\n<\/div><\/div>\n\n\n<h2 class=\"wp-block-heading has-text-align-center\">Trygg festival<\/h2>\n\n\n\n<div class=\"wp-block-columns alignwide is-layout-flex wp-container-core-columns-is-layout-cbe57604 wp-block-columns-is-layout-flex\">\n<div class=\"wp-block-column is-layout-flow wp-block-column-is-layout-flow\">\n<p class=\"is-style-ingress is-style-ingress--1\">Visa dig och dina medm\u00e4nniskor att ni bryr er och tar hand om varandra!<\/p>\n\n\n\n<p>N\u00e4r m\u00e5nga samlas p\u00e5 ett och samma st\u00e4lle kan en olycka h\u00e4nda l\u00e4tt. D\u00e4rf\u00f6r ber vi \u00e4ven dig som bes\u00f6kare att vara uppm\u00e4rksam p\u00e5 om du ser eller h\u00f6r n\u00e5got som inte k\u00e4nns okej.<\/p>\n\n\n\n<div class=\"wp-block-group is-style-observe-box has-border-color has-global-padding is-layout-constrained wp-container-core-group-is-layout-acbf2b71 wp-block-group-is-layout-constrained\" style=\"border-color:var(--wp--preset--color--red);border-style:solid;border-width:3px;padding-top:12px;padding-right:18px;padding-bottom:18px;padding-left:18px\">\n<h3 class=\"wp-block-heading has-text-align-center has-red-color has-text-color\" style=\"text-transform:uppercase\">Trygghetsjouren<\/h3>\n\n\n\n<h3 class=\"wp-block-heading has-text-align-center has-red-color has-text-color has-link-color wp-elements-c6d978e10b326eeac21b99fee57db204\">TELE 070\u2013770 47 31<\/h3>\n\n\n\n<p class=\"is-style-specialtext has-calibri-font-family has-default-font-size\">Ut\u00f6ver polis, vaktpersonal och SOS Alarm som \u00e4r ett f\u00f6rstahandsval n\u00e4r en allvarlig olycka intr\u00e4ffat s\u00e5 har Urkult uppr\u00e4ttat en trygghetsjour dit bes\u00f6kare kan ringa om de utsatts f\u00f6r n\u00e5got obehagligt. D\u00e4r har vi utbildad personal som svarar dygnet runt.<\/p>\n<\/div>\n\n\n\n<p>Trygghetsjourens nummer \u00e4r aktivt dygnet runt under festivalen. Vid v\u00e5ldt\u00e4kt, sexuellt ofredande eller annat av grov karakt\u00e4r s\u00e5 ska det alltid anm\u00e4las ring d\u00e5 112.<\/p>\n\n\n\n<h3 class=\"wp-block-heading has-red-color has-text-color has-link-color wp-elements-581dd136c0b6ba26802d519f21b5611d\">Policy f\u00f6r bem\u00f6tande och inkludering<\/h3>\n\n\n\n<p>Urkultorganisationen arbetar utefter en policy d\u00e4r alla m\u00e4nniskor oavsett k\u00f6n eller k\u00f6nsidentitet, etnicitet, sexuell l\u00e4ggning, funktionsvariation eller religi\u00f6s trosuppfattning ska k\u00e4nna sig inkluderade, trygga och v\u00e4lkomna under festivalen och till andra evenemang som h\u00e5lls i Urkults namn.<\/p>\n<\/div>\n\n\n\n<div class=\"wp-block-column is-vertically-aligned-center is-layout-flow wp-block-column-is-layout-flow\">\n<figure class=\"wp-block-image size-full\"><img loading=\"lazy\" decoding=\"async\" width=\"1200\" height=\"800\" src=\"https:\/\/urkult.se\/wp-content\/uploads\/2026\/05\/Volontar-sakerhet-vastar-foto-Emelie-Rehn.jpg\" alt=\"S\u00e4kerhetsvolont\u00e4rer p\u00e5 Urkult\" class=\"wp-image-2022\" srcset=\"https:\/\/urkult.se\/wp-content\/uploads\/2026\/05\/Volontar-sakerhet-vastar-foto-Emelie-Rehn.jpg 1200w, https:\/\/urkult.se\/wp-content\/uploads\/2026\/05\/Volontar-sakerhet-vastar-foto-Emelie-Rehn-300x200.jpg 300w, https:\/\/urkult.se\/wp-content\/uploads\/2026\/05\/Volontar-sakerhet-vastar-foto-Emelie-Rehn-1024x683.jpg 1024w, https:\/\/urkult.se\/wp-content\/uploads\/2026\/05\/Volontar-sakerhet-vastar-foto-Emelie-Rehn-768x512.jpg 768w, https:\/\/urkult.se\/wp-content\/uploads\/2026\/05\/Volontar-sakerhet-vastar-foto-Emelie-Rehn-18x12.jpg 18w\" sizes=\"auto, (max-width: 1200px) 100vw, 1200px\" \/><figcaption class=\"wp-element-caption\">S\u00e4kerhetsvolont\u00e4rer p\u00e5 Urkult. Foto Emelie Rehn.<\/figcaption><\/figure>\n\n\n\n<h3 class=\"wp-block-heading has-red-color has-text-color has-link-color wp-elements-3d712ebc858d77fc00477c0bc8adc434\">F\u00f6rsta insatsperson<\/h3>\n\n\n\n<p>En f\u00f6rsta insatsperson \u00e4r en jourhavande brandman med grundl\u00e4ggande sjukv\u00e5rdsutbildning. De har till uppgift att vara f\u00f6rst p\u00e5 plats d\u00e5 en olycka intr\u00e4ffar. N\u00e4r de kommer m\u00e5ste du bereda v\u00e4g och ingen f\u00e5r hindra dem att komma fram.<\/p>\n\n\n\n<h3 class=\"wp-block-heading has-red-color has-text-color has-link-color wp-elements-7241324153de907a48b1628afeb26627\">S\u00e4kerhet &amp; polis<\/h3>\n\n\n\n<p>Under festivalen samarbetar Urkults egna s\u00e4kerhetsvakter ihop med inhyrda vakter samt polisen. Detta \u00e4r ett gemensamhetsarbete f\u00f6r att skapa trygghet, vi har en \u00f6ppen dialog sinsemellan och str\u00e4var alla efter att g\u00f6ra det yttersta om n\u00e5got h\u00e4nder. Urkults s\u00e4kerhetsgrupp n\u00e5s vid Navet intill Entr\u00e9n till festplatsen.<\/p>\n<\/div>\n<\/div>\n\n\n\n<div class=\"wp-block-cover is-light has-custom-content-position is-position-top-center\" style=\"margin-bottom:var(--wp--preset--spacing--50);min-height:80vh;aspect-ratio:unset;\"><img loading=\"lazy\" decoding=\"async\" width=\"683\" height=\"1024\" class=\"wp-block-cover__image-background wp-image-2026 size-large\" alt=\"Barndans p\u00e5 Urkult\" src=\"https:\/\/urkult.se\/wp-content\/uploads\/2026\/05\/Barndans-foto-JE-Badh-683x1024.jpg\" data-object-fit=\"cover\" srcset=\"https:\/\/urkult.se\/wp-content\/uploads\/2026\/05\/Barndans-foto-JE-Badh-683x1024.jpg 683w, https:\/\/urkult.se\/wp-content\/uploads\/2026\/05\/Barndans-foto-JE-Badh-200x300.jpg 200w, https:\/\/urkult.se\/wp-content\/uploads\/2026\/05\/Barndans-foto-JE-Badh-768x1152.jpg 768w, https:\/\/urkult.se\/wp-content\/uploads\/2026\/05\/Barndans-foto-JE-Badh-8x12.jpg 8w, https:\/\/urkult.se\/wp-content\/uploads\/2026\/05\/Barndans-foto-JE-Badh.jpg 800w\" sizes=\"auto, (max-width: 683px) 100vw, 683px\" \/><span aria-hidden=\"true\" class=\"wp-block-cover__background has-background-dim-0 has-background-dim\"><\/span><div class=\"wp-block-cover__inner-container has-global-padding is-layout-constrained wp-block-cover-is-layout-constrained\">\n<p class=\"has-text-align-center has-large-font-size\"><\/p>\n<\/div><div class=\"urkult-cover-credit-overlay\"><span class=\"urkult-cover-caption\">Barndans p\u00e5 Urkult.<\/span> <span class=\"urkult-cover-credit\">Foto JE Badh.<\/span><\/div><\/div>\n\n\n\n<h2 class=\"wp-block-heading has-text-align-center\">Tillg\u00e4ngligheten p\u00e5 Urkult<\/h2>\n\n\n\n<h3 class=\"wp-block-heading has-text-align-center has-red-color has-text-color has-link-color wp-elements-e2cd013c3879186b75e31b1bd591d220\" style=\"padding-top:0px;text-transform:uppercase\">INFORMATION TILL DIG MED FUNKTIONSVARIATION SOM VILL BES\u00d6KA URKULT<\/h3>\n\n\n\n<p><\/p>\n\n\n\n<div class=\"wp-block-columns alignwide is-layout-flex wp-container-core-columns-is-layout-b5160bed wp-block-columns-is-layout-flex\" style=\"margin-bottom:var(--wp--preset--spacing--50)\">\n<div class=\"wp-block-column is-layout-flow wp-block-column-is-layout-flow\">\n<h3 class=\"wp-block-heading has-red-color has-text-color has-link-color wp-elements-4ce5a50faf210c69618e0bc4a805d9fb\"><strong>Allm\u00e4nt om omr\u00e5det<\/strong><\/h3>\n\n\n\n<p class=\"is-style-specialtext\">Festplatsen \u00e4r bel\u00e4gen i ett omr\u00e5de med gr\u00e4sytor och tallar. Det \u00e4r ett ganska kuperat omr\u00e5de, men preparerade stigar och grusv\u00e4gar underl\u00e4ttar framkomligheten. V\u00e4gen fram till festplatsen \u00e4r asfalterad.<\/p>\n\n\n\n<p class=\"is-style-specialtext\">Tyv\u00e4rr finns det dock en viss punkteringsrisk. F\u00f6r dig som anv\u00e4nder rullstol, permobil eller annat hj\u00e4lpmedel med d\u00e4ck, rekommenderar vi d\u00e4rf\u00f6r att ta med de reservdelar som skulle beh\u00f6vas om olyckan skulle vara framme.<\/p>\n\n\n\n<h3 class=\"wp-block-heading has-red-color has-text-color has-link-color wp-elements-cdfc4b79043db5de739f098ddbe593cb\"><strong>Biltrafik och parkering<\/strong><\/h3>\n\n\n\n<p class=\"is-style-specialtext\">Under festivalen r\u00e5der tillf\u00e4lligt parkeringsf\u00f6rbud i byn samt utefter nipan, f\u00f6r att r\u00e4ddningstj\u00e4nst och ambulans m\u00e5ste kunna ta sig fram. Det b\u00e4sta alternativet \u00e4r den stora Parkeringen vid kyrkan f\u00f6r bes\u00f6kare ca 700 meter fr\u00e5n festplatsen, mellan kyrkan och riksv\u00e4g 90, intill Sigges Familjecamping. D\u00e4r finns det gott om platser. L\u00e4s mer p\u00e5 hem sidan Hitta till N\u00e4s\u00e5ker.<\/p>\n\n\n\n<p class=\"is-style-specialtext\">Biltrafik \u00e4r inte till\u00e5ten p\u00e5 festivalomr\u00e5det eller det n\u00e4rliggande bostadsomr\u00e5det under festivalen, men vi kan i s\u00e4rskilda fall bevilja bilpass f\u00f6r att f\u00e5 k\u00f6ra upp till ing\u00e5ngen f\u00f6r avstigning och h\u00e4mtning f\u00f6r funktionshindrade personer.<\/p>\n\n\n\n<h3 class=\"wp-block-heading has-red-color has-text-color has-link-color wp-elements-cd19a010bb0b386e044fdb13cf4cab1c\"><strong>Toaletter<\/strong><\/h3>\n\n\n\n<p class=\"is-style-specialtext\">Det finns tre anpassade toaletter inne p\u00e5 festivalomr\u00e5det, tv\u00e5 n\u00e4ra entr\u00e9n och en vid Solscenen (bakom Informationsboden). Den sistn\u00e4mnda \u00e4r av baja\u00admaja-\u00adtyp. Ytterligare en anpassad toalett finns p\u00e5 Markusg\u00e5rden inne i byn.<\/p>\n\n\n\n<h3 class=\"wp-block-heading has-red-color has-text-color has-link-color wp-elements-4cf7ec3f07044b8769268b874fa7a2d8\"><strong>Ledsagare och assistenter<\/strong><\/h3>\n\n\n\n<p class=\"is-style-specialtext\">Bes\u00f6kare kan f\u00e5 fritt intr\u00e4de f\u00f6r en personlig assistent eller ledsagare om denna \u00e4r i tj\u00e4nst. Kontakta Urkultskontoret f\u00f6r mer information.<\/p>\n\n\n\n<h3 class=\"wp-block-heading has-red-color has-text-color has-link-color wp-elements-3d277185e800aa644d48f5034748fe9f\"><strong>Ledhundar<\/strong><\/h3>\n\n\n\n<p class=\"is-style-specialtext\">Hundar \u00e4r inte till\u00e5tna p\u00e5 festivalomr\u00e5det, med undantag f\u00f6r ledhundar.<\/p>\n\n\n\n<h3 class=\"wp-block-heading has-red-color has-text-color has-link-color wp-elements-7862d23324062c1940b7f2aae492c679\"><strong>Sjukv\u00e5rd<\/strong><\/h3>\n\n\n\n<p class=\"is-style-specialtext\">Sjukv\u00e5rdare finns tillg\u00e4ngliga i \u201dNavet\u201d, vid entr\u00e9n, dygnet runt torsdag, fredag och l\u00f6rdag.<\/p>\n<\/div>\n\n\n\n<div class=\"wp-block-column is-layout-flow wp-block-column-is-layout-flow\">\n<h3 class=\"wp-block-heading has-red-color has-text-color has-link-color wp-elements-831b54dc37f30049f79bd20533b90607\"><strong>Boende<\/strong><\/h3>\n\n\n\n<p class=\"is-style-specialtext\">N\u00e4s\u00e5ker \u00e4r en liten by. Under festivalen poppar det upp flera olika campingar. Se v\u00e5r sida om Camping &amp; Logi f\u00f6r mer information om boende.<\/p>\n\n\n\n<h3 class=\"wp-block-heading has-red-color has-text-color has-link-color wp-elements-39dd7349d6c2a5ee2e97d3efd40b03aa\"><strong>Information<\/strong><\/h3>\n\n\n\n<p class=\"is-style-specialtext\">P\u00e5 Markusg\u00e5rden, bakom Coop N\u00e4ra, finns kurs\u00ad och festivalkansliet d\u00e4r du bland annat kan k\u00f6pa program, boka in dig p\u00e5 kurser och f\u00e5 information om festivalomr\u00e5det, boende m.m. Markusg\u00e5rden \u00e4r tillg\u00e4nglig f\u00f6r rullstolsburna. H\u00e4r finns ocks\u00e5 en anpassad toalett. Inne p\u00e5 festplatsen finns ocks\u00e5 en informationsdisk, n\u00e4ra Solscenen.<\/p>\n\n\n\n<h3 class=\"wp-block-heading has-red-color has-text-color has-link-color wp-elements-521737183124ce3be55218d77a56b999\"><strong>Scener<\/strong><\/h3>\n\n\n\n<p class=\"is-style-specialtext\">Stora scenen ligger nere i amfiteatern, som man kommer till genom att g\u00e5 ned f\u00f6r en sl\u00e4nt via trappor eller en grusv\u00e4g. Det finns en ramp upp p\u00e5 det stora dansgolvet framf\u00f6r scenen. Rullstolsburna har \u00e4ven tillg\u00e5ng till en liten plat\u00e5 med god utsikt \u00f6ver amfiteatern och scenen. Solscenen \u00e4r en mindre scen, placerad n\u00e4ra matbodarna och informationen, ovanf\u00f6r sl\u00e4nten och amfiteatern. H\u00e4r finns inget tr\u00e4d\u00e4ck framf\u00f6r scenen, s\u00e5 marken kan bli n\u00e5got upptrampad. Det finns dock gott om sittplatser n\u00e4ra scenen. Danslogen har ramper till ing\u00e5ngarna och sittplatser l\u00e4ngs med v\u00e4ggarna. Kyrkan \u00e4r tillg\u00e4nglig f\u00f6r rullstolsburna. H\u00e4r finns \u00e4ven h\u00f6rslinga.<\/p>\n\n\n\n<h3 class=\"wp-block-heading has-red-color has-text-color has-link-color wp-elements-3e3931920e4a68ff06babad4f1727d00\"><strong>Lokaler f\u00f6r kurser och andra aktiviteter<\/strong><\/h3>\n\n\n\n<p class=\"is-style-specialtext\">Bes\u00f6karna har m\u00f6jlighet att delta i flera kurser, filmvisningar, f\u00f6rel\u00e4sningar och andra aktiviteter som \u00e4ger rum p\u00e5 olika platser. Biosalongen p\u00e5 Markusg\u00e5rden har ett sluttande golv och inga trappor, s\u00e5 det \u00e4r m\u00f6jligt att st\u00e4lla en rullstol bredvid stolsraderna. Den som \u00f6nskar detta f\u00e5r g\u00e4rna h\u00f6ra av sig till festivalkansliet p\u00e5 Markusg\u00e5rden i f\u00f6rv\u00e4g, s\u00e5 att de kan reservera en plats. Danssalen p\u00e5 Markusg\u00e5rden ligger p\u00e5 markniv\u00e5 och \u00e4r tillg\u00e4nglig f\u00f6r rullstolsburna. F\u00f6rsamlingshemmet ligger l\u00e4ngs asfalterad gata och det finns en ramp upp. Om du \u00f6nskar delta i en kurs och har s\u00e4rskilda behov, s\u00e5 uppge g\u00e4rna detta vid anm\u00e4lan f\u00f6r b\u00e4sta service.<\/p>\n\n\n\n<h3 class=\"wp-block-heading has-red-color has-text-color has-link-color wp-elements-3748fb07947b2d454a0a8891e1f9a7cc\"><strong>Feedback<\/strong><\/h3>\n\n\n\n<p class=\"is-style-specialtext\">Kontakta oss om du har n\u00e5gra fr\u00e5gor eller f\u00f6rslag p\u00e5 hur vi kan f\u00f6rb\u00e4ttra tillg\u00e4ngligheten p\u00e5 Urkult.<\/p>\n<\/div>\n<\/div>","protected":false},"excerpt":{"rendered":"<p>Trygg festival Visa dig och dina medm\u00e4nniskor att ni bryr er och tar hand om varandra! N\u00e4r m\u00e5nga samlas p\u00e5 ett och samma st\u00e4lle kan en olycka h\u00e4nda l\u00e4tt. D\u00e4rf\u00f6r ber vi \u00e4ven dig som bes\u00f6kare att vara uppm\u00e4rksam p\u00e5 om du ser eller h\u00f6r n\u00e5got som inte k\u00e4nns okej. Trygghetsjouren TELE 070\u2013770 47 31 [&hellip;]<\/p>\n","protected":false},"author":3,"featured_media":0,"parent":0,"menu_order":0,"comment_status":"closed","ping_status":"closed","template":"","meta":{"_acf_changed":false,"_kad_blocks_custom_css":"","_kad_blocks_head_custom_js":"","_kad_blocks_body_custom_js":"","_kad_blocks_footer_custom_js":"","footnotes":""},"class_list":["post-2021","page","type-page","status-publish","hentry"],"acf":[],"taxonomy_info":[],"featured_image_src_large":false,"author_info":{"display_name":"Eric","author_link":"https:\/\/urkult.se\/en\/author\/eric\/"},"comment_info":0,"_links":{"self":[{"href":"https:\/\/urkult.se\/en\/wp-json\/wp\/v2\/pages\/2021","targetHints":{"allow":["GET"]}}],"collection":[{"href":"https:\/\/urkult.se\/en\/wp-json\/wp\/v2\/pages"}],"about":[{"href":"https:\/\/urkult.se\/en\/wp-json\/wp\/v2\/types\/page"}],"author":[{"embeddable":true,"href":"https:\/\/urkult.se\/en\/wp-json\/wp\/v2\/users\/3"}],"replies":[{"embeddable":true,"href":"https:\/\/urkult.se\/en\/wp-json\/wp\/v2\/comments?post=2021"}],"version-history":[{"count":4,"href":"https:\/\/urkult.se\/en\/wp-json\/wp\/v2\/pages\/2021\/revisions"}],"predecessor-version":[{"id":2030,"href":"https:\/\/urkult.se\/en\/wp-json\/wp\/v2\/pages\/2021\/revisions\/2030"}],"wp:attachment":[{"href":"https:\/\/urkult.se\/en\/wp-json\/wp\/v2\/media?parent=2021"}],"curies":[{"name":"wp","href":"https:\/\/api.w.org\/{rel}","templated":true}]}}