{"id":2036,"date":"2026-05-06T14:50:06","date_gmt":"2026-05-06T12:50:06","guid":{"rendered":"https:\/\/urkult.se\/?page_id=2036"},"modified":"2026-05-06T14:52:23","modified_gmt":"2026-05-06T12:52:23","slug":"solidaritetstorget","status":"publish","type":"page","link":"https:\/\/urkult.se\/en\/solidaritetstorget\/","title":{"rendered":"Solidaritetstorget"},"content":{"rendered":"<div class=\"kb-row-layout-wrap kb-row-layout-id2036_fef62a-db alignfull hero-section full-screen-height wp-block-kadence-rowlayout\"><div class=\"kb-blocks-bg-video-container\"><video class=\"kb-blocks-bg-video\" id=\"bg-row-video-2036_fef62a-db\" playsinline muted loop src=\"https:\/\/urkult.se\/wp-content\/uploads\/2026\/05\/Solidaritetstorget-16x9-1.mp4\" autoplay><\/video><div class=\"kb-background-video-buttons-wrapper kb-background-video-buttons-html5\"><button class=\"kb-background-video-play kb-toggle-video-btn\" aria-label=\"Play\" aria-hidden=\"true\" style=\"display: none;\"><svg viewbox=\"0 0 448 512\" height=\"16\" width=\"16\" fill=\"currentColor\" xmlns=\"https:\/\/www.w3.org\/2000\/svg\"><path d=\"M424.4 214.7L72.4 6.6C43.8-10.3 0 6.1 0 47.9V464c0 37.5 40.7 60.1 72.4 41.3l352-208c31.4-18.5 31.5-64.1 0-82.6z\"><\/path><\/svg><\/button><button class=\"kb-background-video-pause kb-toggle-video-btn\" aria-label=\"Pause\" aria-hidden=\"false\"><svg viewbox=\"0 0 448 512\" height=\"16\" width=\"16\" fill=\"currentColor\" xmlns=\"https:\/\/www.w3.org\/2000\/svg\"><path d=\"M144 479H48c-26.5 0-48-21.5-48-48V79c0-26.5 21.5-48 48-48h96c26.5 0 48 21.5 48 48v352c0 26.5-21.5 48-48 48zm304-48V79c0-26.5-21.5-48-48-48h-96c-26.5 0-48 21.5-48 48v352c0 26.5 21.5 48 48 48h96c26.5 0 48-21.5 48-48z\"><\/path><\/svg><\/button><\/div><\/div><div class=\"kt-row-column-wrap kt-has-2-columns kt-row-layout-row kt-tab-layout-inherit kt-mobile-layout-row kt-row-valign-middle\">\n\n<div class=\"wp-block-kadence-column kadence-column2036_3cf0b6-07\"><div class=\"kt-inside-inner-col\">\n<div class=\"wp-block-kadence-image kb-imageurkult__archive-artist_d2b45d-a2 logo-fade-out\" data-aos=\"fade\" data-aos-duration=\"750\" data-aos-delay=\"1000\" data-aos-easing=\"ease-in-out-cubic\"><figure class=\"aligncenter size-full\"><img loading=\"lazy\" decoding=\"async\" width=\"512\" height=\"361\" src=\"https:\/\/iyn9gqmzpf-staging.onrocket.site\/wp-content\/uploads\/2026\/01\/urkult-logo-30-ar.png\" alt=\"\" class=\"kb-img wp-image-783\" srcset=\"https:\/\/urkult.se\/wp-content\/uploads\/2026\/01\/urkult-logo-30-ar.png 512w, https:\/\/urkult.se\/wp-content\/uploads\/2026\/01\/urkult-logo-30-ar-300x212.png 300w, https:\/\/urkult.se\/wp-content\/uploads\/2026\/01\/urkult-logo-30-ar-18x12.png 18w\" sizes=\"auto, (max-width: 512px) 100vw, 512px\" \/><\/figure><\/div>\n<\/div><\/div>\n\n\n\n<div class=\"wp-block-kadence-column kadence-columnurkult__page_42fc5b-49\"><div class=\"kt-inside-inner-col\"><h1 style=\"padding-top:0;padding-bottom:0;margin-top:0;margin-bottom:0;\" class=\"has-text-align-center is-shadow-sharp wp-block-post-title\">Solidaritetstorget<\/h1><\/div><\/div>\n\n<\/div><\/div>\n\n\n<div class=\"wp-block-columns is-layout-flex wp-container-core-columns-is-layout-28f84493 wp-block-columns-is-layout-flex\">\n<div class=\"wp-block-column is-layout-flow wp-block-column-is-layout-flow\">\n<div class=\"wp-block-columns is-layout-flex wp-container-core-columns-is-layout-28f84493 wp-block-columns-is-layout-flex\">\n<div class=\"wp-block-column is-layout-flow wp-block-column-is-layout-flow\">\n<h2 class=\"wp-block-heading\">En plats f\u00f6r stora fr\u00e5gor<\/h2>\n\n\n\n<p>Solidaritetstorget \u00e4r en m\u00f6tesplats p\u00e5 festplatsen f\u00f6r fr\u00e5gor som r\u00f6r milj\u00f6, fred och solidaritet. F\u00f6redrag, filmvinsningar och workshops hittar du i Markusg\u00e5rdens biosalong.<\/p>\n<\/div>\n\n\n\n<div class=\"wp-block-column is-layout-flow wp-block-column-is-layout-flow\">\n<figure class=\"wp-block-image size-full\"><img loading=\"lazy\" decoding=\"async\" width=\"1024\" height=\"683\" src=\"https:\/\/urkult.se\/wp-content\/uploads\/2026\/05\/solidaritetstorget-per-johan-nylund-2019.jpg\" alt=\"Solidaritetstorget p\u00e5 Urkult\" class=\"wp-image-2040\" srcset=\"https:\/\/urkult.se\/wp-content\/uploads\/2026\/05\/solidaritetstorget-per-johan-nylund-2019.jpg 1024w, https:\/\/urkult.se\/wp-content\/uploads\/2026\/05\/solidaritetstorget-per-johan-nylund-2019-300x200.jpg 300w, https:\/\/urkult.se\/wp-content\/uploads\/2026\/05\/solidaritetstorget-per-johan-nylund-2019-768x512.jpg 768w, https:\/\/urkult.se\/wp-content\/uploads\/2026\/05\/solidaritetstorget-per-johan-nylund-2019-18x12.jpg 18w\" sizes=\"auto, (max-width: 1024px) 100vw, 1024px\" \/><figcaption class=\"wp-element-caption\">Solidaritetstorget fylls med organisationer f\u00f6r fred, milj\u00f6 och bist\u00e5nd. Foto Per-Johan Nylund.<\/figcaption><\/figure>\n<\/div>\n<\/div>\n<\/div>\n<\/div>\n\n\n\n<div class=\"wp-block-columns is-layout-flex wp-container-core-columns-is-layout-28f84493 wp-block-columns-is-layout-flex\">\n<div class=\"wp-block-column is-layout-flow wp-block-column-is-layout-flow\"><\/div>\n<\/div>","protected":false},"excerpt":{"rendered":"<p>En plats f\u00f6r stora fr\u00e5gor Solidaritetstorget \u00e4r en m\u00f6tesplats p\u00e5 festplatsen f\u00f6r fr\u00e5gor som r\u00f6r milj\u00f6, fred och solidaritet. F\u00f6redrag, filmvinsningar och workshops hittar du i Markusg\u00e5rdens biosalong.<\/p>","protected":false},"author":3,"featured_media":0,"parent":0,"menu_order":0,"comment_status":"closed","ping_status":"closed","template":"","meta":{"_acf_changed":false,"_kad_blocks_custom_css":"","_kad_blocks_head_custom_js":"","_kad_blocks_body_custom_js":"","_kad_blocks_footer_custom_js":"","footnotes":""},"class_list":["post-2036","page","type-page","status-publish","hentry"],"acf":[],"taxonomy_info":[],"featured_image_src_large":false,"author_info":{"display_name":"Eric","author_link":"https:\/\/urkult.se\/en\/author\/eric\/"},"comment_info":0,"_links":{"self":[{"href":"https:\/\/urkult.se\/en\/wp-json\/wp\/v2\/pages\/2036","targetHints":{"allow":["GET"]}}],"collection":[{"href":"https:\/\/urkult.se\/en\/wp-json\/wp\/v2\/pages"}],"about":[{"href":"https:\/\/urkult.se\/en\/wp-json\/wp\/v2\/types\/page"}],"author":[{"embeddable":true,"href":"https:\/\/urkult.se\/en\/wp-json\/wp\/v2\/users\/3"}],"replies":[{"embeddable":true,"href":"https:\/\/urkult.se\/en\/wp-json\/wp\/v2\/comments?post=2036"}],"version-history":[{"count":2,"href":"https:\/\/urkult.se\/en\/wp-json\/wp\/v2\/pages\/2036\/revisions"}],"predecessor-version":[{"id":2042,"href":"https:\/\/urkult.se\/en\/wp-json\/wp\/v2\/pages\/2036\/revisions\/2042"}],"wp:attachment":[{"href":"https:\/\/urkult.se\/en\/wp-json\/wp\/v2\/media?parent=2036"}],"curies":[{"name":"wp","href":"https:\/\/api.w.org\/{rel}","templated":true}]}}