{"id":738,"date":"2026-01-15T03:30:26","date_gmt":"2026-01-15T02:30:26","guid":{"rendered":"https:\/\/iyn9gqmzpf-staging.onrocket.site\/?page_id=738"},"modified":"2026-03-11T08:29:35","modified_gmt":"2026-03-11T07:29:35","slug":"vanliga-fragor","status":"publish","type":"page","link":"https:\/\/urkult.se\/en\/vanliga-fragor\/","title":{"rendered":"Vanliga fr\u00e5gor"},"content":{"rendered":"<div class=\"kb-row-layout-wrap kb-row-layout-id738_b864ed-24 alignfull kt-row-has-bg hero-section full-screen-height wp-block-kadence-rowlayout\"><div class=\"kt-row-column-wrap kt-has-2-columns kt-row-layout-row kt-tab-layout-inherit kt-mobile-layout-row kt-row-valign-middle\">\n\n<div class=\"wp-block-kadence-column kadence-column738_657a24-43\"><div class=\"kt-inside-inner-col\">\n<div class=\"wp-block-kadence-image kb-image738_2c04fc-95 logo-fade-out\" data-aos=\"fade\" data-aos-duration=\"1000\" data-aos-easing=\"ease-in-out-cubic\"><figure class=\"aligncenter size-full\"><img loading=\"lazy\" decoding=\"async\" width=\"512\" height=\"361\" src=\"https:\/\/urkult.se\/wp-content\/uploads\/2026\/01\/urkult-logo-30-ar.png\" alt=\"\" class=\"kb-img wp-image-783\" srcset=\"https:\/\/urkult.se\/wp-content\/uploads\/2026\/01\/urkult-logo-30-ar.png 512w, https:\/\/urkult.se\/wp-content\/uploads\/2026\/01\/urkult-logo-30-ar-300x212.png 300w, https:\/\/urkult.se\/wp-content\/uploads\/2026\/01\/urkult-logo-30-ar-18x12.png 18w\" sizes=\"auto, (max-width: 512px) 100vw, 512px\" \/><\/figure><\/div>\n<\/div><\/div>\n\n\n\n<div class=\"wp-block-kadence-column kadence-column738_a684a3-4a\"><div class=\"kt-inside-inner-col\"><h2 class=\"has-text-align-center wp-block-post-title\">Vanliga fr\u00e5gor<\/h2><\/div><\/div>\n\n<\/div><\/div>\n\n\n<div class=\"wp-block-columns is-layout-flex wp-container-core-columns-is-layout-f91d23d6 wp-block-columns-is-layout-flex\" style=\"margin-bottom:var(--wp--preset--spacing--24)\">\n<div class=\"wp-block-column is-layout-flow wp-block-column-is-layout-flow\">\n<div class=\"wp-block-kadence-accordion alignnone\"><div class=\"kt-accordion-wrap kt-accordion-id738_d93912-c0 kt-accordion-has-20-panes kt-active-pane-0 kt-accordion-block kt-pane-header-alignment-center kt-accodion-icon-style-none kt-accodion-icon-side-right\" style=\"max-width:1775px\"><div class=\"kt-accordion-inner-wrap\" data-allow-multiple-open=\"true\" data-start-open=\"none\">\n<div class=\"wp-block-kadence-pane kt-accordion-pane kt-accordion-pane-1 kt-pane738_db9a63-8b\"><h3 class=\"kt-accordion-header-wrap\"><button class=\"kt-blocks-accordion-header kt-acccordion-button-label-show\" type=\"button\"><span class=\"kt-blocks-accordion-title-wrap\"><span class=\"kt-blocks-accordion-title\">Hur k\u00f6per jag biljetter?<\/span><\/span><span class=\"kt-blocks-accordion-icon-trigger\"><\/span><\/button><\/h3><div class=\"kt-accordion-panel kt-accordion-panel-hidden\"><div class=\"kt-accordion-panel-inner\">\n<p>K\u00f6p din biljett p\u00e5 Tickster via v\u00e5r sida&nbsp;<a href=\"https:\/\/urkult.se\/en\/vanliga-fragor\/(https:\/\/urkult.se\/biljetter\/\">Tickets<\/a>. Ju tidigare du k\u00f6per din biljett desto billigare blir det! Urkult har ett fast publiktak, s\u00e5 inf\u00f6rskaffa din biljett i god tid innan du kommer till N\u00e4s\u00e5ker. Eventuellt \u00f6verblivna biljetter s\u00e4ljs i entr\u00e9n. Om du har fr\u00e5gor kring ditt biljettk\u00f6p ska du kontakta Tickster support.<\/p>\n\n\n\n<p>Biljetter \u00e4r ej personliga, s\u00e5 det kvittar vilket namn som st\u00e5r p\u00e5 den \u2013 men en biljett kan f\u00f6rst\u00e5s endast l\u00f6sas in en g\u00e5ng.<\/p>\n\n\n\n<p><strong>G\u00e5r det att k\u00f6pa biljetter p\u00e5 plats i N\u00e4s\u00e5ker?<\/strong><br>Vi har ett fast tak om 6 750 st biljetter. D\u00e4rf\u00f6r ska du s\u00e4kra din biljett och campingplats innan du kommer till N\u00e4s\u00e5ker. K\u00f6p din biljett via&nbsp;<a href=\"https:\/\/secure.tickster.com\/en\/pbjjyvfj83mltr8\/products\">Ticksters hemsida<\/a>&nbsp;eller ring 0771\u201347 70 70. Eventuella restbiljetter s\u00e4ljs i biljettkuren invid entr\u00e9n till festplatsen, men r\u00e4kna inte med att det kommer finnas n\u00e5gra biljetter kvar.<\/p>\n<\/div><\/div><\/div>\n\n\n\n<div class=\"wp-block-kadence-pane kt-accordion-pane kt-accordion-pane-3 kt-pane738_095aa2-ca\"><h3 class=\"kt-accordion-header-wrap\"><button class=\"kt-blocks-accordion-header kt-acccordion-button-label-show\" type=\"button\"><span class=\"kt-blocks-accordion-title-wrap\"><span class=\"kt-blocks-accordion-title\">\u00c4r min biljett personlig?<\/span><\/span><span class=\"kt-blocks-accordion-icon-trigger\"><\/span><\/button><\/h3><div class=\"kt-accordion-panel kt-accordion-panel-hidden\"><div class=\"kt-accordion-panel-inner\">\n<p>Biljetter \u00e4r ej personliga, s\u00e5 det kvittar vilket namn som st\u00e5r p\u00e5 den \u2013 men en biljett kan f\u00f6rst\u00e5s endast l\u00f6sas in en g\u00e5ng.<\/p>\n<\/div><\/div><\/div>\n\n\n\n<div class=\"wp-block-kadence-pane kt-accordion-pane kt-accordion-pane-5 kt-pane738_f2ed36-58\"><h3 class=\"kt-accordion-header-wrap\"><button class=\"kt-blocks-accordion-header kt-acccordion-button-label-show\" type=\"button\"><span class=\"kt-blocks-accordion-title-wrap\"><span class=\"kt-blocks-accordion-title\">Vad finns det f\u00f6r rabatter?<\/span><\/span><span class=\"kt-blocks-accordion-icon-trigger\"><\/span><\/button><\/h3><div class=\"kt-accordion-panel kt-accordion-panel-hidden\"><div class=\"kt-accordion-panel-inner\">\n<p>Vi f\u00f6rs\u00f6ker ha rimliga biljettpriser f\u00f6r alla. F\u00f6r att f\u00e5 till en bra \u00e5ldersspridning p\u00e5 festivalen erbjuder vi rabatterat pris till unga mellan 15\u201317 \u00e5r samt seniorer 65+. Rabatten g\u00e4ller ej f\u00f6r sjuk- eller f\u00f6rtidspension\u00e4rer. Barn under 15 \u00e5r g\u00e5r in gratis i m\u00e5lsmans s\u00e4llskap.<\/p>\n<\/div><\/div><\/div>\n\n\n\n<div class=\"wp-block-kadence-pane kt-accordion-pane kt-accordion-pane-7 kt-pane738_0561dd-09\"><h3 class=\"kt-accordion-header-wrap\"><button class=\"kt-blocks-accordion-header kt-acccordion-button-label-show\" type=\"button\"><span class=\"kt-blocks-accordion-title-wrap\"><span class=\"kt-blocks-accordion-title\">Ing\u00e5r campingplats i festivalbiljetten?<\/span><\/span><span class=\"kt-blocks-accordion-icon-trigger\"><\/span><\/button><\/h3><div class=\"kt-accordion-panel kt-accordion-panel-hidden\"><div class=\"kt-accordion-panel-inner\">\n<p>Nej, campingplats ing\u00e5r inte i biljetten, men du m\u00e5ste ha festivalarmband f\u00f6r att bo p\u00e5 campingarna under festivalen. Det finns flera olika campingar i och omkring N\u00e4s\u00e5ker att boka in sig p\u00e5. Information om respektive boendealternativ hittar du p\u00e5 v\u00e5r sida&nbsp;<a href=\"https:\/\/urkult.se\/en\/camping-logi\/\" class=\"ek-link\">Camping &amp; Logi<\/a>. Bokningarna \u00f6ppnar vanligtvis i b\u00f6rjan p\u00e5 maj.<\/p>\n<\/div><\/div><\/div>\n\n\n\n<div class=\"wp-block-kadence-pane kt-accordion-pane kt-accordion-pane-9 kt-pane738_bc994a-22\"><h3 class=\"kt-accordion-header-wrap\"><button class=\"kt-blocks-accordion-header kt-acccordion-button-label-show\" type=\"button\"><span class=\"kt-blocks-accordion-title-wrap\"><span class=\"kt-blocks-accordion-title\">Vad g\u00e4ller kring v\u00e4skf\u00f6rbudet?<\/span><\/span><span class=\"kt-blocks-accordion-icon-trigger\"><\/span><\/button><\/h3><div class=\"kt-accordion-panel kt-accordion-panel-hidden\"><div class=\"kt-accordion-panel-inner\">\n<p>Det r\u00e5der inte l\u00e4ngre v\u00e4skf\u00f6rbud p\u00e5 st\u00f6rre evenemang i Sverige. Alla v\u00e4skor, barnvagnar, skrindor och sk\u00f6tv\u00e4skor kontrolleras dock av entr\u00e9ns personal.<\/p>\n<\/div><\/div><\/div>\n\n\n\n<div class=\"wp-block-kadence-pane kt-accordion-pane kt-accordion-pane-11 kt-pane738_d82f97-b9\"><h3 class=\"kt-accordion-header-wrap\"><button class=\"kt-blocks-accordion-header kt-acccordion-button-label-show\" type=\"button\"><span class=\"kt-blocks-accordion-title-wrap\"><span class=\"kt-blocks-accordion-title\">Kan jag betala med kontanter?<\/span><\/span><span class=\"kt-blocks-accordion-icon-trigger\"><\/span><\/button><\/h3><div class=\"kt-accordion-panel kt-accordion-panel-hidden\"><div class=\"kt-accordion-panel-inner\">\n<p>Vi har beslutat att inte ta emot kontanter p\u00e5 grund av att hanteringen av kassor och kontanter bidrar till en f\u00f6r stor arbetsbelastning.&nbsp;De st\u00e4llen som ber\u00f6rs av denna f\u00f6r\u00e4ndring d\u00e4r det endast kommer vara m\u00f6jligt att betala med bankkort \u00e4r Urkults entr\u00e9, pubar, kurskansli\/information, biljettkur vid cirkust\u00e4ltet och Urkults egna matst\u00e4llen som pannkakeriet, godisboden och frukostserveringen p\u00e5 f\u00f6rsamlingshemmet.<\/p>\n\n\n\n<p><br>M\u00e5nga marknadsst\u00e5nd och matst\u00e4llen kommer som vanligt ta emot kontanter. Bra att veta d\u00e5 \u00e4r att macken i N\u00e4s\u00e5ker har f\u00e5tt en bankomat. Nytt \u00e4r \u00e4ven att polettbodarna d\u00e4r man tidigare k\u00f6pt \u00f6l-poletter kommer vara st\u00e4ngda. Alkohol betalas ist\u00e4llet vid bardisken.<\/p>\n<\/div><\/div><\/div>\n\n\n\n<div class=\"wp-block-kadence-pane kt-accordion-pane kt-accordion-pane-13 kt-pane738_5be8e1-24\"><h3 class=\"kt-accordion-header-wrap\"><button class=\"kt-blocks-accordion-header kt-acccordion-button-label-show\" type=\"button\"><span class=\"kt-blocks-accordion-title-wrap\"><span class=\"kt-blocks-accordion-title\">Hur g\u00f6r jag som vill bo inomhus?<\/span><\/span><span class=\"kt-blocks-accordion-icon-trigger\"><\/span><\/button><\/h3><div class=\"kt-accordion-panel kt-accordion-panel-hidden\"><div class=\"kt-accordion-panel-inner\">\n<p>M\u00e5nga h\u00f6r av sig till oss ang\u00e5ende boende. Vi har tyv\u00e4rr ingen m\u00f6jlighet att boka boende \u00e5t dig. Se v\u00e5r sida&nbsp;<a href=\"https:\/\/urkult.se\/en\/camping-logi\/\">Camping &amp; Logi<\/a>. Skrolla l\u00e4ngst ner p\u00e5 sidan f\u00f6r uppdaterad information om andra s\u00e4tt att bo p\u00e5 i byn.<\/p>\n<\/div><\/div><\/div>\n\n\n\n<div class=\"wp-block-kadence-pane kt-accordion-pane kt-accordion-pane-15 kt-pane738_dbe6f7-ca\"><h3 class=\"kt-accordion-header-wrap\"><button class=\"kt-blocks-accordion-header kt-acccordion-button-label-show\" type=\"button\"><span class=\"kt-blocks-accordion-title-wrap\"><span class=\"kt-blocks-accordion-title\">Var kan jag parkera bilen?<\/span><\/span><span class=\"kt-blocks-accordion-icon-trigger\"><\/span><\/button><\/h3><div class=\"kt-accordion-panel kt-accordion-panel-hidden\"><div class=\"kt-accordion-panel-inner\">\n<p>Under festivalen r\u00e5der tillf\u00e4lligt parkeringsf\u00f6rbud i byn, samt l\u00e4ngs med Nipan. Allt f\u00f6r r\u00e4ddningstj\u00e4nstens framkomlighet. Den som bryter mot detta riskerar b\u00f6ter.<\/p>\n\n\n\n<p>Det b\u00e4sta alternativet \u00e4r att st\u00e4lla bilen p\u00e5 den stora Parkeringen mellan kyrkan och Riksv\u00e4g 90, intill Sigges Familjecamping. Se v\u00e5r sida&nbsp;<a href=\"https:\/\/urkult.se\/en\/hitta-hit\/\">Hitta till N\u00e4s\u00e5ker<\/a>&nbsp;f\u00f6r mer information.<\/p>\n\n\n\n<p>Under festivalen finns en v\u00e4gbom vid kyrkan som hindrar obeh\u00f6riga att k\u00f6ra in p\u00e5 Pr\u00e4stnipan. Boende kan innan festivalen, h\u00e4mta bilpass p\u00e5 Urkults kontor. Under sj\u00e4lva festivalen h\u00e4mtas passen p\u00e5 Markusg\u00e5rden.<\/p>\n<\/div><\/div><\/div>\n\n\n\n<div class=\"wp-block-kadence-pane kt-accordion-pane kt-accordion-pane-17 kt-pane738_36691f-a4\"><h3 class=\"kt-accordion-header-wrap\"><button class=\"kt-blocks-accordion-header kt-acccordion-button-label-show\" type=\"button\"><span class=\"kt-blocks-accordion-title-wrap\"><span class=\"kt-blocks-accordion-title\">Var kan jag ladda min elbil?<\/span><\/span><span class=\"kt-blocks-accordion-icon-trigger\"><\/span><\/button><\/h3><div class=\"kt-accordion-panel kt-accordion-panel-hidden\"><div class=\"kt-accordion-panel-inner\">\n<p>Det finns dessv\u00e4rre inga laddstolpar i N\u00e4s\u00e5ker \u00e4n.<\/p>\n<\/div><\/div><\/div>\n\n\n\n<div class=\"wp-block-kadence-pane kt-accordion-pane kt-accordion-pane-19 kt-pane738_75131f-bf\"><h3 class=\"kt-accordion-header-wrap\"><button class=\"kt-blocks-accordion-header kt-acccordion-button-label-show\" type=\"button\"><span class=\"kt-blocks-accordion-title-wrap\"><span class=\"kt-blocks-accordion-title\">Kan jag k\u00e4nna mig trygg p\u00e5 festivalen?<\/span><\/span><span class=\"kt-blocks-accordion-icon-trigger\"><\/span><\/button><\/h3><div class=\"kt-accordion-panel kt-accordion-panel-hidden\"><div class=\"kt-accordion-panel-inner\">\n<p>N\u00e4r m\u00e5nga samlas p\u00e5 ett och samma st\u00e4lle kan en olycka h\u00e4nda l\u00e4tt. Visa dig och dina medm\u00e4nniskor att du bryr dig och ta hand om varandra! Se v\u00e5r sida&nbsp;<a href=\"https:\/\/urkult.se\/en\/trygg-festival\/\">Trygg festival<\/a>&nbsp;f\u00f6r mer information.<\/p>\n<\/div><\/div><\/div>\n<\/div><\/div><\/div>\n<\/div>\n\n\n\n<div class=\"wp-block-column is-layout-flow wp-block-column-is-layout-flow\">\n<div class=\"wp-block-kadence-accordion alignnone\"><div class=\"kt-accordion-wrap kt-accordion-id738_7f0a1e-0b kt-accordion-has-20-panes kt-active-pane-0 kt-accordion-block kt-pane-header-alignment-center kt-accodion-icon-style-none kt-accodion-icon-side-right\" style=\"max-width:1775px\"><div class=\"kt-accordion-inner-wrap\" data-allow-multiple-open=\"true\" data-start-open=\"none\">\n<div class=\"wp-block-kadence-pane kt-accordion-pane kt-accordion-pane-2 kt-pane738_ca4f99-65\"><h3 class=\"kt-accordion-header-wrap\"><button class=\"kt-blocks-accordion-header kt-acccordion-button-label-show\" type=\"button\"><span class=\"kt-blocks-accordion-title-wrap\"><span class=\"kt-blocks-accordion-title\">\u00c4r det farligt att bada i \u00e4lven?<\/span><\/span><span class=\"kt-blocks-accordion-icon-trigger\"><\/span><\/button><\/h3><div class=\"kt-accordion-panel kt-accordion-panel-hidden\"><div class=\"kt-accordion-panel-inner\">\n<p>Passa p\u00e5 att ta ett dopp i den underbara \u00c5ngerman\u00e4lven, men g\u00f6r det vid badplatsen!<\/p>\n\n\n\n<p>Vattnet \u00e4r str\u00f6mt och det \u00e4r v\u00e4ldigt farligt att simma ut i \u00e4lven eller att bada i n\u00e4rheten av kraftverket. Eftersom \u00e4lvarna \u00e4r reglerade kan f\u00f6r\u00e4ndringar i vattenfl\u00f6det ske snabbt. Dammluckorna kan \u00f6ppnas n\u00e4r som helst p\u00e5 dygnet utan f\u00f6rvarning. Dagens energisystem g\u00f6r att detta sker oftare och i en helt annan omfattning \u00e4n f\u00f6rr, s\u00e5 var uppm\u00e4rksam och f\u00f6rsiktig!<\/p>\n\n\n\n<p>F\u00f6r er som brukar ta en badutflykt till n\u00e5gon av omr\u00e5dets torrf\u00e5ror, platser d\u00e4r vattnet str\u00f6mmar sakta \u00f6ver bergh\u00e4llar, s\u00e5 m\u00e5ste detta g\u00f6ras med extra stor f\u00f6rsiktighet. Dessa platser kan p\u00e5 kort tid bli en fara f\u00f6r livet.<\/p>\n\n\n\n<p>Var f\u00f6rsiktiga och ta hand om varandra!<\/p>\n<\/div><\/div><\/div>\n\n\n\n<div class=\"wp-block-kadence-pane kt-accordion-pane kt-accordion-pane-4 kt-pane738_c79bc0-ab\"><h3 class=\"kt-accordion-header-wrap\"><button class=\"kt-blocks-accordion-header kt-acccordion-button-label-show\" type=\"button\"><span class=\"kt-blocks-accordion-title-wrap\"><span class=\"kt-blocks-accordion-title\">Vad g\u00f6r jag om det regnar?<\/span><\/span><span class=\"kt-blocks-accordion-icon-trigger\"><\/span><\/button><\/h3><div class=\"kt-accordion-panel kt-accordion-panel-hidden\"><div class=\"kt-accordion-panel-inner\">\n<p>De flesta konserter h\u00e5lls utomhus s\u00e5 ta med er regnkl\u00e4der! Regnponchos s\u00e4ljs p\u00e5 Markusg\u00e5rden och i Informationsboden inne p\u00e5 festplatsen.<\/p>\n<\/div><\/div><\/div>\n\n\n\n<div class=\"wp-block-kadence-pane kt-accordion-pane kt-accordion-pane-6 kt-pane738_8fabb8-1b\"><h3 class=\"kt-accordion-header-wrap\"><button class=\"kt-blocks-accordion-header kt-acccordion-button-label-show\" type=\"button\"><span class=\"kt-blocks-accordion-title-wrap\"><span class=\"kt-blocks-accordion-title\">Ska jag ta med hunden?<\/span><\/span><span class=\"kt-blocks-accordion-icon-trigger\"><\/span><\/button><\/h3><div class=\"kt-accordion-panel kt-accordion-panel-hidden\"><div class=\"kt-accordion-panel-inner\">\n<p>Det \u00e4r f\u00f6rbjudet att ta med hundar eller andra husdjur in p\u00e5 festplatsen, med undantag f\u00f6r ledarhundar samt servicehundar i tj\u00e4nst. F\u00f6r hundens egen skull, ta inte med den till N\u00e4s\u00e5ker under festivalveckan!<\/p>\n<\/div><\/div><\/div>\n\n\n\n<div class=\"wp-block-kadence-pane kt-accordion-pane kt-accordion-pane-8 kt-pane738_79c72f-64\"><h3 class=\"kt-accordion-header-wrap\"><button class=\"kt-blocks-accordion-header kt-acccordion-button-label-show\" type=\"button\"><span class=\"kt-blocks-accordion-title-wrap\"><span class=\"kt-blocks-accordion-title\">Vad f\u00e5r jag INTE ta med in till festplatsen?<\/span><\/span><span class=\"kt-blocks-accordion-icon-trigger\"><\/span><\/button><\/h3><div class=\"kt-accordion-panel kt-accordion-panel-hidden\"><div class=\"kt-accordion-panel-inner\">\n<ul style=\"padding-left:var(--wp--preset--spacing--16)\" class=\"wp-block-list\">\n<li><strong>Alkohol<\/strong><\/li>\n\n\n\n<li><strong>All form av dryck i \u00f6ppnad f\u00f6rpackning inklusive vatten.<\/strong>&nbsp;(Vatten finns att fylla p\u00e5 gratis precis innanf\u00f6r entr\u00e9n.)<\/li>\n\n\n\n<li><strong>Alla former av brandfarlig v\u00e4tska<\/strong><\/li>\n\n\n\n<li><strong>Glasflaskor eller glasburkar. (<\/strong>Vi vill inte ha in glas p\u00e5 festivalomr\u00e5det.)<\/li>\n\n\n\n<li><strong>Vapen, yxa, knivar, verktyg, saxar<\/strong><\/li>\n\n\n\n<li><strong>Djur<\/strong><\/li>\n\n\n\n<li><strong>Cyklar, sparkcyklar, skateboards eller andra fordon<\/strong><\/li>\n\n\n\n<li><strong>Stora h\u00f6gtalare<\/strong><\/li>\n<\/ul>\n<\/div><\/div><\/div>\n\n\n\n<div class=\"wp-block-kadence-pane kt-accordion-pane kt-accordion-pane-10 kt-pane738_c24796-fb\"><h3 class=\"kt-accordion-header-wrap\"><button class=\"kt-blocks-accordion-header kt-acccordion-button-label-show\" type=\"button\"><span class=\"kt-blocks-accordion-title-wrap\"><span class=\"kt-blocks-accordion-title\">Finns det mobilt\u00e4ckning i N\u00e4s\u00e5ker?<\/span><\/span><span class=\"kt-blocks-accordion-icon-trigger\"><\/span><\/button><\/h3><div class=\"kt-accordion-panel kt-accordion-panel-hidden\"><div class=\"kt-accordion-panel-inner\">\n<p>Urkult \u00e4ger rum i det inre \u00c5ngermanland, d\u00e4r samh\u00e4llsservicen ibland l\u00e4mnar mer att \u00f6nska.<\/p>\n\n\n\n<p>Telia, Halebop och Tele2 fungerar bra i N\u00e4s\u00e5ker.<\/p>\n\n\n\n<p>Andra abonnemang kan det vara v\u00e4rre med.<\/p>\n<\/div><\/div><\/div>\n\n\n\n<div class=\"wp-block-kadence-pane kt-accordion-pane kt-accordion-pane-12 kt-pane738_e3090c-ec\"><h3 class=\"kt-accordion-header-wrap\"><button class=\"kt-blocks-accordion-header kt-acccordion-button-label-show\" type=\"button\"><span class=\"kt-blocks-accordion-title-wrap\"><span class=\"kt-blocks-accordion-title\">\u00c4r festivalen tillg\u00e4nglig?<\/span><\/span><span class=\"kt-blocks-accordion-icon-trigger\"><\/span><\/button><\/h3><div class=\"kt-accordion-panel kt-accordion-panel-hidden\"><div class=\"kt-accordion-panel-inner\">\n<p>Urkult \u00e4ger rum i ett natursk\u00f6nt omr\u00e5de, d\u00e4r tillg\u00e4ngligheten \u00e4r begr\u00e4nsad p\u00e5 sina st\u00e4llen. P\u00e5 v\u00e5r sida&nbsp;<a href=\"https:\/\/urkult.se\/en\/tillganglighet\/\">Accessibility<\/a>&nbsp;hittar du mer information.<\/p>\n<\/div><\/div><\/div>\n\n\n\n<div class=\"wp-block-kadence-pane kt-accordion-pane kt-accordion-pane-14 kt-pane738_96573c-c8\"><h3 class=\"kt-accordion-header-wrap\"><button class=\"kt-blocks-accordion-header kt-acccordion-button-label-show\" type=\"button\"><span class=\"kt-blocks-accordion-title-wrap\"><span class=\"kt-blocks-accordion-title\">Var hittar jag mina borttappade saker?<\/span><\/span><span class=\"kt-blocks-accordion-icon-trigger\"><\/span><\/button><\/h3><div class=\"kt-accordion-panel kt-accordion-panel-hidden\"><div class=\"kt-accordion-panel-inner\">\n<p>Upphittade saker l\u00e4mnas in till festivalkansliet p\u00e5 Markusg\u00e5rden, Navet intill Entr\u00e9n eller Informationsboden inne p\u00e5 festplatsen. Det som finns kvar efter helgen samlas p\u00e5 Urkults kontor. Alla v\u00e4rdesaker \u00f6verl\u00e4mnas till Polisen i Sollefte\u00e5 efter festivalen.<\/p>\n<\/div><\/div><\/div>\n\n\n\n<div class=\"wp-block-kadence-pane kt-accordion-pane kt-accordion-pane-16 kt-pane738_09523b-3f\"><h3 class=\"kt-accordion-header-wrap\"><button class=\"kt-blocks-accordion-header kt-acccordion-button-label-show\" type=\"button\"><span class=\"kt-blocks-accordion-title-wrap\"><span class=\"kt-blocks-accordion-title\">Vad har festplatsen f\u00f6r \u00f6ppettider?<\/span><\/span><span class=\"kt-blocks-accordion-icon-trigger\"><\/span><\/button><\/h3><div class=\"kt-accordion-panel kt-accordion-panel-hidden\"><div class=\"kt-accordion-panel-inner\">\n<p>Se v\u00e5r sida&nbsp;<a href=\"https:\/\/urkult.se\/en\/biljetter\/\" class=\"ek-link\">Tickets<\/a>&nbsp;f\u00f6r information om \u00f6ppettider.<\/p>\n<\/div><\/div><\/div>\n\n\n\n<div class=\"wp-block-kadence-pane kt-accordion-pane kt-accordion-pane-18 kt-pane738_a2db4e-cc\"><h3 class=\"kt-accordion-header-wrap\"><button class=\"kt-blocks-accordion-header kt-acccordion-button-label-show\" type=\"button\"><span class=\"kt-blocks-accordion-title-wrap\"><span class=\"kt-blocks-accordion-title\">Vad finns det f\u00f6r mat och dricka?<\/span><\/span><span class=\"kt-blocks-accordion-icon-trigger\"><\/span><\/button><\/h3><div class=\"kt-accordion-panel kt-accordion-panel-hidden\"><div class=\"kt-accordion-panel-inner\">\n<p>P\u00e5 festplatsen erbjuds ekologisk och n\u00e4rodlad mat. D\u00e4r serveras vegetariska och veganska r\u00e4tter s\u00e5v\u00e4l som k\u00f6ttr\u00e4tter. P\u00e5 v\u00e5r sida&nbsp;<a href=\"https:\/\/urkult.se\/en\/marknad-mat\/\">Marknad &amp; Mat<\/a>&nbsp;hittar du mer information om matutbudet p\u00e5 Urkult.<\/p>\n\n\n\n<p>Du f\u00e5r inte medf\u00f6ra n\u00e5gon dryck in p\u00e5 festplatsen. Medhavd v\u00e4tska h\u00e4lls ut innan entr\u00e9. P\u00e5 festplatsen finns ett stort sortiment med ekologiska drycker du inhandlar i n\u00e5gon av v\u00e5ra tre barer: Etnostupet, Rotv\u00e4ltan och Groop-Inn. H\u00e4r hittar ni vin i alla f\u00e4rger, mousserande, cider och \u00f6l b\u00e5de p\u00e5 fat och burk. Sj\u00e4lvklart finns det l\u00e4sk och andra alkoholfria alternativ f\u00f6r den som s\u00e5 \u00f6nskar.<\/p>\n\n\n\n<p>Vatten finns att h\u00e4mta gratis innanf\u00f6r entr\u00e9n till festplatsen och p\u00e5 Markusg\u00e5rden. Observera att glasflaskor ej \u00e4r till\u00e5tna p\u00e5 festplatsen, d\u00e5 m\u00e5nga g\u00e5r barfota under Urkult.<\/p>\n\n\n\n<p>Coop N\u00e4ra h\u00e5ller \u00f6ppet extra under hela festivalen. Macken \u201dStureplan\u201d har ett mindre utbud basvaror. Lagad mat finns hos Ingelas caf\u00e9 och p\u00e5 Flintabaren. Det finns \u00e4ven ett stort antal f\u00f6rs\u00e4ljare utanf\u00f6r festplatsen. Vi kan inte garantera att de s\u00e4ljer ekologiskt eller n\u00e4rodlat som f\u00f6rs\u00e4ljarna inne p\u00e5 festplatsen och p\u00e5 Urkults schyssta marknad g\u00f6r.<\/p>\n<\/div><\/div><\/div>\n<\/div><\/div><\/div>\n<\/div>\n<\/div>\n\n\n\n<h2 class=\"kt-adv-heading738_ffee60-6c wp-block-kadence-advancedheading\" data-kb-block=\"kb-adv-heading738_ffee60-6c\">Kontakta Urkult<\/h2>\n\n\n\n<div class=\"wp-block-columns is-layout-flex wp-container-core-columns-is-layout-b0c5a128 wp-block-columns-is-layout-flex\" style=\"padding-right:0;padding-left:0\">\n<div class=\"wp-block-column is-layout-flow wp-block-column-is-layout-flow\" style=\"padding-right:var(--wp--preset--spacing--24);padding-left:var(--wp--preset--spacing--24)\">\n<div class=\"wp-block-buttons is-layout-flex wp-block-buttons-is-layout-flex\">\n<div class=\"wp-block-button has-custom-width wp-block-button__width-100\"><a class=\"wp-block-button__link wp-element-button\" href=\"https:\/\/urkult.se\/en\/kontakt-musiktips\/\">Tipsa om en artist\/musikgrupp<\/a><\/div>\n\n\n\n<div class=\"wp-block-button has-custom-width wp-block-button__width-100\"><a class=\"wp-block-button__link wp-element-button\" href=\"https:\/\/urkult.se\/en\/kontakt-aktivitetstips\/\">F\u00f6resl\u00e5 en aktivitet\/f\u00f6rest\u00e4llning<\/a><\/div>\n\n\n\n<div class=\"wp-block-button has-custom-width wp-block-button__width-100\"><a class=\"wp-block-button__link wp-element-button\" href=\"https:\/\/urkult.se\/en\/marknad-mat\/\">S\u00e4lja mat eller produkter p\u00e5 marknaden<\/a><\/div>\n<\/div>\n<\/div>\n\n\n\n<div class=\"wp-block-column is-layout-flow wp-block-column-is-layout-flow\" style=\"padding-right:var(--wp--preset--spacing--24);padding-left:var(--wp--preset--spacing--24)\">\n<div class=\"wp-block-buttons is-layout-flex wp-block-buttons-is-layout-flex\">\n<div class=\"wp-block-button has-custom-width wp-block-button__width-100\"><a class=\"wp-block-button__link wp-element-button\" href=\"https:\/\/urkult.se\/en\/kontakt-solidaritetstorget\/\">Representera en solidaritets-organisation<\/a><\/div>\n\n\n\n<div class=\"wp-block-button has-custom-width wp-block-button__width-100\"><a class=\"wp-block-button__link wp-element-button\" href=\"https:\/\/urkult.se\/en\/kontakt-press\/\">Fr\u00e5ga om media\/pressackrediteringar<\/a><\/div>\n\n\n\n<div class=\"wp-block-button has-custom-width wp-block-button__width-100\"><a class=\"wp-block-button__link wp-element-button\" href=\"https:\/\/urkult.se\/en\/kontakta-kontoret\/\">Kontakta kontoret<\/a><\/div>\n<\/div>\n<\/div>\n<\/div>\n\n\n\n<p><\/p>","protected":false},"excerpt":{"rendered":"<p>Kontakta Urkult<\/p>","protected":false},"author":1,"featured_media":0,"parent":0,"menu_order":0,"comment_status":"closed","ping_status":"closed","template":"page-utan-hero","meta":{"_acf_changed":false,"_kad_blocks_custom_css":"","_kad_blocks_head_custom_js":"","_kad_blocks_body_custom_js":"","_kad_blocks_footer_custom_js":"","footnotes":""},"class_list":["post-738","page","type-page","status-publish","hentry"],"acf":[],"taxonomy_info":[],"featured_image_src_large":false,"author_info":{"display_name":"soulstyle","author_link":"https:\/\/urkult.se\/en\/author\/soulstyle\/"},"comment_info":0,"_links":{"self":[{"href":"https:\/\/urkult.se\/en\/wp-json\/wp\/v2\/pages\/738","targetHints":{"allow":["GET"]}}],"collection":[{"href":"https:\/\/urkult.se\/en\/wp-json\/wp\/v2\/pages"}],"about":[{"href":"https:\/\/urkult.se\/en\/wp-json\/wp\/v2\/types\/page"}],"author":[{"embeddable":true,"href":"https:\/\/urkult.se\/en\/wp-json\/wp\/v2\/users\/1"}],"replies":[{"embeddable":true,"href":"https:\/\/urkult.se\/en\/wp-json\/wp\/v2\/comments?post=738"}],"version-history":[{"count":25,"href":"https:\/\/urkult.se\/en\/wp-json\/wp\/v2\/pages\/738\/revisions"}],"predecessor-version":[{"id":1726,"href":"https:\/\/urkult.se\/en\/wp-json\/wp\/v2\/pages\/738\/revisions\/1726"}],"wp:attachment":[{"href":"https:\/\/urkult.se\/en\/wp-json\/wp\/v2\/media?parent=738"}],"curies":[{"name":"wp","href":"https:\/\/api.w.org\/{rel}","templated":true}]}}