{"id":98,"date":"2025-12-19T12:48:50","date_gmt":"2025-12-19T11:48:50","guid":{"rendered":"https:\/\/iyn9gqmzpf-staging.onrocket.site\/?page_id=98"},"modified":"2026-03-03T01:18:19","modified_gmt":"2026-03-03T00:18:19","slug":"marknad-mat","status":"publish","type":"page","link":"https:\/\/urkult.se\/en\/marknad-mat\/","title":{"rendered":"Market &amp; food"},"content":{"rendered":"<div class=\"kb-row-layout-wrap kb-row-layout-id98_34b052-82 alignfull hero-section full-screen-height wp-block-kadence-rowlayout\"><div class=\"kb-blocks-bg-video-container\"><video class=\"kb-blocks-bg-video\" id=\"bg-row-video-98_34b052-82\" playsinline muted loop src=\"https:\/\/urkult.se\/wp-content\/uploads\/2026\/01\/Marknad-Mat-16x9-1.mp4\" autoplay><\/video><div class=\"kb-background-video-buttons-wrapper kb-background-video-buttons-html5\"><button class=\"kb-background-video-play kb-toggle-video-btn\" aria-label=\"Play\" aria-hidden=\"true\" style=\"display: none;\"><svg viewbox=\"0 0 448 512\" height=\"16\" width=\"16\" fill=\"currentColor\" xmlns=\"https:\/\/www.w3.org\/2000\/svg\"><path d=\"M424.4 214.7L72.4 6.6C43.8-10.3 0 6.1 0 47.9V464c0 37.5 40.7 60.1 72.4 41.3l352-208c31.4-18.5 31.5-64.1 0-82.6z\"><\/path><\/svg><\/button><button class=\"kb-background-video-pause kb-toggle-video-btn\" aria-label=\"Pause\" aria-hidden=\"false\"><svg viewbox=\"0 0 448 512\" height=\"16\" width=\"16\" fill=\"currentColor\" xmlns=\"https:\/\/www.w3.org\/2000\/svg\"><path d=\"M144 479H48c-26.5 0-48-21.5-48-48V79c0-26.5 21.5-48 48-48h96c26.5 0 48 21.5 48 48v352c0 26.5-21.5 48-48 48zm304-48V79c0-26.5-21.5-48-48-48h-96c-26.5 0-48 21.5-48 48v352c0 26.5 21.5 48 48 48h96c26.5 0 48-21.5 48-48z\"><\/path><\/svg><\/button><\/div><\/div><div class=\"kt-row-column-wrap kt-has-2-columns kt-row-layout-row kt-tab-layout-inherit kt-mobile-layout-row kt-row-valign-middle\">\n\n<div class=\"wp-block-kadence-column kadence-column98_d91efb-c1\"><div class=\"kt-inside-inner-col\">\n<div class=\"wp-block-kadence-image kb-image98_af97a8-88 logo-fade-out\" data-aos=\"fade\" data-aos-duration=\"750\" data-aos-delay=\"1000\" data-aos-easing=\"ease-in-out-cubic\"><figure class=\"aligncenter size-full\"><img loading=\"lazy\" decoding=\"async\" width=\"512\" height=\"361\" src=\"https:\/\/urkult.se\/wp-content\/uploads\/2026\/01\/urkult-logo-30-ar.png\" alt=\"\" class=\"kb-img wp-image-783\" srcset=\"https:\/\/urkult.se\/wp-content\/uploads\/2026\/01\/urkult-logo-30-ar.png 512w, https:\/\/urkult.se\/wp-content\/uploads\/2026\/01\/urkult-logo-30-ar-300x212.png 300w, https:\/\/urkult.se\/wp-content\/uploads\/2026\/01\/urkult-logo-30-ar-18x12.png 18w\" sizes=\"auto, (max-width: 512px) 100vw, 512px\" \/><\/figure><\/div>\n<\/div><\/div>\n\n\n\n<div class=\"wp-block-kadence-column kadence-column98_f92b7c-ba\"><div class=\"kt-inside-inner-col\"><h1 class=\"has-text-align-center wp-block-post-title\">Market &amp; food<\/h1><\/div><\/div>\n\n<\/div><\/div>\n\n\n<h2 class=\"wp-block-heading has-text-align-center\">URKULTS SCHYSSTA MARKNAD<\/h2>\n\n\n\n<div class=\"wp-block-columns alignwide is-layout-flex wp-container-core-columns-is-layout-cbe57604 wp-block-columns-is-layout-flex\">\n<div class=\"wp-block-column is-layout-flow wp-block-column-is-layout-flow\">\n<h3 class=\"wp-block-heading\">Vi st\u00e4ller h\u00f6ga krav p\u00e5 v\u00e5ra marknadsutst\u00e4llare<\/h3>\n\n\n\n<p>Alla som st\u00e5r innanf\u00f6r banderollen \u201dUrkults schyssta marknad\u201d uppfyller v\u00e5ra krav s\u00e5 att du som konsument kan vara s\u00e4ker p\u00e5 att det du k\u00f6per \u00e4r schyssta produkter. Ett av Urkults m\u00e5l \u00e4r att genomf\u00f6ra festivalen i solidaritet med m\u00e4nniskor och natur, d\u00e4rf\u00f6r ska allt som s\u00e4ljs inne p\u00e5 festplatsen och p\u00e5 marknadsgatan vara ekologiskt, lokalproducerat och etiskt schysst s\u00e5 l\u00e5ngt det \u00e4r m\u00f6jligt. Vi har \u00e4ven Barnens marknad, en m\u00f6jlighet f\u00f6r barnen att vara en del av \u201dUrkults schyssta marknad\u201d. F\u00f6r oss p\u00e5 Urkult \u00e4r det viktigt att skapa en festival som ger s\u00e5 lite negativa avtryck p\u00e5 milj\u00f6n som m\u00f6jligt. Det \u00e4r en utmaning n\u00e4r det \u00e4r s\u00e5 m\u00e5nga personer p\u00e5 samma st\u00e4lle samtidigt, vi kan inte g\u00f6ra det sj\u00e4lva utan beh\u00f6ver ha er bes\u00f6kare med oss i arbetet, det \u00e4r tillsammans som vi kan g\u00f6ra det m\u00f6jligt. H\u00f6r av er till oss vid fr\u00e5gor.<\/p>\n\n\n\n<p>Vill du delta p\u00e5 marknaden? Har du schysst producerat hantverk, n\u00e4rodlade r\u00e5varor eller n\u00e5got annat sp\u00e4nnande som kan passa p\u00e5 v\u00e5r marknad?<\/p>\n\n\n\n<div class=\"wp-block-buttons is-content-justification-center is-layout-flex wp-container-core-buttons-is-layout-a89b3969 wp-block-buttons-is-layout-flex\">\n<div class=\"wp-block-button is-style-outline is-style-outline--1\"><a class=\"wp-block-button__link wp-element-button\" href=\"https:\/\/urkult.se\/en\/information-till-marknadsforsaljare\/\">Information f\u00f6r marknadsf\u00f6rs\u00e4ljare<\/a><\/div>\n<\/div>\n<\/div>\n\n\n\n<div class=\"wp-block-column is-vertically-aligned-center is-layout-flow wp-block-column-is-layout-flow\">\n<figure class=\"wp-block-image size-full\"><img loading=\"lazy\" decoding=\"async\" width=\"1380\" height=\"920\" src=\"https:\/\/urkult.se\/wp-content\/uploads\/2026\/01\/Dromsk-foto-Robin-Sparf.jpg\" alt=\"Hemlagat godis och konsthantverk p\u00e5 festivalen Urkult.\" class=\"wp-image-1265\" srcset=\"https:\/\/urkult.se\/wp-content\/uploads\/2026\/01\/Dromsk-foto-Robin-Sparf.jpg 1380w, https:\/\/urkult.se\/wp-content\/uploads\/2026\/01\/Dromsk-foto-Robin-Sparf-300x200.jpg 300w, https:\/\/urkult.se\/wp-content\/uploads\/2026\/01\/Dromsk-foto-Robin-Sparf-1024x683.jpg 1024w, https:\/\/urkult.se\/wp-content\/uploads\/2026\/01\/Dromsk-foto-Robin-Sparf-768x512.jpg 768w, https:\/\/urkult.se\/wp-content\/uploads\/2026\/01\/Dromsk-foto-Robin-Sparf-18x12.jpg 18w\" sizes=\"auto, (max-width: 1380px) 100vw, 1380px\" \/><figcaption class=\"wp-element-caption\">Hemlagat godis och konsthantverk. Foto Robin Sparf.<\/figcaption><\/figure>\n<\/div>\n<\/div>\n\n\n\n<div class=\"wp-block-cover\" style=\"margin-bottom:var(--wp--preset--spacing--50);min-height:80vh;aspect-ratio:unset;\"><img loading=\"lazy\" decoding=\"async\" width=\"1024\" height=\"683\" class=\"wp-block-cover__image-background wp-image-1273 size-large\" alt=\"Grist\u00e4ltet inne p\u00e5 N\u00e4s\u00e5kers festplats\" src=\"https:\/\/urkult.se\/wp-content\/uploads\/2026\/01\/Gristaltet-foto-Per-Johan-Nylund-1024x683.jpg\" data-object-fit=\"cover\" srcset=\"https:\/\/urkult.se\/wp-content\/uploads\/2026\/01\/Gristaltet-foto-Per-Johan-Nylund-1024x683.jpg 1024w, https:\/\/urkult.se\/wp-content\/uploads\/2026\/01\/Gristaltet-foto-Per-Johan-Nylund-300x200.jpg 300w, https:\/\/urkult.se\/wp-content\/uploads\/2026\/01\/Gristaltet-foto-Per-Johan-Nylund-768x512.jpg 768w, https:\/\/urkult.se\/wp-content\/uploads\/2026\/01\/Gristaltet-foto-Per-Johan-Nylund-18x12.jpg 18w, https:\/\/urkult.se\/wp-content\/uploads\/2026\/01\/Gristaltet-foto-Per-Johan-Nylund.jpg 1380w\" sizes=\"auto, (max-width: 1024px) 100vw, 1024px\" \/><span aria-hidden=\"true\" class=\"wp-block-cover__background has-background-dim-0 has-background-dim\"><\/span><div class=\"wp-block-cover__inner-container has-global-padding is-layout-constrained wp-block-cover-is-layout-constrained\">\n<p class=\"has-text-align-center has-large-font-size\"><\/p>\n<\/div><div class=\"urkult-cover-credit-overlay\"><span class=\"urkult-cover-caption\">Grist\u00e4ltet.<\/span> <span class=\"urkult-cover-credit\">Foto Per-Johan Nylund.<\/span><\/div><\/div>\n\n\n\n<h2 class=\"wp-block-heading has-text-align-center\">MAT &amp; DRYCK<\/h2>\n\n\n\n<div class=\"wp-block-columns alignwide is-layout-flex wp-container-core-columns-is-layout-f6ee69ff wp-block-columns-is-layout-flex\" style=\"margin-bottom:var(--wp--preset--spacing--50)\">\n<div class=\"wp-block-column is-layout-flow wp-block-column-is-layout-flow\">\n<h3 class=\"wp-block-heading\">Allt \u00e4r ekologiskt inne p\u00e5 omr\u00e5det<\/h3>\n\n\n\n<p>Bra r\u00e5varor ger god mat. Av de matf\u00f6rs\u00e4ljare som finns inne p\u00e5 festplatsen och p\u00e5 Urkults schyssta marknad kr\u00e4ver vi att deras r\u00e5varor \u00e4r ekologiska. Vi hj\u00e4lper till att f\u00f6rmedla kontakt med lokala producenter f\u00f6r att \u00f6ka andelen lokalproducerad mat.<\/p>\n\n\n\n<p>Ekologisk mat framst\u00e4lls utan bek\u00e4mpningsmedel vilket h\u00e5ller vatten och mark renare. Att fr\u00e4mja lokalt producerad mat ger f\u00e4rre och kortare transporter och fr\u00e4mjar en levande landsbygd i Norrland. Vi har en ambition och vilja att ha s\u00e5 m\u00e5nga f\u00f6reningar som m\u00f6jligt som matf\u00f6rs\u00e4ljare.<\/p>\n\n\n\n<figure class=\"wp-block-image size-full\"><img loading=\"lazy\" decoding=\"async\" width=\"1024\" height=\"683\" src=\"https:\/\/urkult.se\/wp-content\/uploads\/2025\/12\/mat-kottbullar-felicia-jiborn-2019-optimized.jpeg\" alt=\"Skogsn\u00e4s s\u00e4ljer hemlagade k\u00f6ttbullar med mos. Allt \u00e4r ekologiskt.\" class=\"wp-image-137\" srcset=\"https:\/\/urkult.se\/wp-content\/uploads\/2025\/12\/mat-kottbullar-felicia-jiborn-2019-optimized.jpeg 1024w, https:\/\/urkult.se\/wp-content\/uploads\/2025\/12\/mat-kottbullar-felicia-jiborn-2019-optimized-300x200.jpeg 300w, https:\/\/urkult.se\/wp-content\/uploads\/2025\/12\/mat-kottbullar-felicia-jiborn-2019-optimized-768x512.jpeg 768w\" sizes=\"auto, (max-width: 1024px) 100vw, 1024px\" \/><figcaption class=\"wp-element-caption\">Skogsn\u00e4s s\u00e4ljer hemlagade k\u00f6ttbullar med mos. Allt \u00e4r ekologiskt. Foto Felicia Jiborn.<\/figcaption><\/figure>\n<\/div>\n\n\n\n<div class=\"wp-block-column is-layout-flow wp-block-column-is-layout-flow\">\n<h3 class=\"wp-block-heading\">Pannkakeriet<\/h3>\n\n\n\n<p>Urkult sj\u00e4lva s\u00e4ljer pannkakor p\u00e5 omr\u00e5det vilket vi gjort sedan 2003. Det \u00e4r en tanke att ha n\u00e5got enkelt och igenk\u00e4nnande f\u00f6r alla de barn som finns p\u00e5 festivalen.<\/p>\n\n\n\n<h3 class=\"wp-block-heading\">Frukosten<\/h3>\n\n\n\n<p>Urkult serverar frukost p\u00e5 F\u00f6rsamlingshemmet torsdag till s\u00f6ndag kl 8\u201312. Frukostbuff\u00e9n \u00e4r helt vegetarisk, mycket \u00e4r \u00e4ven veganskt. \u00c4ven glutenfritt finns och frukosten \u00e4r fri fr\u00e5n sesamfr\u00f6. V\u00e4lkomna!<\/p>\n\n\n\n<h3 class=\"wp-block-heading\">Barerna<\/h3>\n\n\n\n<p>P\u00e5 festplatsen finns ett stort sortiment med ekologiska drycker du inhandlar i n\u00e5gon av v\u00e5ra tre barer: Etnostupet, Rotv\u00e4ltan och Groop-Inn. H\u00e4r hittar ni vin i alla f\u00e4rger, mousserande, cider och \u00f6l b\u00e5de p\u00e5 fat och burk. Sj\u00e4lvklart finns det l\u00e4sk och andra alkoholfria alternativ f\u00f6r den som s\u00e5 \u00f6nskar.<\/p>\n\n\n\n<h3 class=\"wp-block-heading\">Info till matf\u00f6rs\u00e4ljare inne p\u00e5 festplatsen<\/h3>\n\n\n\n<p>Urkult st\u00e4ller h\u00f6ga krav p\u00e5 den mat som s\u00e4ljs inne p\u00e5 omr\u00e5det. R\u00e5varor ska vara ekologiska, g\u00e4rna n\u00e4rproducerade \u2013 vi hj\u00e4lper g\u00e4rna till att f\u00f6rmedla kontakt med lokala producenter.<\/p>\n\n\n\n<div class=\"wp-block-buttons is-content-justification-center is-layout-flex wp-container-core-buttons-is-layout-a89b3969 wp-block-buttons-is-layout-flex\">\n<div class=\"wp-block-button\"><a class=\"wp-block-button__link wp-element-button\">Intresseanm\u00e4lan inf\u00f6r 2026 \u00e4r st\u00e4ngd<\/a><\/div>\n<\/div>\n\n\n\n<p><br><br><br><\/p>\n\n\n\n<p><br><\/p>\n<\/div>\n<\/div>","protected":false},"excerpt":{"rendered":"<p>URKULTS SCHYSSTA MARKNAD Vi st\u00e4ller h\u00f6ga krav p\u00e5 v\u00e5ra marknadsutst\u00e4llare Alla som st\u00e5r innanf\u00f6r banderollen \u201dUrkults schyssta marknad\u201d uppfyller v\u00e5ra krav s\u00e5 att du som konsument kan vara s\u00e4ker p\u00e5 att det du k\u00f6per \u00e4r schyssta produkter. Ett av Urkults m\u00e5l \u00e4r att genomf\u00f6ra festivalen i solidaritet med m\u00e4nniskor och natur, d\u00e4rf\u00f6r ska allt som [&hellip;]<\/p>\n","protected":false},"author":1,"featured_media":0,"parent":0,"menu_order":0,"comment_status":"closed","ping_status":"closed","template":"","meta":{"_acf_changed":false,"_kad_blocks_custom_css":"","_kad_blocks_head_custom_js":"","_kad_blocks_body_custom_js":"","_kad_blocks_footer_custom_js":"","footnotes":""},"class_list":["post-98","page","type-page","status-publish","hentry"],"acf":[],"taxonomy_info":[],"featured_image_src_large":false,"author_info":{"display_name":"soulstyle","author_link":"https:\/\/urkult.se\/en\/author\/soulstyle\/"},"comment_info":0,"_links":{"self":[{"href":"https:\/\/urkult.se\/en\/wp-json\/wp\/v2\/pages\/98","targetHints":{"allow":["GET"]}}],"collection":[{"href":"https:\/\/urkult.se\/en\/wp-json\/wp\/v2\/pages"}],"about":[{"href":"https:\/\/urkult.se\/en\/wp-json\/wp\/v2\/types\/page"}],"author":[{"embeddable":true,"href":"https:\/\/urkult.se\/en\/wp-json\/wp\/v2\/users\/1"}],"replies":[{"embeddable":true,"href":"https:\/\/urkult.se\/en\/wp-json\/wp\/v2\/comments?post=98"}],"version-history":[{"count":51,"href":"https:\/\/urkult.se\/en\/wp-json\/wp\/v2\/pages\/98\/revisions"}],"predecessor-version":[{"id":1669,"href":"https:\/\/urkult.se\/en\/wp-json\/wp\/v2\/pages\/98\/revisions\/1669"}],"wp:attachment":[{"href":"https:\/\/urkult.se\/en\/wp-json\/wp\/v2\/media?parent=98"}],"curies":[{"name":"wp","href":"https:\/\/api.w.org\/{rel}","templated":true}]}}